{"id":720,"date":"2025-09-25T05:08:17","date_gmt":"2025-09-25T05:08:17","guid":{"rendered":"https:\/\/2b-kind.org\/?page_id=720"},"modified":"2025-12-31T00:03:31","modified_gmt":"2025-12-31T00:03:31","slug":"support-for-kirkhbulag-village-secondary-school-in-sheki","status":"publish","type":"page","link":"https:\/\/2b-kind.org\/az\/projects\/support-for-kirkhbulag-village-secondary-school-in-sheki\/","title":{"rendered":"\u015e\u0259ki rayonu Q\u0131rxbulaq k\u0259nd \u00fcmumi orta m\u0259kt\u0259bi \u00fc\u00e7\u00fcn l\u0259vazimatlar"},"content":{"rendered":"<p>2B-Kind xeyriyy\u0259 c\u0259miyy\u0259ti sentyabr\u0131n \u0259vv\u0259li yeni d\u0259rs ili \u00fc\u00e7\u00fcn \u015e\u0259ki rayonu Q\u0131rxbulaq k\u0259nd \u00fcmumi orta m\u0259kt\u0259bin\u0259 az t\u0259minatl\u0131 ail\u0259l\u0259rd\u0259n olan u\u015faqlar\u0131 m\u0259kt\u0259b l\u0259vazimatlar\u0131 il\u0259 t\u0259min etmi\u015fdir. 2B-Kind m\u0259kt\u0259bin direktoru ve m\u00fc\u0259llim hey\u0259ti il\u0259 yax\u0131ndan \u0259m\u0259kda\u015fl\u0131q ed\u0259r\u0259k m\u0259kt\u0259b\u0259 3200 AZN d\u0259y\u0259rind\u0259 a\u015fa\u011f\u0131dak\u0131 l\u0259vazimatlar\u0131 \u00e7atd\u0131r\u0131b: m\u0259kt\u0259bli formas\u0131, ayaqqab\u0131, \u00e7anta, jaket v\u0259 test kitablar\u0131. H\u0259min m\u0259bl\u0259\u011fd\u0259n bir ne\u00e7\u0259 u\u015fa\u011fa q\u0131\u015f ayyaqqab\u0131s\u0131 v\u0259 kurtka almaq \u00fc\u00e7\u00fcn 382 AZN ayr\u0131lm\u0131\u015fd\u0131r. \u00dcmumilikd\u0259 26 \u015fagird m\u0259kt\u0259b l\u0259vazimatlar\u0131 v\u0259 b\u00fct\u00fcn sinifin istifad\u0259 ed\u0259c\u0259yi test kitablar\u0131 il\u0259 t\u0259min olunub.<\/p>\n<p>Biz\u0259 bu layih\u0259ni h\u0259yata ke\u00e7irm\u0259kd\u0259 yax\u0131ndan k\u00f6m\u0259k etdiyin\u0259 g\u00f6r\u0259 m\u0259kt\u0259bin direktoru \u0130smay\u0131lov Araz, m\u00fc\u0259llim hey\u0259tind\u0259n Ha\u015fimov T\u0259mraz, Babayeva G\u00fclnar, Qarayeva S\u0259ad\u0259t, Ramazanova Aynur, Abdurrahmanova Ayg\u00fcn, \u0130slamova \u00c7inar\u0259y\u0259 v\u0259 Q\u0131rxbulaq k\u0259ndinin tibbi m\u0259nt\u0259q\u0259 m\u00fcdiri, \u00dclviyy\u0259 M\u0259mm\u0259dovaya d\u0259rin minn\u0259tdarl\u0131\u011f\u0131m\u0131z\u0131 bildiririk. M\u0259kt\u0259bli formas\u0131, ayyaqqab\u0131 v\u0259 \u00e7antalar\u0131 alark\u0259n Yenilik ma\u011fazas\u0131 \u00fcmumi m\u0259bl\u0259\u011f\u0259 5%, R\u0259hl\u0259 kitab ma\u011fazas\u0131 is\u0259 test kitablar\u0131n\u0131n \u00fcmumi m\u0259bl\u0259\u011fin\u0259 15% endirim edib. H\u0259r iki ma\u011fazan\u0131n r\u0259hb\u0259rliyin\u0259 t\u0259\u015f\u0259kk\u00fcr edirik.<\/p>\n<p>\u201c2B-Kind\u201d (ingilisc\u0259d\u0259n t\u0259rc\u00fcm\u0259d\u0259 n\u0259zak\u0259tli, almancadan t\u0259rc\u00fcm\u0259d\u0259 u\u015faq olmaq anlam\u0131nda) az t\u0259minatl\u0131 ail\u0259l\u0259rd\u0259n olan u\u015faqlara t\u0259hsili \u0259l\u00e7atan etm\u0259k m\u0259qs\u0259di il\u0259 Az\u0259rbaycandan k\u0259narda, \u0259sas\u0259n Almaniyada ya\u015fayan k\u00f6n\u00fcll\u00fc dostlar\u0131m\u0131z\u0131n qurdu\u011fu bir xeyriyy\u0259 c\u0259miyy\u0259tidir. M\u0259qs\u0259dimiz yoxsulluq s\u0259b\u0259bind\u0259n t\u0259hsild\u0259n k\u0259nar qalan u\u015faqlara davaml\u0131 \u015f\u0259kild\u0259 h\u0259m maddi, h\u0259m d\u0259 m\u0259n\u0259vi yard\u0131m g\u00f6st\u0259rm\u0259kdir. \u00d6lk\u0259mizd\u0259 v\u0259 d\u00fcnyada ya\u015fanan bir \u00e7ox probleml\u0259rin t\u0259m\u0259lind\u0259 yet\u0259rsiz t\u0259hsilin dayand\u0131\u011f\u0131 m\u0259lumdur. Yet\u0259rsiz t\u0259hsil is\u0259 bir \u00e7ox hallarda yoxsulluqla \u0259laq\u0259lidir. U\u015faqlar\u0131n t\u0259hsili daha i\u015f\u0131ql\u0131 Az\u0259rbaycand\u0131r. Siz d\u0259 u\u015faqlara sevinc b\u0259x\u015f etm\u0259k v\u0259 daha i\u015f\u0131ql\u0131 Az\u0259rbaycan \u00fc\u00e7\u00fcn t\u00f6hfv\u0259 verm\u0259k ist\u0259yirsizs\u0259, ian\u0259 etm\u0259kl\u0259 biz\u0259 d\u0259st\u0259k ola bil\u0259rsiniz!<\/p>\n<p>&nbsp;<\/p>\n<p>Sizin 2B-Kind ail\u0259si<\/p>\n<p><strong>\u018flaq\u0259:<\/strong> <a href=\"mailto:2b.kind.2022@gmail.com\">2b.kind.2022@gmail.com<\/a><\/p>\n<p><strong>Ian\u0259 et:<\/strong> <a href=\"https:\/\/2b-kind.org\/az\/donate\/\">\u0130an\u0259 et &#8211; 2B Kind<\/a><\/p>\n<p>Bu link\u0259 daxil olaraq d\u00fcnyan\u0131n ist\u0259nil\u0259n yerind\u0259n rahatl\u0131qla ian\u0259 ed\u0259 bil\u0259rsiniz.<\/p>\n<p>ngg_shortcode_1_placeholder<\/p>","protected":false},"excerpt":{"rendered":"<p>2B-Kind xeyriyy\u0259 c\u0259miyy\u0259ti sentyabr\u0131n \u0259vv\u0259li yeni d\u0259rs ili \u00fc\u00e7\u00fcn \u015e\u0259ki rayonu Q\u0131rxbulaq k\u0259nd \u00fcmumi orta m\u0259kt\u0259bin\u0259 az t\u0259minatl\u0131 ail\u0259l\u0259rd\u0259n olan u\u015faqlar\u0131 m\u0259kt\u0259b l\u0259vazimatlar\u0131 il\u0259 t\u0259min etmi\u015fdir. 2B-Kind m\u0259kt\u0259bin direktoru ve m\u00fc\u0259llim hey\u0259ti il\u0259 yax\u0131ndan \u0259m\u0259kda\u015fl\u0131q ed\u0259r\u0259k m\u0259kt\u0259b\u0259 3200 AZN d\u0259y\u0259rind\u0259 a\u015fa\u011f\u0131dak\u0131 l\u0259vazimatlar\u0131 \u00e7atd\u0131r\u0131b: m\u0259kt\u0259bli formas\u0131, ayaqqab\u0131, \u00e7anta, jaket v\u0259 test kitablar\u0131. H\u0259min m\u0259bl\u0259\u011fd\u0259n bir ne\u00e7\u0259 [&hellip;]<\/p>\n","protected":false},"author":1,"featured_media":694,"parent":149,"menu_order":0,"comment_status":"closed","ping_status":"closed","template":"page-project.php","meta":{"_acf_changed":false,"give_campaign_id":0,"inline_featured_image":false,"ngg_post_thumbnail":0,"footnotes":""},"class_list":["post-720","page","type-page","status-publish","has-post-thumbnail","hentry"],"acf":[],"yoast_head":"<!-- This site is optimized with the Yoast SEO plugin v27.5 - https:\/\/yoast.com\/product\/yoast-seo-wordpress\/ -->\n<title>\u015e\u0259ki rayonu Q\u0131rxbulaq k\u0259nd \u00fcmumi orta m\u0259kt\u0259bi \u00fc\u00e7\u00fcn l\u0259vazimatlar - 2B Kind<\/title>\n<meta name=\"robots\" content=\"index, follow, max-snippet:-1, max-image-preview:large, max-video-preview:-1\" \/>\n<link rel=\"canonical\" href=\"https:\/\/2b-kind.org\/az\/projects\/support-for-kirkhbulag-village-secondary-school-in-sheki\/\" \/>\n<meta property=\"og:locale\" content=\"az_AZ\" \/>\n<meta property=\"og:type\" content=\"article\" \/>\n<meta property=\"og:title\" content=\"\u015e\u0259ki rayonu Q\u0131rxbulaq k\u0259nd \u00fcmumi orta m\u0259kt\u0259bi \u00fc\u00e7\u00fcn l\u0259vazimatlar - 2B Kind\" \/>\n<meta property=\"og:description\" content=\"2B-Kind xeyriyy\u0259 c\u0259miyy\u0259ti sentyabr\u0131n \u0259vv\u0259li yeni d\u0259rs ili \u00fc\u00e7\u00fcn \u015e\u0259ki rayonu Q\u0131rxbulaq k\u0259nd \u00fcmumi orta m\u0259kt\u0259bin\u0259 az t\u0259minatl\u0131 ail\u0259l\u0259rd\u0259n olan u\u015faqlar\u0131 m\u0259kt\u0259b l\u0259vazimatlar\u0131 il\u0259 t\u0259min etmi\u015fdir. 2B-Kind m\u0259kt\u0259bin direktoru ve m\u00fc\u0259llim hey\u0259ti il\u0259 yax\u0131ndan \u0259m\u0259kda\u015fl\u0131q ed\u0259r\u0259k m\u0259kt\u0259b\u0259 3200 AZN d\u0259y\u0259rind\u0259 a\u015fa\u011f\u0131dak\u0131 l\u0259vazimatlar\u0131 \u00e7atd\u0131r\u0131b: m\u0259kt\u0259bli formas\u0131, ayaqqab\u0131, \u00e7anta, jaket v\u0259 test kitablar\u0131. H\u0259min m\u0259bl\u0259\u011fd\u0259n bir ne\u00e7\u0259 [&hellip;]\" \/>\n<meta property=\"og:url\" content=\"https:\/\/2b-kind.org\/az\/projects\/support-for-kirkhbulag-village-secondary-school-in-sheki\/\" \/>\n<meta property=\"og:site_name\" content=\"2B Kind\" \/>\n<meta property=\"article:modified_time\" content=\"2025-12-31T00:03:31+00:00\" \/>\n<meta property=\"og:image\" content=\"https:\/\/2b-kind.org\/wp-content\/uploads\/2025\/12\/3-3.jpeg\" \/>\n\t<meta property=\"og:image:width\" content=\"1280\" \/>\n\t<meta property=\"og:image:height\" content=\"720\" \/>\n\t<meta property=\"og:image:type\" content=\"image\/jpeg\" \/>\n<meta name=\"twitter:card\" content=\"summary_large_image\" \/>\n<meta name=\"twitter:label1\" content=\"Est. reading time\" \/>\n\t<meta name=\"twitter:data1\" content=\"2 minutes\" \/>\n<script type=\"application\/ld+json\" class=\"yoast-schema-graph\">{\"@context\":\"https:\\\/\\\/schema.org\",\"@graph\":[{\"@type\":\"WebPage\",\"@id\":\"https:\\\/\\\/2b-kind.org\\\/az\\\/projects\\\/support-for-kirkhbulag-village-secondary-school-in-sheki\\\/\",\"url\":\"https:\\\/\\\/2b-kind.org\\\/az\\\/projects\\\/support-for-kirkhbulag-village-secondary-school-in-sheki\\\/\",\"name\":\"\u015e\u0259ki rayonu Q\u0131rxbulaq k\u0259nd \u00fcmumi orta m\u0259kt\u0259bi \u00fc\u00e7\u00fcn l\u0259vazimatlar - 2B Kind\",\"isPartOf\":{\"@id\":\"https:\\\/\\\/2b-kind.org\\\/az\\\/#website\"},\"primaryImageOfPage\":{\"@id\":\"https:\\\/\\\/2b-kind.org\\\/az\\\/projects\\\/support-for-kirkhbulag-village-secondary-school-in-sheki\\\/#primaryimage\"},\"image\":{\"@id\":\"https:\\\/\\\/2b-kind.org\\\/projects\\\/support-for-kirkhbulag-village-secondary-school-in-sheki\\\/#primaryimage\"},\"thumbnailUrl\":\"https:\\\/\\\/2b-kind.org\\\/wp-content\\\/uploads\\\/2025\\\/12\\\/3-3.jpeg\",\"datePublished\":\"2025-09-25T05:08:17+00:00\",\"dateModified\":\"2025-12-31T00:03:31+00:00\",\"breadcrumb\":{\"@id\":\"https:\\\/\\\/2b-kind.org\\\/az\\\/projects\\\/support-for-kirkhbulag-village-secondary-school-in-sheki\\\/#breadcrumb\"},\"inLanguage\":\"az-AZ\",\"potentialAction\":[{\"@type\":\"ReadAction\",\"target\":[[\"https:\\\/\\\/2b-kind.org\\\/az\\\/projects\\\/support-for-kirkhbulag-village-secondary-school-in-sheki\\\/\"]]}]},{\"@type\":\"ImageObject\",\"inLanguage\":\"az-AZ\",\"@id\":\"https:\\\/\\\/2b-kind.org\\\/az\\\/projects\\\/support-for-kirkhbulag-village-secondary-school-in-sheki\\\/#primaryimage\",\"url\":\"https:\\\/\\\/2b-kind.org\\\/wp-content\\\/uploads\\\/2025\\\/12\\\/3-3.jpeg\",\"contentUrl\":\"https:\\\/\\\/2b-kind.org\\\/wp-content\\\/uploads\\\/2025\\\/12\\\/3-3.jpeg\",\"width\":1280,\"height\":720},{\"@type\":\"BreadcrumbList\",\"@id\":\"https:\\\/\\\/2b-kind.org\\\/az\\\/projects\\\/support-for-kirkhbulag-village-secondary-school-in-sheki\\\/#breadcrumb\",\"itemListElement\":[{\"@type\":\"ListItem\",\"position\":1,\"name\":\"Projects\",\"item\":\"https:\\\/\\\/2b-kind.org\\\/az\\\/projects\\\/\"},{\"@type\":\"ListItem\",\"position\":2,\"name\":\"School supplies for Kirkhbulag Village Secondary School in Sheki\"}]},{\"@type\":\"WebSite\",\"@id\":\"https:\\\/\\\/2b-kind.org\\\/az\\\/#website\",\"url\":\"https:\\\/\\\/2b-kind.org\\\/az\\\/\",\"name\":\"2B Kind\",\"description\":\"\",\"publisher\":{\"@id\":\"https:\\\/\\\/2b-kind.org\\\/az\\\/#organization\"},\"potentialAction\":[{\"@type\":\"SearchAction\",\"target\":{\"@type\":\"EntryPoint\",\"urlTemplate\":\"https:\\\/\\\/2b-kind.org\\\/az\\\/?s={search_term_string}\"},\"query-input\":{\"@type\":\"PropertyValueSpecification\",\"valueRequired\":true,\"valueName\":\"search_term_string\"}}],\"inLanguage\":\"az-AZ\"},{\"@type\":\"Organization\",\"@id\":\"https:\\\/\\\/2b-kind.org\\\/az\\\/#organization\",\"name\":\"2B Kind\",\"url\":\"https:\\\/\\\/2b-kind.org\\\/az\\\/\",\"logo\":{\"@type\":\"ImageObject\",\"inLanguage\":\"az-AZ\",\"@id\":\"https:\\\/\\\/2b-kind.org\\\/az\\\/#\\\/schema\\\/logo\\\/image\\\/\",\"url\":\"https:\\\/\\\/2b-kind.org\\\/wp-content\\\/uploads\\\/2022\\\/10\\\/logo-v2.svg\",\"contentUrl\":\"https:\\\/\\\/2b-kind.org\\\/wp-content\\\/uploads\\\/2022\\\/10\\\/logo-v2.svg\",\"width\":80,\"height\":75,\"caption\":\"2B Kind\"},\"image\":{\"@id\":\"https:\\\/\\\/2b-kind.org\\\/az\\\/#\\\/schema\\\/logo\\\/image\\\/\"}}]}<\/script>\n<!-- \/ Yoast SEO plugin. -->","yoast_head_json":{"title":"\u015e\u0259ki rayonu Q\u0131rxbulaq k\u0259nd \u00fcmumi orta m\u0259kt\u0259bi \u00fc\u00e7\u00fcn l\u0259vazimatlar - 2B Kind","robots":{"index":"index","follow":"follow","max-snippet":"max-snippet:-1","max-image-preview":"max-image-preview:large","max-video-preview":"max-video-preview:-1"},"canonical":"https:\/\/2b-kind.org\/az\/projects\/support-for-kirkhbulag-village-secondary-school-in-sheki\/","og_locale":"az_AZ","og_type":"article","og_title":"\u015e\u0259ki rayonu Q\u0131rxbulaq k\u0259nd \u00fcmumi orta m\u0259kt\u0259bi \u00fc\u00e7\u00fcn l\u0259vazimatlar - 2B Kind","og_description":"2B-Kind xeyriyy\u0259 c\u0259miyy\u0259ti sentyabr\u0131n \u0259vv\u0259li yeni d\u0259rs ili \u00fc\u00e7\u00fcn \u015e\u0259ki rayonu Q\u0131rxbulaq k\u0259nd \u00fcmumi orta m\u0259kt\u0259bin\u0259 az t\u0259minatl\u0131 ail\u0259l\u0259rd\u0259n olan u\u015faqlar\u0131 m\u0259kt\u0259b l\u0259vazimatlar\u0131 il\u0259 t\u0259min etmi\u015fdir. 2B-Kind m\u0259kt\u0259bin direktoru ve m\u00fc\u0259llim hey\u0259ti il\u0259 yax\u0131ndan \u0259m\u0259kda\u015fl\u0131q ed\u0259r\u0259k m\u0259kt\u0259b\u0259 3200 AZN d\u0259y\u0259rind\u0259 a\u015fa\u011f\u0131dak\u0131 l\u0259vazimatlar\u0131 \u00e7atd\u0131r\u0131b: m\u0259kt\u0259bli formas\u0131, ayaqqab\u0131, \u00e7anta, jaket v\u0259 test kitablar\u0131. H\u0259min m\u0259bl\u0259\u011fd\u0259n bir ne\u00e7\u0259 [&hellip;]","og_url":"https:\/\/2b-kind.org\/az\/projects\/support-for-kirkhbulag-village-secondary-school-in-sheki\/","og_site_name":"2B Kind","article_modified_time":"2025-12-31T00:03:31+00:00","og_image":[{"width":1280,"height":720,"url":"https:\/\/2b-kind.org\/wp-content\/uploads\/2025\/12\/3-3.jpeg","type":"image\/jpeg"}],"twitter_card":"summary_large_image","twitter_misc":{"Est. reading time":"2 minutes"},"schema":{"@context":"https:\/\/schema.org","@graph":[{"@type":"WebPage","@id":"https:\/\/2b-kind.org\/az\/projects\/support-for-kirkhbulag-village-secondary-school-in-sheki\/","url":"https:\/\/2b-kind.org\/az\/projects\/support-for-kirkhbulag-village-secondary-school-in-sheki\/","name":"\u015e\u0259ki rayonu Q\u0131rxbulaq k\u0259nd \u00fcmumi orta m\u0259kt\u0259bi \u00fc\u00e7\u00fcn l\u0259vazimatlar - 2B Kind","isPartOf":{"@id":"https:\/\/2b-kind.org\/az\/#website"},"primaryImageOfPage":{"@id":"https:\/\/2b-kind.org\/az\/projects\/support-for-kirkhbulag-village-secondary-school-in-sheki\/#primaryimage"},"image":{"@id":"https:\/\/2b-kind.org\/projects\/support-for-kirkhbulag-village-secondary-school-in-sheki\/#primaryimage"},"thumbnailUrl":"https:\/\/2b-kind.org\/wp-content\/uploads\/2025\/12\/3-3.jpeg","datePublished":"2025-09-25T05:08:17+00:00","dateModified":"2025-12-31T00:03:31+00:00","breadcrumb":{"@id":"https:\/\/2b-kind.org\/az\/projects\/support-for-kirkhbulag-village-secondary-school-in-sheki\/#breadcrumb"},"inLanguage":"az-AZ","potentialAction":[{"@type":"ReadAction","target":[["https:\/\/2b-kind.org\/az\/projects\/support-for-kirkhbulag-village-secondary-school-in-sheki\/"]]}]},{"@type":"ImageObject","inLanguage":"az-AZ","@id":"https:\/\/2b-kind.org\/az\/projects\/support-for-kirkhbulag-village-secondary-school-in-sheki\/#primaryimage","url":"https:\/\/2b-kind.org\/wp-content\/uploads\/2025\/12\/3-3.jpeg","contentUrl":"https:\/\/2b-kind.org\/wp-content\/uploads\/2025\/12\/3-3.jpeg","width":1280,"height":720},{"@type":"BreadcrumbList","@id":"https:\/\/2b-kind.org\/az\/projects\/support-for-kirkhbulag-village-secondary-school-in-sheki\/#breadcrumb","itemListElement":[{"@type":"ListItem","position":1,"name":"Projects","item":"https:\/\/2b-kind.org\/az\/projects\/"},{"@type":"ListItem","position":2,"name":"School supplies for Kirkhbulag Village Secondary School in Sheki"}]},{"@type":"WebSite","@id":"https:\/\/2b-kind.org\/az\/#website","url":"https:\/\/2b-kind.org\/az\/","name":"2B Kind","description":"","publisher":{"@id":"https:\/\/2b-kind.org\/az\/#organization"},"potentialAction":[{"@type":"SearchAction","target":{"@type":"EntryPoint","urlTemplate":"https:\/\/2b-kind.org\/az\/?s={search_term_string}"},"query-input":{"@type":"PropertyValueSpecification","valueRequired":true,"valueName":"search_term_string"}}],"inLanguage":"az-AZ"},{"@type":"Organization","@id":"https:\/\/2b-kind.org\/az\/#organization","name":"2B Kind","url":"https:\/\/2b-kind.org\/az\/","logo":{"@type":"ImageObject","inLanguage":"az-AZ","@id":"https:\/\/2b-kind.org\/az\/#\/schema\/logo\/image\/","url":"https:\/\/2b-kind.org\/wp-content\/uploads\/2022\/10\/logo-v2.svg","contentUrl":"https:\/\/2b-kind.org\/wp-content\/uploads\/2022\/10\/logo-v2.svg","width":80,"height":75,"caption":"2B Kind"},"image":{"@id":"https:\/\/2b-kind.org\/az\/#\/schema\/logo\/image\/"}}]}},"campaignId":"","_links":{"self":[{"href":"https:\/\/2b-kind.org\/az\/wp-json\/wp\/v2\/pages\/720","targetHints":{"allow":["GET"]}}],"collection":[{"href":"https:\/\/2b-kind.org\/az\/wp-json\/wp\/v2\/pages"}],"about":[{"href":"https:\/\/2b-kind.org\/az\/wp-json\/wp\/v2\/types\/page"}],"author":[{"embeddable":true,"href":"https:\/\/2b-kind.org\/az\/wp-json\/wp\/v2\/users\/1"}],"replies":[{"embeddable":true,"href":"https:\/\/2b-kind.org\/az\/wp-json\/wp\/v2\/comments?post=720"}],"version-history":[{"count":5,"href":"https:\/\/2b-kind.org\/az\/wp-json\/wp\/v2\/pages\/720\/revisions"}],"predecessor-version":[{"id":791,"href":"https:\/\/2b-kind.org\/az\/wp-json\/wp\/v2\/pages\/720\/revisions\/791"}],"up":[{"embeddable":true,"href":"https:\/\/2b-kind.org\/az\/wp-json\/wp\/v2\/pages\/149"}],"wp:featuredmedia":[{"embeddable":true,"href":"https:\/\/2b-kind.org\/az\/wp-json\/wp\/v2\/media\/694"}],"wp:attachment":[{"href":"https:\/\/2b-kind.org\/az\/wp-json\/wp\/v2\/media?parent=720"}],"curies":[{"name":"wp","href":"https:\/\/api.w.org\/{rel}","templated":true}]}}