{"id":717,"date":"2025-09-25T05:04:32","date_gmt":"2025-09-25T05:04:32","guid":{"rendered":"https:\/\/2b-kind.org\/?page_id=717"},"modified":"2025-12-29T18:30:54","modified_gmt":"2025-12-29T18:30:54","slug":"lets-send-100-children-to-school-campaign","status":"publish","type":"page","link":"https:\/\/2b-kind.org\/az\/projects\/lets-send-100-children-to-school-campaign\/","title":{"rendered":"\u201c100 U\u015eAQ M\u018fKT\u018fB\u018f GETS\u0130N\u201d layih\u0259si"},"content":{"rendered":"<p>2B-Kind xeyriyy\u0259 c\u0259miyy\u0259ti sentyabr (2025) ay\u0131nda \u201c100 U\u015faq M\u0259kt\u0259b\u0259 Getsin Layih\u0259si\u201dni h\u0259yata ke\u00e7irib. Bu m\u0259qs\u0259dl\u0259 Neft\u00e7ala rayonu A\u015fa\u011f\u0131 Qaramanl\u0131 k\u0259nd, Sumqay\u0131t \u015f\u0259h\u0259ri, A\u011fcab\u0259di rayonu, Ucar rayonu B\u0259rg\u00fc\u015fad k\u0259ndind\u0259 t\u0259hsil alan \u015fagirdl\u0259r\u0259 yard\u0131m edilib.<\/p>\n<p>Layih\u0259 \u00e7\u0259r\u00e7ivsind\u0259 \u015fagirdl\u0259r\u0259 a\u015fa\u011f\u0131dak\u0131 \u0259\u015fyalar al\u0131n\u0131b:<\/p>\n<p>100 m\u0259kt\u0259b formas\u0131:<br \/>\n&nbsp; &nbsp; &#8211; 20 forma: Neft\u00e7ala rayonu, A\u015fa\u011f\u0131 Qaramanl\u0131 k\u0259ndi<br \/>\n&nbsp; &nbsp; &#8211; 20 forma: Sumqay\u0131t \u015f\u0259h\u0259ri<br \/>\n&nbsp; &nbsp; &#8211; 20 forma: A\u011fcab\u0259di rayonu<br \/>\n&nbsp; &nbsp; &#8211; 40 forma: Ucar rayonu, B\u0259rg\u00fc\u015fad k\u0259ndi<\/p>\n<p>15 m\u0259kt\u0259bli \u00e7antas\u0131:<br \/>\n&nbsp; &nbsp; &#8211; 10 \u00e7anta: Ucar rayonu, B\u0259rg\u00fc\u015fad k\u0259ndi<br \/>\n&nbsp; &nbsp; &#8211; 5 \u00e7anta: A\u011fcab\u0259di rayonu<\/p>\n<p>\u201c2B-Kind\u201d (ingilisc\u0259d\u0259n t\u0259rc\u00fcm\u0259d\u0259 n\u0259zak\u0259tli, almancadan t\u0259rc\u00fcm\u0259d\u0259 u\u015faq olmaq anlam\u0131nda) az t\u0259minatl\u0131 ail\u0259l\u0259rd\u0259n olan u\u015faqlara t\u0259hsili \u0259l\u00e7atan etm\u0259k m\u0259qs\u0259di il\u0259 Az\u0259rbaycandan k\u0259narda, \u0259sas\u0259n Almaniyada ya\u015fayan k\u00f6n\u00fcll\u00fc dostlar\u0131m\u0131z\u0131n qurdu\u011fu bir xeyriyy\u0259 c\u0259miyy\u0259tidir. M\u0259qs\u0259dimiz yoxsulluq s\u0259b\u0259bind\u0259n t\u0259hsild\u0259n k\u0259nar qalan u\u015faqlara davaml\u0131 \u015f\u0259kild\u0259 h\u0259m maddi, h\u0259m d\u0259 m\u0259n\u0259vi yard\u0131m g\u00f6st\u0259rm\u0259kdir. \u00d6lk\u0259mizd\u0259 v\u0259 d\u00fcnyada ya\u015fanan bir \u00e7ox probleml\u0259rin t\u0259m\u0259lind\u0259 yet\u0259rsiz t\u0259hsilin dayand\u0131\u011f\u0131 m\u0259lumdur. Yet\u0259rsiz t\u0259hsil is\u0259 bir \u00e7ox hallarda yoxsulluqla \u0259laq\u0259lidir. U\u015faqlar\u0131n t\u0259hsili daha i\u015f\u0131ql\u0131 Az\u0259rbaycand\u0131r. Siz d\u0259 u\u015faqlara sevinc b\u0259x\u015f etm\u0259k v\u0259 daha i\u015f\u0131ql\u0131 Az\u0259rbaycan \u00fc\u00e7\u00fcn t\u00f6hfv\u0259 verm\u0259k ist\u0259yirsizs\u0259, ian\u0259 etm\u0259kl\u0259 biz\u0259 d\u0259st\u0259k ola bil\u0259rsiniz!<\/p>\n<p>&nbsp;<\/p>\n<p>Sizin 2B-Kind ail\u0259si<\/p>\n<p><strong>\u018flaq\u0259:<\/strong> <a href=\"mailto:2b.kind.2022@gmail.com\">2b.kind.2022@gmail.com<\/a><\/p>\n<p><strong>Ian\u0259 et:<\/strong> <a href=\"https:\/\/2b-kind.org\/az\/donate\/\">\u0130an\u0259 et &#8211; 2B Kind<\/a><\/p>\n<p>Bu link\u0259 daxil olaraq d\u00fcnyan\u0131n ist\u0259nil\u0259n yerind\u0259n rahatl\u0131qla ian\u0259 ed\u0259 bil\u0259rsiniz.<\/p>\n<p>ngg_shortcode_1_placeholder<\/p>","protected":false},"excerpt":{"rendered":"<p>2B-Kind xeyriyy\u0259 c\u0259miyy\u0259ti sentyabr (2025) ay\u0131nda \u201c100 U\u015faq M\u0259kt\u0259b\u0259 Getsin Layih\u0259si\u201dni h\u0259yata ke\u00e7irib. Bu m\u0259qs\u0259dl\u0259 Neft\u00e7ala rayonu A\u015fa\u011f\u0131 Qaramanl\u0131 k\u0259nd, Sumqay\u0131t \u015f\u0259h\u0259ri, A\u011fcab\u0259di rayonu, Ucar rayonu B\u0259rg\u00fc\u015fad k\u0259ndind\u0259 t\u0259hsil alan \u015fagirdl\u0259r\u0259 yard\u0131m edilib. Layih\u0259 \u00e7\u0259r\u00e7ivsind\u0259 \u015fagirdl\u0259r\u0259 a\u015fa\u011f\u0131dak\u0131 \u0259\u015fyalar al\u0131n\u0131b: 100 m\u0259kt\u0259b formas\u0131: &nbsp; &nbsp; &#8211; 20 forma: Neft\u00e7ala rayonu, A\u015fa\u011f\u0131 Qaramanl\u0131 k\u0259ndi &nbsp; &nbsp; &#8211; [&hellip;]<\/p>\n","protected":false},"author":1,"featured_media":649,"parent":149,"menu_order":0,"comment_status":"closed","ping_status":"closed","template":"page-project.php","meta":{"_acf_changed":false,"give_campaign_id":0,"inline_featured_image":false,"ngg_post_thumbnail":0,"footnotes":""},"class_list":["post-717","page","type-page","status-publish","has-post-thumbnail","hentry"],"acf":[],"yoast_head":"<!-- This site is optimized with the Yoast SEO plugin v27.5 - https:\/\/yoast.com\/product\/yoast-seo-wordpress\/ -->\n<title>\u201c100 U\u015eAQ M\u018fKT\u018fB\u018f GETS\u0130N\u201d layih\u0259si - 2B Kind<\/title>\n<meta name=\"robots\" content=\"index, follow, max-snippet:-1, max-image-preview:large, max-video-preview:-1\" \/>\n<link rel=\"canonical\" href=\"https:\/\/2b-kind.org\/az\/projects\/lets-send-100-children-to-school-campaign\/\" \/>\n<meta property=\"og:locale\" content=\"az_AZ\" \/>\n<meta property=\"og:type\" content=\"article\" \/>\n<meta property=\"og:title\" content=\"\u201c100 U\u015eAQ M\u018fKT\u018fB\u018f GETS\u0130N\u201d layih\u0259si - 2B Kind\" \/>\n<meta property=\"og:description\" content=\"2B-Kind xeyriyy\u0259 c\u0259miyy\u0259ti sentyabr (2025) ay\u0131nda \u201c100 U\u015faq M\u0259kt\u0259b\u0259 Getsin Layih\u0259si\u201dni h\u0259yata ke\u00e7irib. Bu m\u0259qs\u0259dl\u0259 Neft\u00e7ala rayonu A\u015fa\u011f\u0131 Qaramanl\u0131 k\u0259nd, Sumqay\u0131t \u015f\u0259h\u0259ri, A\u011fcab\u0259di rayonu, Ucar rayonu B\u0259rg\u00fc\u015fad k\u0259ndind\u0259 t\u0259hsil alan \u015fagirdl\u0259r\u0259 yard\u0131m edilib. Layih\u0259 \u00e7\u0259r\u00e7ivsind\u0259 \u015fagirdl\u0259r\u0259 a\u015fa\u011f\u0131dak\u0131 \u0259\u015fyalar al\u0131n\u0131b: 100 m\u0259kt\u0259b formas\u0131: &nbsp; &nbsp; &#8211; 20 forma: Neft\u00e7ala rayonu, A\u015fa\u011f\u0131 Qaramanl\u0131 k\u0259ndi &nbsp; &nbsp; &#8211; [&hellip;]\" \/>\n<meta property=\"og:url\" content=\"https:\/\/2b-kind.org\/az\/projects\/lets-send-100-children-to-school-campaign\/\" \/>\n<meta property=\"og:site_name\" content=\"2B Kind\" \/>\n<meta property=\"article:modified_time\" content=\"2025-12-29T18:30:54+00:00\" \/>\n<meta property=\"og:image\" content=\"https:\/\/2b-kind.org\/wp-content\/uploads\/2025\/12\/1-1.jpeg\" \/>\n\t<meta property=\"og:image:width\" content=\"1707\" \/>\n\t<meta property=\"og:image:height\" content=\"1280\" \/>\n\t<meta property=\"og:image:type\" content=\"image\/jpeg\" \/>\n<meta name=\"twitter:card\" content=\"summary_large_image\" \/>\n<meta name=\"twitter:label1\" content=\"Est. reading time\" \/>\n\t<meta name=\"twitter:data1\" content=\"2 minutes\" \/>\n<script type=\"application\/ld+json\" class=\"yoast-schema-graph\">{\"@context\":\"https:\\\/\\\/schema.org\",\"@graph\":[{\"@type\":\"WebPage\",\"@id\":\"https:\\\/\\\/2b-kind.org\\\/az\\\/projects\\\/lets-send-100-children-to-school-campaign\\\/\",\"url\":\"https:\\\/\\\/2b-kind.org\\\/az\\\/projects\\\/lets-send-100-children-to-school-campaign\\\/\",\"name\":\"\u201c100 U\u015eAQ M\u018fKT\u018fB\u018f GETS\u0130N\u201d layih\u0259si - 2B Kind\",\"isPartOf\":{\"@id\":\"https:\\\/\\\/2b-kind.org\\\/az\\\/#website\"},\"primaryImageOfPage\":{\"@id\":\"https:\\\/\\\/2b-kind.org\\\/az\\\/projects\\\/lets-send-100-children-to-school-campaign\\\/#primaryimage\"},\"image\":{\"@id\":\"https:\\\/\\\/2b-kind.org\\\/projects\\\/lets-send-100-children-to-school-campaign\\\/#primaryimage\"},\"thumbnailUrl\":\"https:\\\/\\\/2b-kind.org\\\/wp-content\\\/uploads\\\/2025\\\/12\\\/1-1.jpeg\",\"datePublished\":\"2025-09-25T05:04:32+00:00\",\"dateModified\":\"2025-12-29T18:30:54+00:00\",\"breadcrumb\":{\"@id\":\"https:\\\/\\\/2b-kind.org\\\/az\\\/projects\\\/lets-send-100-children-to-school-campaign\\\/#breadcrumb\"},\"inLanguage\":\"az-AZ\",\"potentialAction\":[{\"@type\":\"ReadAction\",\"target\":[[\"https:\\\/\\\/2b-kind.org\\\/az\\\/projects\\\/lets-send-100-children-to-school-campaign\\\/\"]]}]},{\"@type\":\"ImageObject\",\"inLanguage\":\"az-AZ\",\"@id\":\"https:\\\/\\\/2b-kind.org\\\/az\\\/projects\\\/lets-send-100-children-to-school-campaign\\\/#primaryimage\",\"url\":\"https:\\\/\\\/2b-kind.org\\\/wp-content\\\/uploads\\\/2025\\\/12\\\/1-1.jpeg\",\"contentUrl\":\"https:\\\/\\\/2b-kind.org\\\/wp-content\\\/uploads\\\/2025\\\/12\\\/1-1.jpeg\",\"width\":1707,\"height\":1280},{\"@type\":\"BreadcrumbList\",\"@id\":\"https:\\\/\\\/2b-kind.org\\\/az\\\/projects\\\/lets-send-100-children-to-school-campaign\\\/#breadcrumb\",\"itemListElement\":[{\"@type\":\"ListItem\",\"position\":1,\"name\":\"Projects\",\"item\":\"https:\\\/\\\/2b-kind.org\\\/az\\\/projects\\\/\"},{\"@type\":\"ListItem\",\"position\":2,\"name\":\"\u201cLet\u2019s Send 100 Children to School\u201d Campaign\"}]},{\"@type\":\"WebSite\",\"@id\":\"https:\\\/\\\/2b-kind.org\\\/az\\\/#website\",\"url\":\"https:\\\/\\\/2b-kind.org\\\/az\\\/\",\"name\":\"2B Kind\",\"description\":\"\",\"publisher\":{\"@id\":\"https:\\\/\\\/2b-kind.org\\\/az\\\/#organization\"},\"potentialAction\":[{\"@type\":\"SearchAction\",\"target\":{\"@type\":\"EntryPoint\",\"urlTemplate\":\"https:\\\/\\\/2b-kind.org\\\/az\\\/?s={search_term_string}\"},\"query-input\":{\"@type\":\"PropertyValueSpecification\",\"valueRequired\":true,\"valueName\":\"search_term_string\"}}],\"inLanguage\":\"az-AZ\"},{\"@type\":\"Organization\",\"@id\":\"https:\\\/\\\/2b-kind.org\\\/az\\\/#organization\",\"name\":\"2B Kind\",\"url\":\"https:\\\/\\\/2b-kind.org\\\/az\\\/\",\"logo\":{\"@type\":\"ImageObject\",\"inLanguage\":\"az-AZ\",\"@id\":\"https:\\\/\\\/2b-kind.org\\\/az\\\/#\\\/schema\\\/logo\\\/image\\\/\",\"url\":\"https:\\\/\\\/2b-kind.org\\\/wp-content\\\/uploads\\\/2022\\\/10\\\/logo-v2.svg\",\"contentUrl\":\"https:\\\/\\\/2b-kind.org\\\/wp-content\\\/uploads\\\/2022\\\/10\\\/logo-v2.svg\",\"width\":80,\"height\":75,\"caption\":\"2B Kind\"},\"image\":{\"@id\":\"https:\\\/\\\/2b-kind.org\\\/az\\\/#\\\/schema\\\/logo\\\/image\\\/\"}}]}<\/script>\n<!-- \/ Yoast SEO plugin. -->","yoast_head_json":{"title":"\u201c100 U\u015eAQ M\u018fKT\u018fB\u018f GETS\u0130N\u201d layih\u0259si - 2B Kind","robots":{"index":"index","follow":"follow","max-snippet":"max-snippet:-1","max-image-preview":"max-image-preview:large","max-video-preview":"max-video-preview:-1"},"canonical":"https:\/\/2b-kind.org\/az\/projects\/lets-send-100-children-to-school-campaign\/","og_locale":"az_AZ","og_type":"article","og_title":"\u201c100 U\u015eAQ M\u018fKT\u018fB\u018f GETS\u0130N\u201d layih\u0259si - 2B Kind","og_description":"2B-Kind xeyriyy\u0259 c\u0259miyy\u0259ti sentyabr (2025) ay\u0131nda \u201c100 U\u015faq M\u0259kt\u0259b\u0259 Getsin Layih\u0259si\u201dni h\u0259yata ke\u00e7irib. Bu m\u0259qs\u0259dl\u0259 Neft\u00e7ala rayonu A\u015fa\u011f\u0131 Qaramanl\u0131 k\u0259nd, Sumqay\u0131t \u015f\u0259h\u0259ri, A\u011fcab\u0259di rayonu, Ucar rayonu B\u0259rg\u00fc\u015fad k\u0259ndind\u0259 t\u0259hsil alan \u015fagirdl\u0259r\u0259 yard\u0131m edilib. Layih\u0259 \u00e7\u0259r\u00e7ivsind\u0259 \u015fagirdl\u0259r\u0259 a\u015fa\u011f\u0131dak\u0131 \u0259\u015fyalar al\u0131n\u0131b: 100 m\u0259kt\u0259b formas\u0131: &nbsp; &nbsp; &#8211; 20 forma: Neft\u00e7ala rayonu, A\u015fa\u011f\u0131 Qaramanl\u0131 k\u0259ndi &nbsp; &nbsp; &#8211; [&hellip;]","og_url":"https:\/\/2b-kind.org\/az\/projects\/lets-send-100-children-to-school-campaign\/","og_site_name":"2B Kind","article_modified_time":"2025-12-29T18:30:54+00:00","og_image":[{"width":1707,"height":1280,"url":"https:\/\/2b-kind.org\/wp-content\/uploads\/2025\/12\/1-1.jpeg","type":"image\/jpeg"}],"twitter_card":"summary_large_image","twitter_misc":{"Est. reading time":"2 minutes"},"schema":{"@context":"https:\/\/schema.org","@graph":[{"@type":"WebPage","@id":"https:\/\/2b-kind.org\/az\/projects\/lets-send-100-children-to-school-campaign\/","url":"https:\/\/2b-kind.org\/az\/projects\/lets-send-100-children-to-school-campaign\/","name":"\u201c100 U\u015eAQ M\u018fKT\u018fB\u018f GETS\u0130N\u201d layih\u0259si - 2B Kind","isPartOf":{"@id":"https:\/\/2b-kind.org\/az\/#website"},"primaryImageOfPage":{"@id":"https:\/\/2b-kind.org\/az\/projects\/lets-send-100-children-to-school-campaign\/#primaryimage"},"image":{"@id":"https:\/\/2b-kind.org\/projects\/lets-send-100-children-to-school-campaign\/#primaryimage"},"thumbnailUrl":"https:\/\/2b-kind.org\/wp-content\/uploads\/2025\/12\/1-1.jpeg","datePublished":"2025-09-25T05:04:32+00:00","dateModified":"2025-12-29T18:30:54+00:00","breadcrumb":{"@id":"https:\/\/2b-kind.org\/az\/projects\/lets-send-100-children-to-school-campaign\/#breadcrumb"},"inLanguage":"az-AZ","potentialAction":[{"@type":"ReadAction","target":[["https:\/\/2b-kind.org\/az\/projects\/lets-send-100-children-to-school-campaign\/"]]}]},{"@type":"ImageObject","inLanguage":"az-AZ","@id":"https:\/\/2b-kind.org\/az\/projects\/lets-send-100-children-to-school-campaign\/#primaryimage","url":"https:\/\/2b-kind.org\/wp-content\/uploads\/2025\/12\/1-1.jpeg","contentUrl":"https:\/\/2b-kind.org\/wp-content\/uploads\/2025\/12\/1-1.jpeg","width":1707,"height":1280},{"@type":"BreadcrumbList","@id":"https:\/\/2b-kind.org\/az\/projects\/lets-send-100-children-to-school-campaign\/#breadcrumb","itemListElement":[{"@type":"ListItem","position":1,"name":"Projects","item":"https:\/\/2b-kind.org\/az\/projects\/"},{"@type":"ListItem","position":2,"name":"\u201cLet\u2019s Send 100 Children to School\u201d Campaign"}]},{"@type":"WebSite","@id":"https:\/\/2b-kind.org\/az\/#website","url":"https:\/\/2b-kind.org\/az\/","name":"2B Kind","description":"","publisher":{"@id":"https:\/\/2b-kind.org\/az\/#organization"},"potentialAction":[{"@type":"SearchAction","target":{"@type":"EntryPoint","urlTemplate":"https:\/\/2b-kind.org\/az\/?s={search_term_string}"},"query-input":{"@type":"PropertyValueSpecification","valueRequired":true,"valueName":"search_term_string"}}],"inLanguage":"az-AZ"},{"@type":"Organization","@id":"https:\/\/2b-kind.org\/az\/#organization","name":"2B Kind","url":"https:\/\/2b-kind.org\/az\/","logo":{"@type":"ImageObject","inLanguage":"az-AZ","@id":"https:\/\/2b-kind.org\/az\/#\/schema\/logo\/image\/","url":"https:\/\/2b-kind.org\/wp-content\/uploads\/2022\/10\/logo-v2.svg","contentUrl":"https:\/\/2b-kind.org\/wp-content\/uploads\/2022\/10\/logo-v2.svg","width":80,"height":75,"caption":"2B Kind"},"image":{"@id":"https:\/\/2b-kind.org\/az\/#\/schema\/logo\/image\/"}}]}},"campaignId":"","_links":{"self":[{"href":"https:\/\/2b-kind.org\/az\/wp-json\/wp\/v2\/pages\/717","targetHints":{"allow":["GET"]}}],"collection":[{"href":"https:\/\/2b-kind.org\/az\/wp-json\/wp\/v2\/pages"}],"about":[{"href":"https:\/\/2b-kind.org\/az\/wp-json\/wp\/v2\/types\/page"}],"author":[{"embeddable":true,"href":"https:\/\/2b-kind.org\/az\/wp-json\/wp\/v2\/users\/1"}],"replies":[{"embeddable":true,"href":"https:\/\/2b-kind.org\/az\/wp-json\/wp\/v2\/comments?post=717"}],"version-history":[{"count":2,"href":"https:\/\/2b-kind.org\/az\/wp-json\/wp\/v2\/pages\/717\/revisions"}],"predecessor-version":[{"id":719,"href":"https:\/\/2b-kind.org\/az\/wp-json\/wp\/v2\/pages\/717\/revisions\/719"}],"up":[{"embeddable":true,"href":"https:\/\/2b-kind.org\/az\/wp-json\/wp\/v2\/pages\/149"}],"wp:featuredmedia":[{"embeddable":true,"href":"https:\/\/2b-kind.org\/az\/wp-json\/wp\/v2\/media\/649"}],"wp:attachment":[{"href":"https:\/\/2b-kind.org\/az\/wp-json\/wp\/v2\/media?parent=717"}],"curies":[{"name":"wp","href":"https:\/\/api.w.org\/{rel}","templated":true}]}}