{"id":712,"date":"2025-09-25T04:52:02","date_gmt":"2025-09-25T04:52:02","guid":{"rendered":"https:\/\/2b-kind.org\/?page_id=712"},"modified":"2026-01-12T17:17:43","modified_gmt":"2026-01-12T17:17:43","slug":"library-in-neftchala-district","status":"publish","type":"page","link":"https:\/\/2b-kind.org\/az\/projects\/library-in-neftchala-district\/","title":{"rendered":"Neft\u00e7ala rayonunda kitabxana"},"content":{"rendered":"<p>2B-Kind xeyriyy\u0259 c\u0259miyy\u0259ti t\u0259r\u0259find\u0259n Neft\u00e7ala rayonu, A\u015fa\u011f\u0131 Qaramanl\u0131 k\u0259ndi \u2014 Qaraman \u0130cma M\u0259rk\u0259zinin yan\u0131nda k\u0259nd m\u0259kt\u0259binin kitabxanas\u0131 t\u0259mir olunmu\u015f, mebel v\u0259 kitablarla t\u0259min edilm\u015fdir. Kitabxana \u00fc\u00e7\u00fcn 3 \u0259d\u0259d kitab r\u0259fi, 1 \u0259d\u0259d boyuk masa, b\u0259dii \u0259d\u0259biyyat, haz\u0131rl\u0131q kitablar\u0131, test kitab\u00e7alar\u0131 v\u0259 d\u0259rslikl\u0259r al\u0131n\u0131b. Bu m\u0259qs\u0259dl\u0259 c\u0259miyy\u0259timiz 1850 AZN m\u0259bl\u0259\u011find\u0259 pul x\u0259rcl\u0259yib. Bundan \u0259lav\u0259 t\u0259qrib\u0259n 780 AZN x\u0259rcl\u0259n\u0259r\u0259k 122 b\u0259dii \u0259d\u0259biyyat kitab\u0131 al\u0131n\u0131b v\u0259 bu kitablar Neft\u00e7ala v\u0259 Ucar rayonlar\u0131nda t\u0259mir v\u0259 t\u0259hvil verdiyimiz kitabxanalar aras\u0131nda b\u00f6l\u00fcn\u00fcb. Kitabxanadan \u0259traf k\u0259ndl\u0259rl\u0259 birlikd\u0259 400-500 aral\u0131\u011f\u0131nda \u015fagirdin istifad\u0259 etm\u0259si g\u00f6zl\u0259nilir.<\/p>\n<p>\u201c2B-Kind\u201d (ingilisc\u0259d\u0259n t\u0259rc\u00fcm\u0259d\u0259 n\u0259zak\u0259tli, almancadan t\u0259rc\u00fcm\u0259d\u0259 u\u015faq olmaq anlam\u0131nda) az t\u0259minatl\u0131 ail\u0259l\u0259rd\u0259n olan u\u015faqlara t\u0259hsili \u0259l\u00e7atan etm\u0259k m\u0259qs\u0259di il\u0259 Az\u0259rbaycandan k\u0259narda, \u0259sas\u0259n Almaniyada ya\u015fayan k\u00f6n\u00fcll\u00fc dostlar\u0131m\u0131z\u0131n qurdu\u011fu bir xeyriyy\u0259 c\u0259miyy\u0259tidir. M\u0259qs\u0259dimiz yoxsulluq s\u0259b\u0259bind\u0259n t\u0259hsild\u0259n k\u0259nar qalan u\u015faqlara davaml\u0131 \u015f\u0259kild\u0259 h\u0259m maddi, h\u0259m d\u0259 m\u0259n\u0259vi yard\u0131m g\u00f6st\u0259rm\u0259kdir. \u00d6lk\u0259mizd\u0259 v\u0259 d\u00fcnyada ya\u015fanan bir \u00e7ox probleml\u0259rin t\u0259m\u0259lind\u0259 yet\u0259rsiz t\u0259hsilin dayand\u0131\u011f\u0131 m\u0259lumdur. Yet\u0259rsiz t\u0259hsil is\u0259 bir \u00e7ox hallarda yoxsulluqla \u0259laq\u0259lidir. U\u015faqlar\u0131n t\u0259hsili daha i\u015f\u0131ql\u0131 Az\u0259rbaycand\u0131r. Siz d\u0259 u\u015faqlara sevinc b\u0259x\u015f etm\u0259k v\u0259 daha i\u015f\u0131ql\u0131 Az\u0259rbaycan \u00fc\u00e7\u00fcn t\u00f6hfv\u0259 verm\u0259k ist\u0259yirsizs\u0259, ian\u0259 etm\u0259kl\u0259 biz\u0259 d\u0259st\u0259k ola bil\u0259rsiniz!<\/p>\n<p>Sizin 2B-Kind ail\u0259si<\/p>\n<p>\u018flaq\u0259: <a href=\"mailto:2b.kind.2022@gmail.com\">2b.kind.2022@gmail.com<\/a><\/p>\n<p>Ian\u0259 et: <a href=\"https:\/\/2b-kind.org\/az\/donate\/\">\u0130an\u0259 et &#8211; 2B Kind<\/a><\/p>\n<p>Bu link\u0259 daxil olaraq d\u00fcnyan\u0131n ist\u0259nil\u0259n yerind\u0259n rahatl\u0131qla ian\u0259 ed\u0259 bil\u0259rsiniz.<\/p>\nngg_shortcode_1_placeholder\n<p>&nbsp;<\/p>","protected":false},"excerpt":{"rendered":"<p>2B-Kind xeyriyy\u0259 c\u0259miyy\u0259ti t\u0259r\u0259find\u0259n Neft\u00e7ala rayonu, A\u015fa\u011f\u0131 Qaramanl\u0131 k\u0259ndi \u2014 Qaraman \u0130cma M\u0259rk\u0259zinin yan\u0131nda k\u0259nd m\u0259kt\u0259binin kitabxanas\u0131 t\u0259mir olunmu\u015f, mebel v\u0259 kitablarla t\u0259min edilm\u015fdir. Kitabxana \u00fc\u00e7\u00fcn 3 \u0259d\u0259d kitab r\u0259fi, 1 \u0259d\u0259d boyuk masa, b\u0259dii \u0259d\u0259biyyat, haz\u0131rl\u0131q kitablar\u0131, test kitab\u00e7alar\u0131 v\u0259 d\u0259rslikl\u0259r al\u0131n\u0131b. Bu m\u0259qs\u0259dl\u0259 c\u0259miyy\u0259timiz 1850 AZN m\u0259bl\u0259\u011find\u0259 pul x\u0259rcl\u0259yib. Bundan \u0259lav\u0259 t\u0259qrib\u0259n 780 [&hellip;]<\/p>\n","protected":false},"author":1,"featured_media":729,"parent":149,"menu_order":0,"comment_status":"closed","ping_status":"closed","template":"page-project.php","meta":{"_acf_changed":false,"give_campaign_id":0,"inline_featured_image":false,"ngg_post_thumbnail":0,"footnotes":""},"class_list":["post-712","page","type-page","status-publish","has-post-thumbnail","hentry"],"acf":[],"yoast_head":"<!-- This site is optimized with the Yoast SEO plugin v27.5 - https:\/\/yoast.com\/product\/yoast-seo-wordpress\/ -->\n<title>Neft\u00e7ala rayonunda kitabxana - 2B Kind<\/title>\n<meta name=\"robots\" content=\"index, follow, max-snippet:-1, max-image-preview:large, max-video-preview:-1\" \/>\n<link rel=\"canonical\" href=\"https:\/\/2b-kind.org\/az\/projects\/library-in-neftchala-district\/\" \/>\n<meta property=\"og:locale\" content=\"az_AZ\" \/>\n<meta property=\"og:type\" content=\"article\" \/>\n<meta property=\"og:title\" content=\"Neft\u00e7ala rayonunda kitabxana - 2B Kind\" \/>\n<meta property=\"og:description\" content=\"2B-Kind xeyriyy\u0259 c\u0259miyy\u0259ti t\u0259r\u0259find\u0259n Neft\u00e7ala rayonu, A\u015fa\u011f\u0131 Qaramanl\u0131 k\u0259ndi \u2014 Qaraman \u0130cma M\u0259rk\u0259zinin yan\u0131nda k\u0259nd m\u0259kt\u0259binin kitabxanas\u0131 t\u0259mir olunmu\u015f, mebel v\u0259 kitablarla t\u0259min edilm\u015fdir. Kitabxana \u00fc\u00e7\u00fcn 3 \u0259d\u0259d kitab r\u0259fi, 1 \u0259d\u0259d boyuk masa, b\u0259dii \u0259d\u0259biyyat, haz\u0131rl\u0131q kitablar\u0131, test kitab\u00e7alar\u0131 v\u0259 d\u0259rslikl\u0259r al\u0131n\u0131b. Bu m\u0259qs\u0259dl\u0259 c\u0259miyy\u0259timiz 1850 AZN m\u0259bl\u0259\u011find\u0259 pul x\u0259rcl\u0259yib. Bundan \u0259lav\u0259 t\u0259qrib\u0259n 780 [&hellip;]\" \/>\n<meta property=\"og:url\" content=\"https:\/\/2b-kind.org\/az\/projects\/library-in-neftchala-district\/\" \/>\n<meta property=\"og:site_name\" content=\"2B Kind\" \/>\n<meta property=\"article:modified_time\" content=\"2026-01-12T17:17:43+00:00\" \/>\n<meta property=\"og:image\" content=\"https:\/\/2b-kind.org\/wp-content\/uploads\/2025\/12\/8-4.jpeg\" \/>\n\t<meta property=\"og:image:width\" content=\"1280\" \/>\n\t<meta property=\"og:image:height\" content=\"960\" \/>\n\t<meta property=\"og:image:type\" content=\"image\/jpeg\" \/>\n<meta name=\"twitter:card\" content=\"summary_large_image\" \/>\n<meta name=\"twitter:label1\" content=\"Est. reading time\" \/>\n\t<meta name=\"twitter:data1\" content=\"2 minutes\" \/>\n<script type=\"application\/ld+json\" class=\"yoast-schema-graph\">{\"@context\":\"https:\\\/\\\/schema.org\",\"@graph\":[{\"@type\":\"WebPage\",\"@id\":\"https:\\\/\\\/2b-kind.org\\\/az\\\/projects\\\/library-in-neftchala-district\\\/\",\"url\":\"https:\\\/\\\/2b-kind.org\\\/az\\\/projects\\\/library-in-neftchala-district\\\/\",\"name\":\"Neft\u00e7ala rayonunda kitabxana - 2B Kind\",\"isPartOf\":{\"@id\":\"https:\\\/\\\/2b-kind.org\\\/az\\\/#website\"},\"primaryImageOfPage\":{\"@id\":\"https:\\\/\\\/2b-kind.org\\\/az\\\/projects\\\/library-in-neftchala-district\\\/#primaryimage\"},\"image\":{\"@id\":\"https:\\\/\\\/2b-kind.org\\\/projects\\\/library-in-neftchala-district\\\/#primaryimage\"},\"thumbnailUrl\":\"https:\\\/\\\/2b-kind.org\\\/wp-content\\\/uploads\\\/2025\\\/12\\\/8-4.jpeg\",\"datePublished\":\"2025-09-25T04:52:02+00:00\",\"dateModified\":\"2026-01-12T17:17:43+00:00\",\"breadcrumb\":{\"@id\":\"https:\\\/\\\/2b-kind.org\\\/az\\\/projects\\\/library-in-neftchala-district\\\/#breadcrumb\"},\"inLanguage\":\"az-AZ\",\"potentialAction\":[{\"@type\":\"ReadAction\",\"target\":[[\"https:\\\/\\\/2b-kind.org\\\/az\\\/projects\\\/library-in-neftchala-district\\\/\"]]}]},{\"@type\":\"ImageObject\",\"inLanguage\":\"az-AZ\",\"@id\":\"https:\\\/\\\/2b-kind.org\\\/az\\\/projects\\\/library-in-neftchala-district\\\/#primaryimage\",\"url\":\"https:\\\/\\\/2b-kind.org\\\/wp-content\\\/uploads\\\/2025\\\/12\\\/8-4.jpeg\",\"contentUrl\":\"https:\\\/\\\/2b-kind.org\\\/wp-content\\\/uploads\\\/2025\\\/12\\\/8-4.jpeg\",\"width\":1280,\"height\":960},{\"@type\":\"BreadcrumbList\",\"@id\":\"https:\\\/\\\/2b-kind.org\\\/az\\\/projects\\\/library-in-neftchala-district\\\/#breadcrumb\",\"itemListElement\":[{\"@type\":\"ListItem\",\"position\":1,\"name\":\"Projects\",\"item\":\"https:\\\/\\\/2b-kind.org\\\/az\\\/projects\\\/\"},{\"@type\":\"ListItem\",\"position\":2,\"name\":\"Library in Neftchala district\"}]},{\"@type\":\"WebSite\",\"@id\":\"https:\\\/\\\/2b-kind.org\\\/az\\\/#website\",\"url\":\"https:\\\/\\\/2b-kind.org\\\/az\\\/\",\"name\":\"2B Kind\",\"description\":\"\",\"publisher\":{\"@id\":\"https:\\\/\\\/2b-kind.org\\\/az\\\/#organization\"},\"potentialAction\":[{\"@type\":\"SearchAction\",\"target\":{\"@type\":\"EntryPoint\",\"urlTemplate\":\"https:\\\/\\\/2b-kind.org\\\/az\\\/?s={search_term_string}\"},\"query-input\":{\"@type\":\"PropertyValueSpecification\",\"valueRequired\":true,\"valueName\":\"search_term_string\"}}],\"inLanguage\":\"az-AZ\"},{\"@type\":\"Organization\",\"@id\":\"https:\\\/\\\/2b-kind.org\\\/az\\\/#organization\",\"name\":\"2B Kind\",\"url\":\"https:\\\/\\\/2b-kind.org\\\/az\\\/\",\"logo\":{\"@type\":\"ImageObject\",\"inLanguage\":\"az-AZ\",\"@id\":\"https:\\\/\\\/2b-kind.org\\\/az\\\/#\\\/schema\\\/logo\\\/image\\\/\",\"url\":\"https:\\\/\\\/2b-kind.org\\\/wp-content\\\/uploads\\\/2022\\\/10\\\/logo-v2.svg\",\"contentUrl\":\"https:\\\/\\\/2b-kind.org\\\/wp-content\\\/uploads\\\/2022\\\/10\\\/logo-v2.svg\",\"width\":80,\"height\":75,\"caption\":\"2B Kind\"},\"image\":{\"@id\":\"https:\\\/\\\/2b-kind.org\\\/az\\\/#\\\/schema\\\/logo\\\/image\\\/\"}}]}<\/script>\n<!-- \/ Yoast SEO plugin. -->","yoast_head_json":{"title":"Neft\u00e7ala rayonunda kitabxana - 2B Kind","robots":{"index":"index","follow":"follow","max-snippet":"max-snippet:-1","max-image-preview":"max-image-preview:large","max-video-preview":"max-video-preview:-1"},"canonical":"https:\/\/2b-kind.org\/az\/projects\/library-in-neftchala-district\/","og_locale":"az_AZ","og_type":"article","og_title":"Neft\u00e7ala rayonunda kitabxana - 2B Kind","og_description":"2B-Kind xeyriyy\u0259 c\u0259miyy\u0259ti t\u0259r\u0259find\u0259n Neft\u00e7ala rayonu, A\u015fa\u011f\u0131 Qaramanl\u0131 k\u0259ndi \u2014 Qaraman \u0130cma M\u0259rk\u0259zinin yan\u0131nda k\u0259nd m\u0259kt\u0259binin kitabxanas\u0131 t\u0259mir olunmu\u015f, mebel v\u0259 kitablarla t\u0259min edilm\u015fdir. Kitabxana \u00fc\u00e7\u00fcn 3 \u0259d\u0259d kitab r\u0259fi, 1 \u0259d\u0259d boyuk masa, b\u0259dii \u0259d\u0259biyyat, haz\u0131rl\u0131q kitablar\u0131, test kitab\u00e7alar\u0131 v\u0259 d\u0259rslikl\u0259r al\u0131n\u0131b. Bu m\u0259qs\u0259dl\u0259 c\u0259miyy\u0259timiz 1850 AZN m\u0259bl\u0259\u011find\u0259 pul x\u0259rcl\u0259yib. Bundan \u0259lav\u0259 t\u0259qrib\u0259n 780 [&hellip;]","og_url":"https:\/\/2b-kind.org\/az\/projects\/library-in-neftchala-district\/","og_site_name":"2B Kind","article_modified_time":"2026-01-12T17:17:43+00:00","og_image":[{"width":1280,"height":960,"url":"https:\/\/2b-kind.org\/wp-content\/uploads\/2025\/12\/8-4.jpeg","type":"image\/jpeg"}],"twitter_card":"summary_large_image","twitter_misc":{"Est. reading time":"2 minutes"},"schema":{"@context":"https:\/\/schema.org","@graph":[{"@type":"WebPage","@id":"https:\/\/2b-kind.org\/az\/projects\/library-in-neftchala-district\/","url":"https:\/\/2b-kind.org\/az\/projects\/library-in-neftchala-district\/","name":"Neft\u00e7ala rayonunda kitabxana - 2B Kind","isPartOf":{"@id":"https:\/\/2b-kind.org\/az\/#website"},"primaryImageOfPage":{"@id":"https:\/\/2b-kind.org\/az\/projects\/library-in-neftchala-district\/#primaryimage"},"image":{"@id":"https:\/\/2b-kind.org\/projects\/library-in-neftchala-district\/#primaryimage"},"thumbnailUrl":"https:\/\/2b-kind.org\/wp-content\/uploads\/2025\/12\/8-4.jpeg","datePublished":"2025-09-25T04:52:02+00:00","dateModified":"2026-01-12T17:17:43+00:00","breadcrumb":{"@id":"https:\/\/2b-kind.org\/az\/projects\/library-in-neftchala-district\/#breadcrumb"},"inLanguage":"az-AZ","potentialAction":[{"@type":"ReadAction","target":[["https:\/\/2b-kind.org\/az\/projects\/library-in-neftchala-district\/"]]}]},{"@type":"ImageObject","inLanguage":"az-AZ","@id":"https:\/\/2b-kind.org\/az\/projects\/library-in-neftchala-district\/#primaryimage","url":"https:\/\/2b-kind.org\/wp-content\/uploads\/2025\/12\/8-4.jpeg","contentUrl":"https:\/\/2b-kind.org\/wp-content\/uploads\/2025\/12\/8-4.jpeg","width":1280,"height":960},{"@type":"BreadcrumbList","@id":"https:\/\/2b-kind.org\/az\/projects\/library-in-neftchala-district\/#breadcrumb","itemListElement":[{"@type":"ListItem","position":1,"name":"Projects","item":"https:\/\/2b-kind.org\/az\/projects\/"},{"@type":"ListItem","position":2,"name":"Library in Neftchala district"}]},{"@type":"WebSite","@id":"https:\/\/2b-kind.org\/az\/#website","url":"https:\/\/2b-kind.org\/az\/","name":"2B Kind","description":"","publisher":{"@id":"https:\/\/2b-kind.org\/az\/#organization"},"potentialAction":[{"@type":"SearchAction","target":{"@type":"EntryPoint","urlTemplate":"https:\/\/2b-kind.org\/az\/?s={search_term_string}"},"query-input":{"@type":"PropertyValueSpecification","valueRequired":true,"valueName":"search_term_string"}}],"inLanguage":"az-AZ"},{"@type":"Organization","@id":"https:\/\/2b-kind.org\/az\/#organization","name":"2B Kind","url":"https:\/\/2b-kind.org\/az\/","logo":{"@type":"ImageObject","inLanguage":"az-AZ","@id":"https:\/\/2b-kind.org\/az\/#\/schema\/logo\/image\/","url":"https:\/\/2b-kind.org\/wp-content\/uploads\/2022\/10\/logo-v2.svg","contentUrl":"https:\/\/2b-kind.org\/wp-content\/uploads\/2022\/10\/logo-v2.svg","width":80,"height":75,"caption":"2B Kind"},"image":{"@id":"https:\/\/2b-kind.org\/az\/#\/schema\/logo\/image\/"}}]}},"campaignId":"","_links":{"self":[{"href":"https:\/\/2b-kind.org\/az\/wp-json\/wp\/v2\/pages\/712","targetHints":{"allow":["GET"]}}],"collection":[{"href":"https:\/\/2b-kind.org\/az\/wp-json\/wp\/v2\/pages"}],"about":[{"href":"https:\/\/2b-kind.org\/az\/wp-json\/wp\/v2\/types\/page"}],"author":[{"embeddable":true,"href":"https:\/\/2b-kind.org\/az\/wp-json\/wp\/v2\/users\/1"}],"replies":[{"embeddable":true,"href":"https:\/\/2b-kind.org\/az\/wp-json\/wp\/v2\/comments?post=712"}],"version-history":[{"count":4,"href":"https:\/\/2b-kind.org\/az\/wp-json\/wp\/v2\/pages\/712\/revisions"}],"predecessor-version":[{"id":805,"href":"https:\/\/2b-kind.org\/az\/wp-json\/wp\/v2\/pages\/712\/revisions\/805"}],"up":[{"embeddable":true,"href":"https:\/\/2b-kind.org\/az\/wp-json\/wp\/v2\/pages\/149"}],"wp:featuredmedia":[{"embeddable":true,"href":"https:\/\/2b-kind.org\/az\/wp-json\/wp\/v2\/media\/729"}],"wp:attachment":[{"href":"https:\/\/2b-kind.org\/az\/wp-json\/wp\/v2\/media?parent=712"}],"curies":[{"name":"wp","href":"https:\/\/api.w.org\/{rel}","templated":true}]}}