{"id":538,"date":"2024-09-05T04:00:24","date_gmt":"2024-09-05T04:00:24","guid":{"rendered":"https:\/\/2b-kind.org\/?page_id=538"},"modified":"2025-12-31T00:06:13","modified_gmt":"2025-12-31T00:06:13","slug":"library-project-in-fizuli-district-2024","status":"publish","type":"page","link":"https:\/\/2b-kind.org\/az\/projects\/library-project-in-fizuli-district-2024\/","title":{"rendered":"F\u00fczuli rayonunda kitabxana"},"content":{"rendered":"<p>2024-c\u00fc ilin mart ay\u0131nda c\u0259miyy\u0259timizin maliyy\u0259 d\u0259st\u0259yi il\u0259 Fizuli Rayonu, Yuxar\u0131 Seyid\u0259hm\u0259dli k\u0259nd kitabxanas\u0131 \u0259sasl\u0131 t\u0259mir olunmu\u015f v\u0259 y\u00fcz\u0259 yax\u0131n b\u0259dii kitablarla t\u0259min edilmi\u015fdir. Kitabxanaya 2B-Kind \u00fcmumi olaraq 1380 AZN m\u0259bl\u0259\u011find\u0259 v\u0259sait ayirmi\u015fd\u0131r.<\/p>\n<p>Qeyd ed\u0259k ki, bu kitabxanadan il \u0259rzind\u0259 500-d\u0259n \u00e7ox m\u0259kt\u0259bli, t\u0259l\u0259b\u0259 v\u0259 dig\u0259r n\u0259slin n\u00fcmay\u0259nd\u0259l\u0259rinin istifad\u0259si g\u00f6zl\u0259nilir.<\/p>\n<p>Bundan \u0259lav\u0259, kitabxana r\u0259hb\u0259rliyinin dig\u0259r ehtiyaclarla ba\u011fl\u0131 fikri dinl\u0259nildikd\u0259n sonra, m\u00fcasir d\u00f6vr\u00fcn \u015f\u0259rtl\u0259ri n\u0259z\u0259r\u0259 al\u0131naraq kitabxanan\u0131 bilgisayarla t\u0259min etmi\u015fik. \u018fsas m\u0259qs\u0259d odur ki, art\u0131q kitabxanan\u0131n kitab sistemi, kitablar\u0131n istifad\u0259\u00e7il\u0259r\u0259 verilm\u0259si, qaytar\u0131lmas\u0131 v\u0259 dig\u0259r i\u015fl\u0259r digital formada apar\u0131ls\u0131n.<\/p>\n<p>Kitabxanan\u0131n t\u0259mird\u0259n sonra a\u00e7\u0131l\u0131\u015f\u0131 1 aprel 2024-c\u00fc ild\u0259 ba\u015f tutmu\u015fdur. T\u0259dbird\u0259 i\u015ftirak ed\u0259n c\u0259miyy\u0259timizin s\u0259dri, Elvin C\u0259bray\u0131l, kitabxanaya al\u0131nan kitablar\u0131 \u015f\u0259xs\u0259n \u00e7atd\u0131rm\u0131\u015f, kitabxanan\u0131n r\u0259hb\u0259rliyi v\u0259 m\u0259kt\u0259bli istifad\u0259\u00e7il\u0259ri il\u0259 yax\u0131ndan tan\u0131\u015f olmu\u015fdur. Fizuli Rayon M\u0259rk\u0259zl\u0259\u015fdirilmi\u015f Kitabxana Sisteminin r\u0259hb\u0259rinin d\u0259 i\u015ftirak etdiyi a\u00e7\u0131l\u0131\u015f t\u0259dbirind\u0259 c\u0259miyy\u0259timiz\u0259 r\u0259hb\u0259rlik t\u0259r\u0259find\u0259n t\u0259\u015f\u0259kk\u00fcrnam\u0259 t\u0259qdim edilmi\u015fdir.<\/p>\n<p>C\u0259miyy\u0259timiz bu kitabxana il\u0259 \u0259laq\u0259l\u0259rini davaml\u0131 aparacaq, kitabxana istifad\u0259\u00e7il\u0259rinin say\u0131, maraqlar\u0131 v\u0259 t\u0259l\u0259bl\u0259ri il\u0259 daim m\u0259\u015f\u011ful olacaqd\u0131r.<\/p>\n<p>&nbsp;\u201c2B-Kind\u201d (ingilisc\u0259d\u0259n t\u0259rc\u00fcm\u0259d\u0259 n\u0259zak\u0259tli, almancadan t\u0259rc\u00fcm\u0259d\u0259 u\u015faq olmaq anlam\u0131nda) az t\u0259minatl\u0131 ail\u0259l\u0259rd\u0259n olan u\u015faqlara t\u0259hsili \u0259l\u00e7atan etm\u0259k m\u0259qs\u0259di il\u0259 Az\u0259rbaycandan k\u0259narda, \u0259sas\u0259n Almaniyada ya\u015fayan k\u00f6n\u00fcll\u00fc dostlar\u0131m\u0131z\u0131n qurdu\u011fu bir xeyriyy\u0259 c\u0259miyy\u0259tidir. M\u0259qs\u0259dimiz yoxsulluq s\u0259b\u0259bind\u0259n t\u0259hsild\u0259n k\u0259nar qalan u\u015faqlara davaml\u0131 \u015f\u0259kild\u0259 h\u0259m maddi, h\u0259m d\u0259 m\u0259n\u0259vi yard\u0131m g\u00f6st\u0259rm\u0259kdir. \u00d6lk\u0259mizd\u0259 v\u0259 d\u00fcnyada ya\u015fanan bir \u00e7ox probleml\u0259rin t\u0259m\u0259lind\u0259 yet\u0259rsiz t\u0259hsilin dayand\u0131\u011f\u0131 m\u0259lumdur. Yet\u0259rsiz t\u0259hsil is\u0259 bir \u00e7ox hallarda yoxsulluqla \u0259laq\u0259lidir. U\u015faqlar\u0131n t\u0259hsili daha i\u015f\u0131ql\u0131 Az\u0259rbaycand\u0131r. Siz d\u0259 u\u015faqlara sevinc b\u0259x\u015f etm\u0259k v\u0259 daha i\u015f\u0131ql\u0131 Az\u0259rbaycan \u00fc\u00e7\u00fcn t\u00f6hfv\u0259 verm\u0259k ist\u0259yirsizs\u0259, ian\u0259 etm\u0259kl\u0259 biz\u0259 d\u0259st\u0259k ola bil\u0259rsiniz!<\/p>\n<p>Sizin 2B-Kind ail\u0259si<\/p>\n<p><strong>\u018flaq\u0259:<\/strong> <a href=\"mailto:2b.kind.2022@gmail.com\">2b.kind.2022@gmail.com<\/a><\/p>\n<p><strong>Ian\u0259 et:<\/strong> <a href=\"https:\/\/2b-kind.org\/az\/donate\/\">\u0130an\u0259 et &#8211; 2B Kind<\/a><\/p>\n<p>Bu link\u0259 daxil olaraq d\u00fcnyan\u0131n ist\u0259nil\u0259n yerind\u0259n rahatl\u0131qla ian\u0259 ed\u0259 bil\u0259rsiniz.<\/p>\n<p>ngg_shortcode_1_placeholder<\/p>","protected":false},"excerpt":{"rendered":"<p>2024-c\u00fc ilin mart ay\u0131nda c\u0259miyy\u0259timizin maliyy\u0259 d\u0259st\u0259yi il\u0259 Fizuli Rayonu, Yuxar\u0131 Seyid\u0259hm\u0259dli k\u0259nd kitabxanas\u0131 \u0259sasl\u0131 t\u0259mir olunmu\u015f v\u0259 y\u00fcz\u0259 yax\u0131n b\u0259dii kitablarla t\u0259min edilmi\u015fdir. Kitabxanaya 2B-Kind \u00fcmumi olaraq 1380 AZN m\u0259bl\u0259\u011find\u0259 v\u0259sait ayirmi\u015fd\u0131r. Qeyd ed\u0259k ki, bu kitabxanadan il \u0259rzind\u0259 500-d\u0259n \u00e7ox m\u0259kt\u0259bli, t\u0259l\u0259b\u0259 v\u0259 dig\u0259r n\u0259slin n\u00fcmay\u0259nd\u0259l\u0259rinin istifad\u0259si g\u00f6zl\u0259nilir. Bundan \u0259lav\u0259, kitabxana r\u0259hb\u0259rliyinin dig\u0259r [&hellip;]<\/p>\n","protected":false},"author":1,"featured_media":551,"parent":149,"menu_order":2,"comment_status":"closed","ping_status":"closed","template":"page-project.php","meta":{"_acf_changed":false,"give_campaign_id":0,"inline_featured_image":false,"ngg_post_thumbnail":0,"footnotes":""},"class_list":["post-538","page","type-page","status-publish","has-post-thumbnail","hentry"],"acf":[],"yoast_head":"<!-- This site is optimized with the Yoast SEO plugin v27.5 - https:\/\/yoast.com\/product\/yoast-seo-wordpress\/ -->\n<title>F\u00fczuli rayonunda kitabxana - 2B Kind<\/title>\n<meta name=\"robots\" content=\"index, follow, max-snippet:-1, max-image-preview:large, max-video-preview:-1\" \/>\n<link rel=\"canonical\" href=\"https:\/\/2b-kind.org\/az\/projects\/library-project-in-fizuli-district-2024\/\" \/>\n<meta property=\"og:locale\" content=\"az_AZ\" \/>\n<meta property=\"og:type\" content=\"article\" \/>\n<meta property=\"og:title\" content=\"F\u00fczuli rayonunda kitabxana - 2B Kind\" \/>\n<meta property=\"og:description\" content=\"2024-c\u00fc ilin mart ay\u0131nda c\u0259miyy\u0259timizin maliyy\u0259 d\u0259st\u0259yi il\u0259 Fizuli Rayonu, Yuxar\u0131 Seyid\u0259hm\u0259dli k\u0259nd kitabxanas\u0131 \u0259sasl\u0131 t\u0259mir olunmu\u015f v\u0259 y\u00fcz\u0259 yax\u0131n b\u0259dii kitablarla t\u0259min edilmi\u015fdir. Kitabxanaya 2B-Kind \u00fcmumi olaraq 1380 AZN m\u0259bl\u0259\u011find\u0259 v\u0259sait ayirmi\u015fd\u0131r. Qeyd ed\u0259k ki, bu kitabxanadan il \u0259rzind\u0259 500-d\u0259n \u00e7ox m\u0259kt\u0259bli, t\u0259l\u0259b\u0259 v\u0259 dig\u0259r n\u0259slin n\u00fcmay\u0259nd\u0259l\u0259rinin istifad\u0259si g\u00f6zl\u0259nilir. Bundan \u0259lav\u0259, kitabxana r\u0259hb\u0259rliyinin dig\u0259r [&hellip;]\" \/>\n<meta property=\"og:url\" content=\"https:\/\/2b-kind.org\/az\/projects\/library-project-in-fizuli-district-2024\/\" \/>\n<meta property=\"og:site_name\" content=\"2B Kind\" \/>\n<meta property=\"article:modified_time\" content=\"2025-12-31T00:06:13+00:00\" \/>\n<meta property=\"og:image\" content=\"https:\/\/2b-kind.org\/wp-content\/uploads\/2024\/09\/IMG-20240902-WA0007-scaled.jpg\" \/>\n\t<meta property=\"og:image:width\" content=\"2560\" \/>\n\t<meta property=\"og:image:height\" content=\"1920\" \/>\n\t<meta property=\"og:image:type\" content=\"image\/jpeg\" \/>\n<meta name=\"twitter:card\" content=\"summary_large_image\" \/>\n<meta name=\"twitter:label1\" content=\"Est. reading time\" \/>\n\t<meta name=\"twitter:data1\" content=\"2 minutes\" \/>\n<script type=\"application\/ld+json\" class=\"yoast-schema-graph\">{\"@context\":\"https:\\\/\\\/schema.org\",\"@graph\":[{\"@type\":\"WebPage\",\"@id\":\"https:\\\/\\\/2b-kind.org\\\/az\\\/projects\\\/library-project-in-fizuli-district-2024\\\/\",\"url\":\"https:\\\/\\\/2b-kind.org\\\/az\\\/projects\\\/library-project-in-fizuli-district-2024\\\/\",\"name\":\"F\u00fczuli rayonunda kitabxana - 2B Kind\",\"isPartOf\":{\"@id\":\"https:\\\/\\\/2b-kind.org\\\/az\\\/#website\"},\"primaryImageOfPage\":{\"@id\":\"https:\\\/\\\/2b-kind.org\\\/az\\\/projects\\\/library-project-in-fizuli-district-2024\\\/#primaryimage\"},\"image\":{\"@id\":\"https:\\\/\\\/2b-kind.org\\\/projects\\\/library-project-in-fizuli-district-2024\\\/#primaryimage\"},\"thumbnailUrl\":\"https:\\\/\\\/2b-kind.org\\\/wp-content\\\/uploads\\\/2024\\\/09\\\/IMG-20240902-WA0007-scaled.jpg\",\"datePublished\":\"2024-09-05T04:00:24+00:00\",\"dateModified\":\"2025-12-31T00:06:13+00:00\",\"breadcrumb\":{\"@id\":\"https:\\\/\\\/2b-kind.org\\\/az\\\/projects\\\/library-project-in-fizuli-district-2024\\\/#breadcrumb\"},\"inLanguage\":\"az-AZ\",\"potentialAction\":[{\"@type\":\"ReadAction\",\"target\":[[\"https:\\\/\\\/2b-kind.org\\\/az\\\/projects\\\/library-project-in-fizuli-district-2024\\\/\"]]}]},{\"@type\":\"ImageObject\",\"inLanguage\":\"az-AZ\",\"@id\":\"https:\\\/\\\/2b-kind.org\\\/az\\\/projects\\\/library-project-in-fizuli-district-2024\\\/#primaryimage\",\"url\":\"https:\\\/\\\/2b-kind.org\\\/wp-content\\\/uploads\\\/2024\\\/09\\\/IMG-20240902-WA0007-scaled.jpg\",\"contentUrl\":\"https:\\\/\\\/2b-kind.org\\\/wp-content\\\/uploads\\\/2024\\\/09\\\/IMG-20240902-WA0007-scaled.jpg\",\"width\":2560,\"height\":1920},{\"@type\":\"BreadcrumbList\",\"@id\":\"https:\\\/\\\/2b-kind.org\\\/az\\\/projects\\\/library-project-in-fizuli-district-2024\\\/#breadcrumb\",\"itemListElement\":[{\"@type\":\"ListItem\",\"position\":1,\"name\":\"Projects\",\"item\":\"https:\\\/\\\/2b-kind.org\\\/az\\\/projects\\\/\"},{\"@type\":\"ListItem\",\"position\":2,\"name\":\"Library in Fuzuli District\"}]},{\"@type\":\"WebSite\",\"@id\":\"https:\\\/\\\/2b-kind.org\\\/az\\\/#website\",\"url\":\"https:\\\/\\\/2b-kind.org\\\/az\\\/\",\"name\":\"2B Kind\",\"description\":\"\",\"publisher\":{\"@id\":\"https:\\\/\\\/2b-kind.org\\\/az\\\/#organization\"},\"potentialAction\":[{\"@type\":\"SearchAction\",\"target\":{\"@type\":\"EntryPoint\",\"urlTemplate\":\"https:\\\/\\\/2b-kind.org\\\/az\\\/?s={search_term_string}\"},\"query-input\":{\"@type\":\"PropertyValueSpecification\",\"valueRequired\":true,\"valueName\":\"search_term_string\"}}],\"inLanguage\":\"az-AZ\"},{\"@type\":\"Organization\",\"@id\":\"https:\\\/\\\/2b-kind.org\\\/az\\\/#organization\",\"name\":\"2B Kind\",\"url\":\"https:\\\/\\\/2b-kind.org\\\/az\\\/\",\"logo\":{\"@type\":\"ImageObject\",\"inLanguage\":\"az-AZ\",\"@id\":\"https:\\\/\\\/2b-kind.org\\\/az\\\/#\\\/schema\\\/logo\\\/image\\\/\",\"url\":\"https:\\\/\\\/2b-kind.org\\\/wp-content\\\/uploads\\\/2022\\\/10\\\/logo-v2.svg\",\"contentUrl\":\"https:\\\/\\\/2b-kind.org\\\/wp-content\\\/uploads\\\/2022\\\/10\\\/logo-v2.svg\",\"width\":80,\"height\":75,\"caption\":\"2B Kind\"},\"image\":{\"@id\":\"https:\\\/\\\/2b-kind.org\\\/az\\\/#\\\/schema\\\/logo\\\/image\\\/\"}}]}<\/script>\n<!-- \/ Yoast SEO plugin. -->","yoast_head_json":{"title":"F\u00fczuli rayonunda kitabxana - 2B Kind","robots":{"index":"index","follow":"follow","max-snippet":"max-snippet:-1","max-image-preview":"max-image-preview:large","max-video-preview":"max-video-preview:-1"},"canonical":"https:\/\/2b-kind.org\/az\/projects\/library-project-in-fizuli-district-2024\/","og_locale":"az_AZ","og_type":"article","og_title":"F\u00fczuli rayonunda kitabxana - 2B Kind","og_description":"2024-c\u00fc ilin mart ay\u0131nda c\u0259miyy\u0259timizin maliyy\u0259 d\u0259st\u0259yi il\u0259 Fizuli Rayonu, Yuxar\u0131 Seyid\u0259hm\u0259dli k\u0259nd kitabxanas\u0131 \u0259sasl\u0131 t\u0259mir olunmu\u015f v\u0259 y\u00fcz\u0259 yax\u0131n b\u0259dii kitablarla t\u0259min edilmi\u015fdir. Kitabxanaya 2B-Kind \u00fcmumi olaraq 1380 AZN m\u0259bl\u0259\u011find\u0259 v\u0259sait ayirmi\u015fd\u0131r. Qeyd ed\u0259k ki, bu kitabxanadan il \u0259rzind\u0259 500-d\u0259n \u00e7ox m\u0259kt\u0259bli, t\u0259l\u0259b\u0259 v\u0259 dig\u0259r n\u0259slin n\u00fcmay\u0259nd\u0259l\u0259rinin istifad\u0259si g\u00f6zl\u0259nilir. Bundan \u0259lav\u0259, kitabxana r\u0259hb\u0259rliyinin dig\u0259r [&hellip;]","og_url":"https:\/\/2b-kind.org\/az\/projects\/library-project-in-fizuli-district-2024\/","og_site_name":"2B Kind","article_modified_time":"2025-12-31T00:06:13+00:00","og_image":[{"width":2560,"height":1920,"url":"https:\/\/2b-kind.org\/wp-content\/uploads\/2024\/09\/IMG-20240902-WA0007-scaled.jpg","type":"image\/jpeg"}],"twitter_card":"summary_large_image","twitter_misc":{"Est. reading time":"2 minutes"},"schema":{"@context":"https:\/\/schema.org","@graph":[{"@type":"WebPage","@id":"https:\/\/2b-kind.org\/az\/projects\/library-project-in-fizuli-district-2024\/","url":"https:\/\/2b-kind.org\/az\/projects\/library-project-in-fizuli-district-2024\/","name":"F\u00fczuli rayonunda kitabxana - 2B Kind","isPartOf":{"@id":"https:\/\/2b-kind.org\/az\/#website"},"primaryImageOfPage":{"@id":"https:\/\/2b-kind.org\/az\/projects\/library-project-in-fizuli-district-2024\/#primaryimage"},"image":{"@id":"https:\/\/2b-kind.org\/projects\/library-project-in-fizuli-district-2024\/#primaryimage"},"thumbnailUrl":"https:\/\/2b-kind.org\/wp-content\/uploads\/2024\/09\/IMG-20240902-WA0007-scaled.jpg","datePublished":"2024-09-05T04:00:24+00:00","dateModified":"2025-12-31T00:06:13+00:00","breadcrumb":{"@id":"https:\/\/2b-kind.org\/az\/projects\/library-project-in-fizuli-district-2024\/#breadcrumb"},"inLanguage":"az-AZ","potentialAction":[{"@type":"ReadAction","target":[["https:\/\/2b-kind.org\/az\/projects\/library-project-in-fizuli-district-2024\/"]]}]},{"@type":"ImageObject","inLanguage":"az-AZ","@id":"https:\/\/2b-kind.org\/az\/projects\/library-project-in-fizuli-district-2024\/#primaryimage","url":"https:\/\/2b-kind.org\/wp-content\/uploads\/2024\/09\/IMG-20240902-WA0007-scaled.jpg","contentUrl":"https:\/\/2b-kind.org\/wp-content\/uploads\/2024\/09\/IMG-20240902-WA0007-scaled.jpg","width":2560,"height":1920},{"@type":"BreadcrumbList","@id":"https:\/\/2b-kind.org\/az\/projects\/library-project-in-fizuli-district-2024\/#breadcrumb","itemListElement":[{"@type":"ListItem","position":1,"name":"Projects","item":"https:\/\/2b-kind.org\/az\/projects\/"},{"@type":"ListItem","position":2,"name":"Library in Fuzuli District"}]},{"@type":"WebSite","@id":"https:\/\/2b-kind.org\/az\/#website","url":"https:\/\/2b-kind.org\/az\/","name":"2B Kind","description":"","publisher":{"@id":"https:\/\/2b-kind.org\/az\/#organization"},"potentialAction":[{"@type":"SearchAction","target":{"@type":"EntryPoint","urlTemplate":"https:\/\/2b-kind.org\/az\/?s={search_term_string}"},"query-input":{"@type":"PropertyValueSpecification","valueRequired":true,"valueName":"search_term_string"}}],"inLanguage":"az-AZ"},{"@type":"Organization","@id":"https:\/\/2b-kind.org\/az\/#organization","name":"2B Kind","url":"https:\/\/2b-kind.org\/az\/","logo":{"@type":"ImageObject","inLanguage":"az-AZ","@id":"https:\/\/2b-kind.org\/az\/#\/schema\/logo\/image\/","url":"https:\/\/2b-kind.org\/wp-content\/uploads\/2022\/10\/logo-v2.svg","contentUrl":"https:\/\/2b-kind.org\/wp-content\/uploads\/2022\/10\/logo-v2.svg","width":80,"height":75,"caption":"2B Kind"},"image":{"@id":"https:\/\/2b-kind.org\/az\/#\/schema\/logo\/image\/"}}]}},"campaignId":"","_links":{"self":[{"href":"https:\/\/2b-kind.org\/az\/wp-json\/wp\/v2\/pages\/538","targetHints":{"allow":["GET"]}}],"collection":[{"href":"https:\/\/2b-kind.org\/az\/wp-json\/wp\/v2\/pages"}],"about":[{"href":"https:\/\/2b-kind.org\/az\/wp-json\/wp\/v2\/types\/page"}],"author":[{"embeddable":true,"href":"https:\/\/2b-kind.org\/az\/wp-json\/wp\/v2\/users\/1"}],"replies":[{"embeddable":true,"href":"https:\/\/2b-kind.org\/az\/wp-json\/wp\/v2\/comments?post=538"}],"version-history":[{"count":9,"href":"https:\/\/2b-kind.org\/az\/wp-json\/wp\/v2\/pages\/538\/revisions"}],"predecessor-version":[{"id":793,"href":"https:\/\/2b-kind.org\/az\/wp-json\/wp\/v2\/pages\/538\/revisions\/793"}],"up":[{"embeddable":true,"href":"https:\/\/2b-kind.org\/az\/wp-json\/wp\/v2\/pages\/149"}],"wp:featuredmedia":[{"embeddable":true,"href":"https:\/\/2b-kind.org\/az\/wp-json\/wp\/v2\/media\/551"}],"wp:attachment":[{"href":"https:\/\/2b-kind.org\/az\/wp-json\/wp\/v2\/media?parent=538"}],"curies":[{"name":"wp","href":"https:\/\/api.w.org\/{rel}","templated":true}]}}