{"id":460,"date":"2023-11-29T06:44:36","date_gmt":"2023-11-29T06:44:36","guid":{"rendered":"https:\/\/2b-kind.org\/?page_id=460"},"modified":"2025-12-31T00:15:25","modified_gmt":"2025-12-31T00:15:25","slug":"gec%c9%99qondularda-yasayan-usaqlara-nagil-kitablari-catdirdiq","status":"publish","type":"page","link":"https:\/\/2b-kind.org\/az\/projects\/gec%c9%99qondularda-yasayan-usaqlara-nagil-kitablari-catdirdiq\/","title":{"rendered":"Gec\u0259qondularda ya\u015fayan u\u015faqlara na\u011f\u0131l kitablar\u0131"},"content":{"rendered":"<p>2B-Kind xeyriyy\u0259 c\u0259miyy\u0259ti 29.11.2022 tarixinde yeni il h\u0259diyy\u0259miz olan na\u011f\u0131l kitablar\u0131n\u0131 Sumqay\u0131t \u015f\u0259h\u0259rind\u0259 Karbamit zavodunun arxas\u0131nda gec\u0259qondularda \u015f\u0259raitsiz v\u0259ziyy\u0259td\u0259 ya\u015fayan ail\u0259l\u0259rin \u00f6vladlar\u0131na \u00e7atd\u0131r\u0131b.<\/p>\n<p>\u201c2B-Kind\u201d (ingilisc\u0259d\u0259n t\u0259rc\u00fcm\u0259d\u0259 n\u0259zak\u0259tli, almancadan t\u0259rc\u00fcm\u0259d\u0259 u\u015faq olmaq anlam\u0131nda) yoxsul ail\u0259l\u0259rd\u0259n olan u\u015faqlara t\u0259hsili \u0259l\u00e7atan \u0259tm\u0259k m\u0259qs\u0259di il\u0259 Az\u0259rbaycandan k\u0259narda, \u0259sas\u0259n Almaniyada ya\u015fayan k\u00f6n\u00fcll\u00fc dostlar\u0131m\u0131z\u0131n qurdu\u011fu bir xeyriyy\u0259 c\u0259miyy\u0259tidir. M\u0259qs\u0259dimiz yoxsulluq s\u0259b\u0259bind\u0259n t\u0259hsild\u0259n k\u0259nar qalan u\u015faqlara davaml\u0131 \u015f\u0259kild\u0259 h\u0259m maddi, h\u0259m d\u0259 m\u0259n\u0259vi yard\u0131m g\u00f6st\u0259rm\u0259kdir. Bunu qeyri-r\u0259smi himay\u0259\u00e7ilik d\u0259 adland\u0131rmaq olar. \u00d6lk\u0259mizd\u0259 v\u0259 d\u00fcnyada ya\u015fanan bir \u00e7ox probl\u0259ml\u0259rin t\u0259m\u0259lind\u0259 y\u0259t\u0259rsiz t\u0259hsilin dayand\u0131\u011f\u0131 m\u0259lumdur. Yet\u0259rsiz t\u0259hsil is\u0259 bir \u00e7ox hallarda yoxsulluqla \u0259laq\u0259lidir. Az\u0259rbaycanda t\u0259hsil s\u0259viyy\u0259sinin artmas\u0131na t\u00f6hv\u0259 ver\u0259 bilm\u0259k \u00fc\u00e7\u00fcn 2B-Kind xeyriyy\u0259 c\u0259miyy\u0259tinin idar\u0259 hey\u0259ti xeyrixah insanlar\u0131 ian\u0259 ed\u0259r\u0259k biz\u0259 yard\u0131m olma\u011fa d\u0259v\u0259t edir.<\/p>\n<p>U\u015faqlar\u0131n sevinci bizim sevincimiz, onlar\u0131n t\u0259hsili is\u0259 daha i\u015f\u0131ql\u0131 Az\u0259rbaycand\u0131r. Siz d\u0259 u\u015faqlara sevinc b\u0259x\u015f etm\u0259k v\u0259 daha i\u015f\u0131ql\u0131 Az\u0259rbaycan \u00fc\u00e7\u00fcn t\u00f6hv\u0259 verm\u0259k ist\u0259yirsizs\u0259, biz\u0259 ian\u0259 etm\u0259kl\u0259 d\u0259st\u0259k ola bil\u0259rsiniz!<\/p>\n<p>Sizin 2B-Kind ail\u0259si<\/p>\n<p>Biziml\u0259 \u0259laq\u0259: <a href=\"mailto:2b.kind.2022@gmail.com\">2b.kind.2022@gmail.com<\/a><\/p>\n<p>Ian\u0259 et: bu link\u0259 daxil olaraq d\u00fcnyan\u0131n ist\u0259nil\u0259n yerind\u0259n rahatl\u0131qla ian\u0259 ed\u0259 bil\u0259rsiniz: <a href=\"https:\/\/2b-kind.org\/az\/donate\/\">\u0130an\u0259 et &#8211; 2B Kind<\/a><\/p>\n<p>ngg_shortcode_1_placeholder<\/p>","protected":false},"excerpt":{"rendered":"<p>2B-Kind xeyriyy\u0259 c\u0259miyy\u0259ti 29.11.2022 tarixinde yeni il h\u0259diyy\u0259miz olan na\u011f\u0131l kitablar\u0131n\u0131 Sumqay\u0131t \u015f\u0259h\u0259rind\u0259 Karbamit zavodunun arxas\u0131nda gec\u0259qondularda \u015f\u0259raitsiz v\u0259ziyy\u0259td\u0259 ya\u015fayan ail\u0259l\u0259rin \u00f6vladlar\u0131na \u00e7atd\u0131r\u0131b. \u201c2B-Kind\u201d (ingilisc\u0259d\u0259n t\u0259rc\u00fcm\u0259d\u0259 n\u0259zak\u0259tli, almancadan t\u0259rc\u00fcm\u0259d\u0259 u\u015faq olmaq anlam\u0131nda) yoxsul ail\u0259l\u0259rd\u0259n olan u\u015faqlara t\u0259hsili \u0259l\u00e7atan \u0259tm\u0259k m\u0259qs\u0259di il\u0259 Az\u0259rbaycandan k\u0259narda, \u0259sas\u0259n Almaniyada ya\u015fayan k\u00f6n\u00fcll\u00fc dostlar\u0131m\u0131z\u0131n qurdu\u011fu bir xeyriyy\u0259 c\u0259miyy\u0259tidir. M\u0259qs\u0259dimiz yoxsulluq s\u0259b\u0259bind\u0259n [&hellip;]<\/p>\n","protected":false},"author":2,"featured_media":462,"parent":149,"menu_order":8,"comment_status":"closed","ping_status":"closed","template":"page-project.php","meta":{"_acf_changed":false,"give_campaign_id":0,"inline_featured_image":false,"ngg_post_thumbnail":0,"footnotes":""},"class_list":["post-460","page","type-page","status-publish","has-post-thumbnail","hentry"],"acf":[],"yoast_head":"<!-- This site is optimized with the Yoast SEO plugin v27.5 - https:\/\/yoast.com\/product\/yoast-seo-wordpress\/ -->\n<title>Gec\u0259qondularda ya\u015fayan u\u015faqlara na\u011f\u0131l kitablar\u0131 - 2B Kind<\/title>\n<meta name=\"robots\" content=\"index, follow, max-snippet:-1, max-image-preview:large, max-video-preview:-1\" \/>\n<link rel=\"canonical\" href=\"https:\/\/2b-kind.org\/az\/projects\/gec\u0259qondularda-yasayan-usaqlara-nagil-kitablari-catdirdiq\/\" \/>\n<meta property=\"og:locale\" content=\"az_AZ\" \/>\n<meta property=\"og:type\" content=\"article\" \/>\n<meta property=\"og:title\" content=\"Gec\u0259qondularda ya\u015fayan u\u015faqlara na\u011f\u0131l kitablar\u0131 - 2B Kind\" \/>\n<meta property=\"og:description\" content=\"2B-Kind xeyriyy\u0259 c\u0259miyy\u0259ti 29.11.2022 tarixinde yeni il h\u0259diyy\u0259miz olan na\u011f\u0131l kitablar\u0131n\u0131 Sumqay\u0131t \u015f\u0259h\u0259rind\u0259 Karbamit zavodunun arxas\u0131nda gec\u0259qondularda \u015f\u0259raitsiz v\u0259ziyy\u0259td\u0259 ya\u015fayan ail\u0259l\u0259rin \u00f6vladlar\u0131na \u00e7atd\u0131r\u0131b. \u201c2B-Kind\u201d (ingilisc\u0259d\u0259n t\u0259rc\u00fcm\u0259d\u0259 n\u0259zak\u0259tli, almancadan t\u0259rc\u00fcm\u0259d\u0259 u\u015faq olmaq anlam\u0131nda) yoxsul ail\u0259l\u0259rd\u0259n olan u\u015faqlara t\u0259hsili \u0259l\u00e7atan \u0259tm\u0259k m\u0259qs\u0259di il\u0259 Az\u0259rbaycandan k\u0259narda, \u0259sas\u0259n Almaniyada ya\u015fayan k\u00f6n\u00fcll\u00fc dostlar\u0131m\u0131z\u0131n qurdu\u011fu bir xeyriyy\u0259 c\u0259miyy\u0259tidir. M\u0259qs\u0259dimiz yoxsulluq s\u0259b\u0259bind\u0259n [&hellip;]\" \/>\n<meta property=\"og:url\" content=\"https:\/\/2b-kind.org\/az\/projects\/gec\u0259qondularda-yasayan-usaqlara-nagil-kitablari-catdirdiq\/\" \/>\n<meta property=\"og:site_name\" content=\"2B Kind\" \/>\n<meta property=\"article:modified_time\" content=\"2025-12-31T00:15:25+00:00\" \/>\n<meta property=\"og:image\" content=\"https:\/\/2b-kind.org\/wp-content\/uploads\/2024\/03\/Karbamit.jpg\" \/>\n\t<meta property=\"og:image:width\" content=\"1286\" \/>\n\t<meta property=\"og:image:height\" content=\"1082\" \/>\n\t<meta property=\"og:image:type\" content=\"image\/jpeg\" \/>\n<meta name=\"twitter:card\" content=\"summary_large_image\" \/>\n<meta name=\"twitter:label1\" content=\"Est. reading time\" \/>\n\t<meta name=\"twitter:data1\" content=\"2 minutes\" \/>\n<script type=\"application\/ld+json\" class=\"yoast-schema-graph\">{\"@context\":\"https:\\\/\\\/schema.org\",\"@graph\":[{\"@type\":\"WebPage\",\"@id\":\"https:\\\/\\\/2b-kind.org\\\/az\\\/projects\\\/gec%c9%99qondularda-yasayan-usaqlara-nagil-kitablari-catdirdiq\\\/\",\"url\":\"https:\\\/\\\/2b-kind.org\\\/az\\\/projects\\\/gec%c9%99qondularda-yasayan-usaqlara-nagil-kitablari-catdirdiq\\\/\",\"name\":\"Gec\u0259qondularda ya\u015fayan u\u015faqlara na\u011f\u0131l kitablar\u0131 - 2B Kind\",\"isPartOf\":{\"@id\":\"https:\\\/\\\/2b-kind.org\\\/az\\\/#website\"},\"primaryImageOfPage\":{\"@id\":\"https:\\\/\\\/2b-kind.org\\\/az\\\/projects\\\/gec%c9%99qondularda-yasayan-usaqlara-nagil-kitablari-catdirdiq\\\/#primaryimage\"},\"image\":{\"@id\":\"https:\\\/\\\/2b-kind.org\\\/projects\\\/gec%c9%99qondularda-yasayan-usaqlara-nagil-kitablari-catdirdiq\\\/#primaryimage\"},\"thumbnailUrl\":\"https:\\\/\\\/2b-kind.org\\\/wp-content\\\/uploads\\\/2024\\\/03\\\/Karbamit.jpg\",\"datePublished\":\"2023-11-29T06:44:36+00:00\",\"dateModified\":\"2025-12-31T00:15:25+00:00\",\"breadcrumb\":{\"@id\":\"https:\\\/\\\/2b-kind.org\\\/az\\\/projects\\\/gec%c9%99qondularda-yasayan-usaqlara-nagil-kitablari-catdirdiq\\\/#breadcrumb\"},\"inLanguage\":\"az-AZ\",\"potentialAction\":[{\"@type\":\"ReadAction\",\"target\":[[\"https:\\\/\\\/2b-kind.org\\\/az\\\/projects\\\/gec%c9%99qondularda-yasayan-usaqlara-nagil-kitablari-catdirdiq\\\/\"]]}]},{\"@type\":\"ImageObject\",\"inLanguage\":\"az-AZ\",\"@id\":\"https:\\\/\\\/2b-kind.org\\\/az\\\/projects\\\/gec%c9%99qondularda-yasayan-usaqlara-nagil-kitablari-catdirdiq\\\/#primaryimage\",\"url\":\"https:\\\/\\\/2b-kind.org\\\/wp-content\\\/uploads\\\/2024\\\/03\\\/Karbamit.jpg\",\"contentUrl\":\"https:\\\/\\\/2b-kind.org\\\/wp-content\\\/uploads\\\/2024\\\/03\\\/Karbamit.jpg\",\"width\":1286,\"height\":1082},{\"@type\":\"BreadcrumbList\",\"@id\":\"https:\\\/\\\/2b-kind.org\\\/az\\\/projects\\\/gec%c9%99qondularda-yasayan-usaqlara-nagil-kitablari-catdirdiq\\\/#breadcrumb\",\"itemListElement\":[{\"@type\":\"ListItem\",\"position\":1,\"name\":\"Projects\",\"item\":\"https:\\\/\\\/2b-kind.org\\\/az\\\/projects\\\/\"},{\"@type\":\"ListItem\",\"position\":2,\"name\":\"Storybooks for children living in the slums\"}]},{\"@type\":\"WebSite\",\"@id\":\"https:\\\/\\\/2b-kind.org\\\/az\\\/#website\",\"url\":\"https:\\\/\\\/2b-kind.org\\\/az\\\/\",\"name\":\"2B Kind\",\"description\":\"\",\"publisher\":{\"@id\":\"https:\\\/\\\/2b-kind.org\\\/az\\\/#organization\"},\"potentialAction\":[{\"@type\":\"SearchAction\",\"target\":{\"@type\":\"EntryPoint\",\"urlTemplate\":\"https:\\\/\\\/2b-kind.org\\\/az\\\/?s={search_term_string}\"},\"query-input\":{\"@type\":\"PropertyValueSpecification\",\"valueRequired\":true,\"valueName\":\"search_term_string\"}}],\"inLanguage\":\"az-AZ\"},{\"@type\":\"Organization\",\"@id\":\"https:\\\/\\\/2b-kind.org\\\/az\\\/#organization\",\"name\":\"2B Kind\",\"url\":\"https:\\\/\\\/2b-kind.org\\\/az\\\/\",\"logo\":{\"@type\":\"ImageObject\",\"inLanguage\":\"az-AZ\",\"@id\":\"https:\\\/\\\/2b-kind.org\\\/az\\\/#\\\/schema\\\/logo\\\/image\\\/\",\"url\":\"https:\\\/\\\/2b-kind.org\\\/wp-content\\\/uploads\\\/2022\\\/10\\\/logo-v2.svg\",\"contentUrl\":\"https:\\\/\\\/2b-kind.org\\\/wp-content\\\/uploads\\\/2022\\\/10\\\/logo-v2.svg\",\"width\":80,\"height\":75,\"caption\":\"2B Kind\"},\"image\":{\"@id\":\"https:\\\/\\\/2b-kind.org\\\/az\\\/#\\\/schema\\\/logo\\\/image\\\/\"}}]}<\/script>\n<!-- \/ Yoast SEO plugin. -->","yoast_head_json":{"title":"Gec\u0259qondularda ya\u015fayan u\u015faqlara na\u011f\u0131l kitablar\u0131 - 2B Kind","robots":{"index":"index","follow":"follow","max-snippet":"max-snippet:-1","max-image-preview":"max-image-preview:large","max-video-preview":"max-video-preview:-1"},"canonical":"https:\/\/2b-kind.org\/az\/projects\/gec\u0259qondularda-yasayan-usaqlara-nagil-kitablari-catdirdiq\/","og_locale":"az_AZ","og_type":"article","og_title":"Gec\u0259qondularda ya\u015fayan u\u015faqlara na\u011f\u0131l kitablar\u0131 - 2B Kind","og_description":"2B-Kind xeyriyy\u0259 c\u0259miyy\u0259ti 29.11.2022 tarixinde yeni il h\u0259diyy\u0259miz olan na\u011f\u0131l kitablar\u0131n\u0131 Sumqay\u0131t \u015f\u0259h\u0259rind\u0259 Karbamit zavodunun arxas\u0131nda gec\u0259qondularda \u015f\u0259raitsiz v\u0259ziyy\u0259td\u0259 ya\u015fayan ail\u0259l\u0259rin \u00f6vladlar\u0131na \u00e7atd\u0131r\u0131b. \u201c2B-Kind\u201d (ingilisc\u0259d\u0259n t\u0259rc\u00fcm\u0259d\u0259 n\u0259zak\u0259tli, almancadan t\u0259rc\u00fcm\u0259d\u0259 u\u015faq olmaq anlam\u0131nda) yoxsul ail\u0259l\u0259rd\u0259n olan u\u015faqlara t\u0259hsili \u0259l\u00e7atan \u0259tm\u0259k m\u0259qs\u0259di il\u0259 Az\u0259rbaycandan k\u0259narda, \u0259sas\u0259n Almaniyada ya\u015fayan k\u00f6n\u00fcll\u00fc dostlar\u0131m\u0131z\u0131n qurdu\u011fu bir xeyriyy\u0259 c\u0259miyy\u0259tidir. M\u0259qs\u0259dimiz yoxsulluq s\u0259b\u0259bind\u0259n [&hellip;]","og_url":"https:\/\/2b-kind.org\/az\/projects\/gec\u0259qondularda-yasayan-usaqlara-nagil-kitablari-catdirdiq\/","og_site_name":"2B Kind","article_modified_time":"2025-12-31T00:15:25+00:00","og_image":[{"width":1286,"height":1082,"url":"https:\/\/2b-kind.org\/wp-content\/uploads\/2024\/03\/Karbamit.jpg","type":"image\/jpeg"}],"twitter_card":"summary_large_image","twitter_misc":{"Est. reading time":"2 minutes"},"schema":{"@context":"https:\/\/schema.org","@graph":[{"@type":"WebPage","@id":"https:\/\/2b-kind.org\/az\/projects\/gec%c9%99qondularda-yasayan-usaqlara-nagil-kitablari-catdirdiq\/","url":"https:\/\/2b-kind.org\/az\/projects\/gec%c9%99qondularda-yasayan-usaqlara-nagil-kitablari-catdirdiq\/","name":"Gec\u0259qondularda ya\u015fayan u\u015faqlara na\u011f\u0131l kitablar\u0131 - 2B Kind","isPartOf":{"@id":"https:\/\/2b-kind.org\/az\/#website"},"primaryImageOfPage":{"@id":"https:\/\/2b-kind.org\/az\/projects\/gec%c9%99qondularda-yasayan-usaqlara-nagil-kitablari-catdirdiq\/#primaryimage"},"image":{"@id":"https:\/\/2b-kind.org\/projects\/gec%c9%99qondularda-yasayan-usaqlara-nagil-kitablari-catdirdiq\/#primaryimage"},"thumbnailUrl":"https:\/\/2b-kind.org\/wp-content\/uploads\/2024\/03\/Karbamit.jpg","datePublished":"2023-11-29T06:44:36+00:00","dateModified":"2025-12-31T00:15:25+00:00","breadcrumb":{"@id":"https:\/\/2b-kind.org\/az\/projects\/gec%c9%99qondularda-yasayan-usaqlara-nagil-kitablari-catdirdiq\/#breadcrumb"},"inLanguage":"az-AZ","potentialAction":[{"@type":"ReadAction","target":[["https:\/\/2b-kind.org\/az\/projects\/gec%c9%99qondularda-yasayan-usaqlara-nagil-kitablari-catdirdiq\/"]]}]},{"@type":"ImageObject","inLanguage":"az-AZ","@id":"https:\/\/2b-kind.org\/az\/projects\/gec%c9%99qondularda-yasayan-usaqlara-nagil-kitablari-catdirdiq\/#primaryimage","url":"https:\/\/2b-kind.org\/wp-content\/uploads\/2024\/03\/Karbamit.jpg","contentUrl":"https:\/\/2b-kind.org\/wp-content\/uploads\/2024\/03\/Karbamit.jpg","width":1286,"height":1082},{"@type":"BreadcrumbList","@id":"https:\/\/2b-kind.org\/az\/projects\/gec%c9%99qondularda-yasayan-usaqlara-nagil-kitablari-catdirdiq\/#breadcrumb","itemListElement":[{"@type":"ListItem","position":1,"name":"Projects","item":"https:\/\/2b-kind.org\/az\/projects\/"},{"@type":"ListItem","position":2,"name":"Storybooks for children living in the slums"}]},{"@type":"WebSite","@id":"https:\/\/2b-kind.org\/az\/#website","url":"https:\/\/2b-kind.org\/az\/","name":"2B Kind","description":"","publisher":{"@id":"https:\/\/2b-kind.org\/az\/#organization"},"potentialAction":[{"@type":"SearchAction","target":{"@type":"EntryPoint","urlTemplate":"https:\/\/2b-kind.org\/az\/?s={search_term_string}"},"query-input":{"@type":"PropertyValueSpecification","valueRequired":true,"valueName":"search_term_string"}}],"inLanguage":"az-AZ"},{"@type":"Organization","@id":"https:\/\/2b-kind.org\/az\/#organization","name":"2B Kind","url":"https:\/\/2b-kind.org\/az\/","logo":{"@type":"ImageObject","inLanguage":"az-AZ","@id":"https:\/\/2b-kind.org\/az\/#\/schema\/logo\/image\/","url":"https:\/\/2b-kind.org\/wp-content\/uploads\/2022\/10\/logo-v2.svg","contentUrl":"https:\/\/2b-kind.org\/wp-content\/uploads\/2022\/10\/logo-v2.svg","width":80,"height":75,"caption":"2B Kind"},"image":{"@id":"https:\/\/2b-kind.org\/az\/#\/schema\/logo\/image\/"}}]}},"campaignId":"","_links":{"self":[{"href":"https:\/\/2b-kind.org\/az\/wp-json\/wp\/v2\/pages\/460","targetHints":{"allow":["GET"]}}],"collection":[{"href":"https:\/\/2b-kind.org\/az\/wp-json\/wp\/v2\/pages"}],"about":[{"href":"https:\/\/2b-kind.org\/az\/wp-json\/wp\/v2\/types\/page"}],"author":[{"embeddable":true,"href":"https:\/\/2b-kind.org\/az\/wp-json\/wp\/v2\/users\/2"}],"replies":[{"embeddable":true,"href":"https:\/\/2b-kind.org\/az\/wp-json\/wp\/v2\/comments?post=460"}],"version-history":[{"count":7,"href":"https:\/\/2b-kind.org\/az\/wp-json\/wp\/v2\/pages\/460\/revisions"}],"predecessor-version":[{"id":798,"href":"https:\/\/2b-kind.org\/az\/wp-json\/wp\/v2\/pages\/460\/revisions\/798"}],"up":[{"embeddable":true,"href":"https:\/\/2b-kind.org\/az\/wp-json\/wp\/v2\/pages\/149"}],"wp:featuredmedia":[{"embeddable":true,"href":"https:\/\/2b-kind.org\/az\/wp-json\/wp\/v2\/media\/462"}],"wp:attachment":[{"href":"https:\/\/2b-kind.org\/az\/wp-json\/wp\/v2\/media?parent=460"}],"curies":[{"name":"wp","href":"https:\/\/api.w.org\/{rel}","templated":true}]}}