{"id":421,"date":"2023-09-05T06:43:06","date_gmt":"2023-09-05T06:43:06","guid":{"rendered":"https:\/\/2b-kind.org\/?page_id=421"},"modified":"2025-12-31T00:07:34","modified_gmt":"2025-12-31T00:07:34","slug":"sumgayit-city-and-agjabadi-region","status":"publish","type":"page","link":"https:\/\/2b-kind.org\/az\/projects\/sumgayit-city-and-agjabadi-region\/","title":{"rendered":"Az t\u0259minatl\u0131 ail\u0259d\u0259n olan 50 u\u015fa\u011fa m\u0259kt\u0259b l\u0259vazimatlar\u0131 &#8211; Sumqay\u0131t \u015f\u0259h\u0259ri v\u0259 A\u011fcab\u0259di rayonu"},"content":{"rendered":"<p>T\u0259hsil\u0259 ged\u0259n yolun sal\u0131nmas\u0131 v\u0259 hamarlanmas\u0131 adland\u0131ra bil\u0259rik n\u00f6vb\u0259ti layih\u0259mizi. &nbsp;<\/p>\n<p>S\u00f6hb\u0259t bu t\u0259dris ilind\u0259 Sumqay\u0131t \u015f\u0259h\u0259ri v\u0259 A\u011fcab\u0259di rayonunda yard\u0131m etdiyimiz \u00fcmumilikd\u0259 ya vaildeynl\u0259rinin h\u0259r ikisini ya da birini itirmi\u015f v\u0259 h\u0259ddind\u0259n ziyad\u0259 kas\u0131b\u00e7\u0131l\u0131qdan \u0259ziyy\u0259t \u00e7\u0259k\u0259n 50 azya\u015fl\u0131 u\u015faqdan gedir. Aralar\u0131nda imkans\u0131zl\u0131q, x\u00fcsusil\u0259 m\u0259kt\u0259bli geyimi v\u0259 l\u0259vazimat\u0131n\u0131n olmamas\u0131 s\u0259b\u0259bind\u0259n m\u0259kt\u0259b\u0259 getm\u0259k \u00fcmidi olmayan v\u0259 ya art\u0131q bir ne\u00e7\u0259 il m\u0259kt\u0259bd\u0259n k\u0259nar qalm\u0131\u015f u\u015faqlar da vard\u0131.<\/p>\n<p>T\u0259kc\u0259 u\u015faqlar\u0131n v\u0259 valideynl\u0259rinin ya\u015fad\u0131qlar\u0131 yer deyildi onlar\u0131n \u00e7\u0259tin v\u0259ziyy\u0259tini g\u00f6st\u0259r\u0259n, h\u0259m\u00e7inin valideynl\u0259rin s\u00f6z\u00fcn h\u0259qiqi m\u0259nas\u0131nda imkans\u0131zl\u0131q s\u0259b\u0259bind\u0259n \u00e7ar\u0259sizliyi idi, biz\u0259 do\u011fru yolda oldu\u011fumuzu bildir\u0259n.<\/p>\n<p>Daha 50 u\u015faq \u00fc\u00e7\u00fcn m\u0259kt\u0259b\u0259 ged\u0259n yolu salmaq v\u0259 i\u015f\u0131qland\u0131rmaq, onlara t\u0259hsili \u0259l\u00e7atan etm\u0259k, bizi \u00e7ox sevindirir.<\/p>\n<p>Bu iki proyekt \u00fc\u00e7\u00fcn c\u0259miyy\u0259timizin hesab\u0131ndan \u00fcmumilikd\u0259 5700 AZN x\u0259rcl\u0259nmi\u015fdir.<\/p>\n<p>\u0130an\u0259\u00e7i v\u0259 b\u00fct\u00fcn d\u0259st\u0259k ver\u0259nl\u0259r\u0259, x\u00fcsusil\u0259 bu proyektl\u0259rin \u0259rs\u0259y\u0259 g\u0259lm\u0259sind\u0259, ehtiyacl\u0131 u\u015faqlar\u0131n tap\u0131lmas\u0131nda k\u00f6m\u0259klik g\u00f6st\u0259r\u0259n N\u0259zrin xan\u0131m v\u0259 V\u00fcsal b\u0259y\u0259 c\u0259miyy\u0259timiz ad\u0131ndan minn\u0259tdarl\u0131\u011f\u0131m\u0131z\u0131&nbsp;bildiririk.<\/p>\n<p>\u201c2B-Kind\u201d (ingilisc\u0259d\u0259n t\u0259rc\u00fcm\u0259d\u0259 n\u0259zak\u0259tli, almancadan t\u0259rc\u00fcm\u0259d\u0259 u\u015faq olmaq anlam\u0131nda) yoxsul ail\u0259l\u0259rd\u0259n olan u\u015faqlara t\u0259hsili \u0259l\u00e7atan \u0259tm\u0259k m\u0259qs\u0259di il\u0259 Az\u0259rbaycandan k\u0259narda, \u0259sas\u0259n Almaniyada ya\u015fayan k\u00f6n\u00fcll\u00fc dostlar\u0131m\u0131z\u0131n qurdu\u011fu bir xeyriyy\u0259 c\u0259miyy\u0259tidir. M\u0259qs\u0259dimiz yoxsulluq s\u0259b\u0259bind\u0259n t\u0259hsild\u0259n k\u0259nar qalan u\u015faqlara davaml\u0131 \u015f\u0259kild\u0259 h\u0259m maddi, h\u0259m d\u0259 m\u0259n\u0259vi yard\u0131m g\u00f6st\u0259rm\u0259kdir. Bunu qeyri-r\u0259smi himay\u0259\u00e7ilik d\u0259 adland\u0131rmaq olar. \u00d6lk\u0259mizd\u0259 v\u0259 d\u00fcnyada ya\u015fanan bir \u00e7ox probl\u0259ml\u0259rin t\u0259m\u0259lind\u0259 y\u0259t\u0259rsiz t\u0259hsilin dayand\u0131\u011f\u0131 m\u0259lumdur. Yet\u0259rsiz t\u0259hsil is\u0259 bir \u00e7ox hallarda yoxsulluqla \u0259laq\u0259lidir. Az\u0259rbaycanda t\u0259hsil s\u0259viyy\u0259sinin artmas\u0131na t\u00f6hv\u0259 ver\u0259 bilm\u0259k \u00fc\u00e7\u00fcn 2B-Kind xeyriyy\u0259 c\u0259miyy\u0259tinin idar\u0259 hey\u0259ti xeyrixah insanlar\u0131 ian\u0259 ed\u0259r\u0259k biz\u0259 yard\u0131m olma\u011fa d\u0259v\u0259t edir.<\/p>\n<p>U\u015faqlar\u0131n sevinci bizim sevincimiz, onlar\u0131n t\u0259hsili is\u0259 daha i\u015f\u0131ql\u0131 Az\u0259rbaycand\u0131r. Siz d\u0259 u\u015faqlara sevinc b\u0259x\u015f etm\u0259k v\u0259 daha i\u015f\u0131ql\u0131 Az\u0259rbaycan \u00fc\u00e7\u00fcn t\u00f6hv\u0259 verm\u0259k ist\u0259yirsizs\u0259, biz\u0259 ian\u0259 etm\u0259kl\u0259 d\u0259st\u0259k ola bil\u0259rsiniz!<\/p>\n<p>Sizin 2B-Kind ail\u0259si<\/p>\n<p>Biziml\u0259 \u0259laq\u0259: <a href=\"mailto:2b.kind.2022@gmail.com\">2b.kind.2022@gmail.com<\/a><\/p>\n<p>Ian\u0259 et: bu link\u0259 daxil olaraq d\u00fcnyan\u0131n ist\u0259nil\u0259n yerind\u0259n rahatl\u0131qla ian\u0259 ed\u0259 bil\u0259rsiniz: <a href=\"https:\/\/2b-kind.org\/az\/donate\">\u0130an\u0259 et &#8211; 2B Kind<\/a><br \/>\nngg_shortcode_1_placeholder<\/p>","protected":false},"excerpt":{"rendered":"<p>T\u0259hsil\u0259 ged\u0259n yolun sal\u0131nmas\u0131 v\u0259 hamarlanmas\u0131 adland\u0131ra bil\u0259rik n\u00f6vb\u0259ti layih\u0259mizi. &nbsp; S\u00f6hb\u0259t bu t\u0259dris ilind\u0259 Sumqay\u0131t \u015f\u0259h\u0259ri v\u0259 A\u011fcab\u0259di rayonunda yard\u0131m etdiyimiz \u00fcmumilikd\u0259 ya vaildeynl\u0259rinin h\u0259r ikisini ya da birini itirmi\u015f v\u0259 h\u0259ddind\u0259n ziyad\u0259 kas\u0131b\u00e7\u0131l\u0131qdan \u0259ziyy\u0259t \u00e7\u0259k\u0259n 50 azya\u015fl\u0131 u\u015faqdan gedir. Aralar\u0131nda imkans\u0131zl\u0131q, x\u00fcsusil\u0259 m\u0259kt\u0259bli geyimi v\u0259 l\u0259vazimat\u0131n\u0131n olmamas\u0131 s\u0259b\u0259bind\u0259n m\u0259kt\u0259b\u0259 getm\u0259k \u00fcmidi olmayan v\u0259 [&hellip;]<\/p>\n","protected":false},"author":2,"featured_media":473,"parent":149,"menu_order":9,"comment_status":"closed","ping_status":"closed","template":"page-project.php","meta":{"_acf_changed":false,"give_campaign_id":0,"inline_featured_image":false,"ngg_post_thumbnail":0,"footnotes":""},"class_list":["post-421","page","type-page","status-publish","has-post-thumbnail","hentry"],"acf":[],"yoast_head":"<!-- This site is optimized with the Yoast SEO plugin v27.5 - https:\/\/yoast.com\/product\/yoast-seo-wordpress\/ -->\n<title>Az t\u0259minatl\u0131 ail\u0259d\u0259n olan 50 u\u015fa\u011fa m\u0259kt\u0259b l\u0259vazimatlar\u0131 - Sumqay\u0131t \u015f\u0259h\u0259ri v\u0259 A\u011fcab\u0259di rayonu - 2B Kind<\/title>\n<meta name=\"robots\" content=\"index, follow, max-snippet:-1, max-image-preview:large, max-video-preview:-1\" \/>\n<link rel=\"canonical\" href=\"https:\/\/2b-kind.org\/az\/projects\/sumgayit-city-and-agjabadi-region\/\" \/>\n<meta property=\"og:locale\" content=\"az_AZ\" \/>\n<meta property=\"og:type\" content=\"article\" \/>\n<meta property=\"og:title\" content=\"Az t\u0259minatl\u0131 ail\u0259d\u0259n olan 50 u\u015fa\u011fa m\u0259kt\u0259b l\u0259vazimatlar\u0131 - Sumqay\u0131t \u015f\u0259h\u0259ri v\u0259 A\u011fcab\u0259di rayonu - 2B Kind\" \/>\n<meta property=\"og:description\" content=\"T\u0259hsil\u0259 ged\u0259n yolun sal\u0131nmas\u0131 v\u0259 hamarlanmas\u0131 adland\u0131ra bil\u0259rik n\u00f6vb\u0259ti layih\u0259mizi. &nbsp; S\u00f6hb\u0259t bu t\u0259dris ilind\u0259 Sumqay\u0131t \u015f\u0259h\u0259ri v\u0259 A\u011fcab\u0259di rayonunda yard\u0131m etdiyimiz \u00fcmumilikd\u0259 ya vaildeynl\u0259rinin h\u0259r ikisini ya da birini itirmi\u015f v\u0259 h\u0259ddind\u0259n ziyad\u0259 kas\u0131b\u00e7\u0131l\u0131qdan \u0259ziyy\u0259t \u00e7\u0259k\u0259n 50 azya\u015fl\u0131 u\u015faqdan gedir. Aralar\u0131nda imkans\u0131zl\u0131q, x\u00fcsusil\u0259 m\u0259kt\u0259bli geyimi v\u0259 l\u0259vazimat\u0131n\u0131n olmamas\u0131 s\u0259b\u0259bind\u0259n m\u0259kt\u0259b\u0259 getm\u0259k \u00fcmidi olmayan v\u0259 [&hellip;]\" \/>\n<meta property=\"og:url\" content=\"https:\/\/2b-kind.org\/az\/projects\/sumgayit-city-and-agjabadi-region\/\" \/>\n<meta property=\"og:site_name\" content=\"2B Kind\" \/>\n<meta property=\"article:modified_time\" content=\"2025-12-31T00:07:34+00:00\" \/>\n<meta property=\"og:image\" content=\"https:\/\/2b-kind.org\/wp-content\/uploads\/2024\/03\/19.jpg\" \/>\n\t<meta property=\"og:image:width\" content=\"900\" \/>\n\t<meta property=\"og:image:height\" content=\"1200\" \/>\n\t<meta property=\"og:image:type\" content=\"image\/jpeg\" \/>\n<meta name=\"twitter:card\" content=\"summary_large_image\" \/>\n<meta name=\"twitter:label1\" content=\"Est. reading time\" \/>\n\t<meta name=\"twitter:data1\" content=\"2 minutes\" \/>\n<script type=\"application\/ld+json\" class=\"yoast-schema-graph\">{\"@context\":\"https:\\\/\\\/schema.org\",\"@graph\":[{\"@type\":\"WebPage\",\"@id\":\"https:\\\/\\\/2b-kind.org\\\/az\\\/projects\\\/sumgayit-city-and-agjabadi-region\\\/\",\"url\":\"https:\\\/\\\/2b-kind.org\\\/az\\\/projects\\\/sumgayit-city-and-agjabadi-region\\\/\",\"name\":\"Az t\u0259minatl\u0131 ail\u0259d\u0259n olan 50 u\u015fa\u011fa m\u0259kt\u0259b l\u0259vazimatlar\u0131 - Sumqay\u0131t \u015f\u0259h\u0259ri v\u0259 A\u011fcab\u0259di rayonu - 2B Kind\",\"isPartOf\":{\"@id\":\"https:\\\/\\\/2b-kind.org\\\/az\\\/#website\"},\"primaryImageOfPage\":{\"@id\":\"https:\\\/\\\/2b-kind.org\\\/az\\\/projects\\\/sumgayit-city-and-agjabadi-region\\\/#primaryimage\"},\"image\":{\"@id\":\"https:\\\/\\\/2b-kind.org\\\/projects\\\/sumgayit-city-and-agjabadi-region\\\/#primaryimage\"},\"thumbnailUrl\":\"https:\\\/\\\/2b-kind.org\\\/wp-content\\\/uploads\\\/2024\\\/03\\\/19.jpg\",\"datePublished\":\"2023-09-05T06:43:06+00:00\",\"dateModified\":\"2025-12-31T00:07:34+00:00\",\"breadcrumb\":{\"@id\":\"https:\\\/\\\/2b-kind.org\\\/az\\\/projects\\\/sumgayit-city-and-agjabadi-region\\\/#breadcrumb\"},\"inLanguage\":\"az-AZ\",\"potentialAction\":[{\"@type\":\"ReadAction\",\"target\":[[\"https:\\\/\\\/2b-kind.org\\\/az\\\/projects\\\/sumgayit-city-and-agjabadi-region\\\/\"]]}]},{\"@type\":\"ImageObject\",\"inLanguage\":\"az-AZ\",\"@id\":\"https:\\\/\\\/2b-kind.org\\\/az\\\/projects\\\/sumgayit-city-and-agjabadi-region\\\/#primaryimage\",\"url\":\"https:\\\/\\\/2b-kind.org\\\/wp-content\\\/uploads\\\/2024\\\/03\\\/19.jpg\",\"contentUrl\":\"https:\\\/\\\/2b-kind.org\\\/wp-content\\\/uploads\\\/2024\\\/03\\\/19.jpg\",\"width\":900,\"height\":1200},{\"@type\":\"BreadcrumbList\",\"@id\":\"https:\\\/\\\/2b-kind.org\\\/az\\\/projects\\\/sumgayit-city-and-agjabadi-region\\\/#breadcrumb\",\"itemListElement\":[{\"@type\":\"ListItem\",\"position\":1,\"name\":\"Projects\",\"item\":\"https:\\\/\\\/2b-kind.org\\\/az\\\/projects\\\/\"},{\"@type\":\"ListItem\",\"position\":2,\"name\":\"School supplies for 50 children from low-income families -Sumgayit city and Agjabadi region\"}]},{\"@type\":\"WebSite\",\"@id\":\"https:\\\/\\\/2b-kind.org\\\/az\\\/#website\",\"url\":\"https:\\\/\\\/2b-kind.org\\\/az\\\/\",\"name\":\"2B Kind\",\"description\":\"\",\"publisher\":{\"@id\":\"https:\\\/\\\/2b-kind.org\\\/az\\\/#organization\"},\"potentialAction\":[{\"@type\":\"SearchAction\",\"target\":{\"@type\":\"EntryPoint\",\"urlTemplate\":\"https:\\\/\\\/2b-kind.org\\\/az\\\/?s={search_term_string}\"},\"query-input\":{\"@type\":\"PropertyValueSpecification\",\"valueRequired\":true,\"valueName\":\"search_term_string\"}}],\"inLanguage\":\"az-AZ\"},{\"@type\":\"Organization\",\"@id\":\"https:\\\/\\\/2b-kind.org\\\/az\\\/#organization\",\"name\":\"2B Kind\",\"url\":\"https:\\\/\\\/2b-kind.org\\\/az\\\/\",\"logo\":{\"@type\":\"ImageObject\",\"inLanguage\":\"az-AZ\",\"@id\":\"https:\\\/\\\/2b-kind.org\\\/az\\\/#\\\/schema\\\/logo\\\/image\\\/\",\"url\":\"https:\\\/\\\/2b-kind.org\\\/wp-content\\\/uploads\\\/2022\\\/10\\\/logo-v2.svg\",\"contentUrl\":\"https:\\\/\\\/2b-kind.org\\\/wp-content\\\/uploads\\\/2022\\\/10\\\/logo-v2.svg\",\"width\":80,\"height\":75,\"caption\":\"2B Kind\"},\"image\":{\"@id\":\"https:\\\/\\\/2b-kind.org\\\/az\\\/#\\\/schema\\\/logo\\\/image\\\/\"}}]}<\/script>\n<!-- \/ Yoast SEO plugin. -->","yoast_head_json":{"title":"Az t\u0259minatl\u0131 ail\u0259d\u0259n olan 50 u\u015fa\u011fa m\u0259kt\u0259b l\u0259vazimatlar\u0131 - Sumqay\u0131t \u015f\u0259h\u0259ri v\u0259 A\u011fcab\u0259di rayonu - 2B Kind","robots":{"index":"index","follow":"follow","max-snippet":"max-snippet:-1","max-image-preview":"max-image-preview:large","max-video-preview":"max-video-preview:-1"},"canonical":"https:\/\/2b-kind.org\/az\/projects\/sumgayit-city-and-agjabadi-region\/","og_locale":"az_AZ","og_type":"article","og_title":"Az t\u0259minatl\u0131 ail\u0259d\u0259n olan 50 u\u015fa\u011fa m\u0259kt\u0259b l\u0259vazimatlar\u0131 - Sumqay\u0131t \u015f\u0259h\u0259ri v\u0259 A\u011fcab\u0259di rayonu - 2B Kind","og_description":"T\u0259hsil\u0259 ged\u0259n yolun sal\u0131nmas\u0131 v\u0259 hamarlanmas\u0131 adland\u0131ra bil\u0259rik n\u00f6vb\u0259ti layih\u0259mizi. &nbsp; S\u00f6hb\u0259t bu t\u0259dris ilind\u0259 Sumqay\u0131t \u015f\u0259h\u0259ri v\u0259 A\u011fcab\u0259di rayonunda yard\u0131m etdiyimiz \u00fcmumilikd\u0259 ya vaildeynl\u0259rinin h\u0259r ikisini ya da birini itirmi\u015f v\u0259 h\u0259ddind\u0259n ziyad\u0259 kas\u0131b\u00e7\u0131l\u0131qdan \u0259ziyy\u0259t \u00e7\u0259k\u0259n 50 azya\u015fl\u0131 u\u015faqdan gedir. Aralar\u0131nda imkans\u0131zl\u0131q, x\u00fcsusil\u0259 m\u0259kt\u0259bli geyimi v\u0259 l\u0259vazimat\u0131n\u0131n olmamas\u0131 s\u0259b\u0259bind\u0259n m\u0259kt\u0259b\u0259 getm\u0259k \u00fcmidi olmayan v\u0259 [&hellip;]","og_url":"https:\/\/2b-kind.org\/az\/projects\/sumgayit-city-and-agjabadi-region\/","og_site_name":"2B Kind","article_modified_time":"2025-12-31T00:07:34+00:00","og_image":[{"width":900,"height":1200,"url":"https:\/\/2b-kind.org\/wp-content\/uploads\/2024\/03\/19.jpg","type":"image\/jpeg"}],"twitter_card":"summary_large_image","twitter_misc":{"Est. reading time":"2 minutes"},"schema":{"@context":"https:\/\/schema.org","@graph":[{"@type":"WebPage","@id":"https:\/\/2b-kind.org\/az\/projects\/sumgayit-city-and-agjabadi-region\/","url":"https:\/\/2b-kind.org\/az\/projects\/sumgayit-city-and-agjabadi-region\/","name":"Az t\u0259minatl\u0131 ail\u0259d\u0259n olan 50 u\u015fa\u011fa m\u0259kt\u0259b l\u0259vazimatlar\u0131 - Sumqay\u0131t \u015f\u0259h\u0259ri v\u0259 A\u011fcab\u0259di rayonu - 2B Kind","isPartOf":{"@id":"https:\/\/2b-kind.org\/az\/#website"},"primaryImageOfPage":{"@id":"https:\/\/2b-kind.org\/az\/projects\/sumgayit-city-and-agjabadi-region\/#primaryimage"},"image":{"@id":"https:\/\/2b-kind.org\/projects\/sumgayit-city-and-agjabadi-region\/#primaryimage"},"thumbnailUrl":"https:\/\/2b-kind.org\/wp-content\/uploads\/2024\/03\/19.jpg","datePublished":"2023-09-05T06:43:06+00:00","dateModified":"2025-12-31T00:07:34+00:00","breadcrumb":{"@id":"https:\/\/2b-kind.org\/az\/projects\/sumgayit-city-and-agjabadi-region\/#breadcrumb"},"inLanguage":"az-AZ","potentialAction":[{"@type":"ReadAction","target":[["https:\/\/2b-kind.org\/az\/projects\/sumgayit-city-and-agjabadi-region\/"]]}]},{"@type":"ImageObject","inLanguage":"az-AZ","@id":"https:\/\/2b-kind.org\/az\/projects\/sumgayit-city-and-agjabadi-region\/#primaryimage","url":"https:\/\/2b-kind.org\/wp-content\/uploads\/2024\/03\/19.jpg","contentUrl":"https:\/\/2b-kind.org\/wp-content\/uploads\/2024\/03\/19.jpg","width":900,"height":1200},{"@type":"BreadcrumbList","@id":"https:\/\/2b-kind.org\/az\/projects\/sumgayit-city-and-agjabadi-region\/#breadcrumb","itemListElement":[{"@type":"ListItem","position":1,"name":"Projects","item":"https:\/\/2b-kind.org\/az\/projects\/"},{"@type":"ListItem","position":2,"name":"School supplies for 50 children from low-income families -Sumgayit city and Agjabadi region"}]},{"@type":"WebSite","@id":"https:\/\/2b-kind.org\/az\/#website","url":"https:\/\/2b-kind.org\/az\/","name":"2B Kind","description":"","publisher":{"@id":"https:\/\/2b-kind.org\/az\/#organization"},"potentialAction":[{"@type":"SearchAction","target":{"@type":"EntryPoint","urlTemplate":"https:\/\/2b-kind.org\/az\/?s={search_term_string}"},"query-input":{"@type":"PropertyValueSpecification","valueRequired":true,"valueName":"search_term_string"}}],"inLanguage":"az-AZ"},{"@type":"Organization","@id":"https:\/\/2b-kind.org\/az\/#organization","name":"2B Kind","url":"https:\/\/2b-kind.org\/az\/","logo":{"@type":"ImageObject","inLanguage":"az-AZ","@id":"https:\/\/2b-kind.org\/az\/#\/schema\/logo\/image\/","url":"https:\/\/2b-kind.org\/wp-content\/uploads\/2022\/10\/logo-v2.svg","contentUrl":"https:\/\/2b-kind.org\/wp-content\/uploads\/2022\/10\/logo-v2.svg","width":80,"height":75,"caption":"2B Kind"},"image":{"@id":"https:\/\/2b-kind.org\/az\/#\/schema\/logo\/image\/"}}]}},"campaignId":"","_links":{"self":[{"href":"https:\/\/2b-kind.org\/az\/wp-json\/wp\/v2\/pages\/421","targetHints":{"allow":["GET"]}}],"collection":[{"href":"https:\/\/2b-kind.org\/az\/wp-json\/wp\/v2\/pages"}],"about":[{"href":"https:\/\/2b-kind.org\/az\/wp-json\/wp\/v2\/types\/page"}],"author":[{"embeddable":true,"href":"https:\/\/2b-kind.org\/az\/wp-json\/wp\/v2\/users\/2"}],"replies":[{"embeddable":true,"href":"https:\/\/2b-kind.org\/az\/wp-json\/wp\/v2\/comments?post=421"}],"version-history":[{"count":4,"href":"https:\/\/2b-kind.org\/az\/wp-json\/wp\/v2\/pages\/421\/revisions"}],"predecessor-version":[{"id":794,"href":"https:\/\/2b-kind.org\/az\/wp-json\/wp\/v2\/pages\/421\/revisions\/794"}],"up":[{"embeddable":true,"href":"https:\/\/2b-kind.org\/az\/wp-json\/wp\/v2\/pages\/149"}],"wp:featuredmedia":[{"embeddable":true,"href":"https:\/\/2b-kind.org\/az\/wp-json\/wp\/v2\/media\/473"}],"wp:attachment":[{"href":"https:\/\/2b-kind.org\/az\/wp-json\/wp\/v2\/media?parent=421"}],"curies":[{"name":"wp","href":"https:\/\/api.w.org\/{rel}","templated":true}]}}