{"id":329,"date":"2023-09-05T06:12:19","date_gmt":"2023-09-05T06:12:19","guid":{"rendered":"https:\/\/2b-kind.org\/?page_id=329"},"modified":"2025-12-31T00:09:28","modified_gmt":"2025-12-31T00:09:28","slug":"sheki-village-girkhbulag","status":"publish","type":"page","link":"https:\/\/2b-kind.org\/az\/projects\/sheki-village-girkhbulag\/","title":{"rendered":"Az t\u0259minatl\u0131 ail\u0259y\u0259 m\u0259kt\u0259b l\u0259vazimatlar\u0131 &#8211; \u015e\u0259ki rayonu, Qirxbulaq k\u0259ndi"},"content":{"rendered":"<p>2B-Kind xeyriyy\u0259 c\u0259miyy\u0259ti yeni d\u0259rs ilind\u0259 az t\u0259minatl\u0131 ail\u0259l\u0259rd\u0259n olan u\u015faqlara m\u0259kt\u0259b l\u0259vazimatlar\u0131 \u00e7atd\u0131rmaq kampaniyas\u0131 \u00e7\u0259r\u00e7iv\u0259sind\u0259 \u015e\u0259ki rayon Qirxbulaq k\u0259ndinin iki m\u0259kt\u0259blisini b\u00fct\u00fcn vacib m\u0259kt\u0259b l\u0259vazimatlar\u0131 il\u0259 t\u0259min etmi\u015fdir. K\u00f6m\u0259k etdiyimiz ail\u0259, azt\u0259minatl\u0131 olmaqla yana\u015f\u0131, u\u015faqlar\u0131n atas\u0131 ayaq tutulmas\u0131ndan \u0259ziyy\u0259t \u00e7\u0259kir. 2B-Kind ail\u0259nin \u00e7\u0259tin durumunu \u0259n az\u0131ndan m\u0259kt\u0259b qaba\u011f\u0131 bir az y\u00fcng\u00fcll\u0259\u015fdirm\u0259k m\u0259qs\u0259dil\u0259 u\u015faqlara m\u0259kt\u0259bli formasi, ayaqqabi, \u00e7anta, d\u0259ft\u0259r v\u0259 ba\u015fqa x\u0131rda m\u0259kt\u0259b l\u0259vazimatlar\u0131 alm\u0131\u015fd\u0131r. Ail\u0259ni biz\u0259 y\u00f6nl\u0259ndirdiyin\u0259 g\u00f6r\u0259 Q\u0131rxbulaq k\u0259ndinin tibbi m\u0259nt\u0259q\u0259 m\u00fcdir\u0259si, \u00dclviyy\u0259 M\u0259mm\u0259dovaya, biz\u0259 ail\u0259 il\u0259 g\u00f6r\u00fc\u015f\u0259 \u015f\u0259rait yaratd\u0131\u011f\u0131na g\u00f6r\u0259 Q\u0131rxbulaq k\u0259nd m\u0259kt\u0259binin sinif m\u00fc\u0259llim\u0259si, Babayeva G\u00fclnar v\u0259 al\u0131nacaq \u0259\u015fyalar\u0131n al\u0131n\u0131b \u00e7atd\u0131r\u0131lmas\u0131n\u0131 t\u0259m\u0259nnas\u0131z h\u0259yata ke\u00e7irmi\u015f s\u00fcr\u00fcc\u00fcm\u00fcz, Yusif \u018fbdur\u0259himova d\u0259rin t\u0259\u015f\u0259kk\u00fcr\u00fcm\u00fcz\u00fc bildiririk.<\/p>\n<p>\u201c2B-Kind\u201d (ingilisc\u0259d\u0259n t\u0259rc\u00fcm\u0259d\u0259 n\u0259zak\u0259tli, almancadan t\u0259rc\u00fcm\u0259d\u0259 u\u015faq olmaq anlam\u0131nda) yoxsul ail\u0259l\u0259rd\u0259n olan u\u015faqlara t\u0259hsili \u0259l\u00e7atan \u0259tm\u0259k m\u0259qs\u0259di il\u0259 Az\u0259rbaycandan k\u0259narda, \u0259sas\u0259n Almaniyada ya\u015fayan k\u00f6n\u00fcll\u00fc dostlar\u0131m\u0131z\u0131n qurdu\u011fu bir xeyriyy\u0259 c\u0259miyy\u0259tidir. M\u0259qs\u0259dimiz yoxsulluq s\u0259b\u0259bind\u0259n t\u0259hsild\u0259n k\u0259nar qalan u\u015faqlara davaml\u0131 \u015f\u0259kild\u0259 h\u0259m maddi, h\u0259m d\u0259 m\u0259n\u0259vi yard\u0131m g\u00f6st\u0259rm\u0259kdir. Bunu qeyri-r\u0259smi himay\u0259\u00e7ilik d\u0259 adland\u0131rmaq olar. \u00d6lk\u0259mizd\u0259 v\u0259 d\u00fcnyada ya\u015fanan bir \u00e7ox probl\u0259ml\u0259rin t\u0259m\u0259lind\u0259 y\u0259t\u0259rsiz t\u0259hsilin dayand\u0131\u011f\u0131 m\u0259lumdur. Yet\u0259rsiz t\u0259hsil is\u0259 bir \u00e7ox hallarda yoxsulluqla \u0259laq\u0259lidir. Az\u0259rbaycanda t\u0259hsil s\u0259viyy\u0259sinin artmas\u0131na t\u00f6hv\u0259 ver\u0259 bilm\u0259k \u00fc\u00e7\u00fcn 2B-Kind xeyriyy\u0259 c\u0259miyy\u0259tinin idar\u0259 hey\u0259ti xeyrixah insanlar\u0131 ian\u0259 ed\u0259r\u0259k biz\u0259 yard\u0131m olma\u011fa d\u0259v\u0259t edir.<\/p>\n<p>U\u015faqlar\u0131n sevinci bizim sevincimiz, onlar\u0131n t\u0259hsili is\u0259 daha i\u015f\u0131ql\u0131 Az\u0259rbaycand\u0131r. Siz d\u0259 u\u015faqlara sevinc b\u0259x\u015f etm\u0259k v\u0259 daha i\u015f\u0131ql\u0131 Az\u0259rbaycan \u00fc\u00e7\u00fcn t\u00f6hv\u0259 verm\u0259k ist\u0259yirsizs\u0259, biz\u0259 ian\u0259 etm\u0259kl\u0259 d\u0259st\u0259k ola bil\u0259rsiniz!<\/p>\n<p>Sizin 2B-Kind ail\u0259si<\/p>\n<p>Biziml\u0259 \u0259laq\u0259: <a href=\"mailto:2b.kind.2022@gmail.com\">2b.kind.2022@gmail.com<\/a><\/p>\n<p>Ian\u0259 et: bu link\u0259 daxil olaraq d\u00fcnyan\u0131n ist\u0259nil\u0259n yerind\u0259n rahatl\u0131qla ian\u0259 ed\u0259 bil\u0259rsiniz<br \/>\n<a href=\"https:\/\/2b-kind.org\/az\/donate\/\">https:\/\/2b-kind.org\/az\/donate\/<\/a><\/p>\n<p>ngg_shortcode_1_placeholder<\/p>","protected":false},"excerpt":{"rendered":"<p>2B-Kind xeyriyy\u0259 c\u0259miyy\u0259ti yeni d\u0259rs ilind\u0259 az t\u0259minatl\u0131 ail\u0259l\u0259rd\u0259n olan u\u015faqlara m\u0259kt\u0259b l\u0259vazimatlar\u0131 \u00e7atd\u0131rmaq kampaniyas\u0131 \u00e7\u0259r\u00e7iv\u0259sind\u0259 \u015e\u0259ki rayon Qirxbulaq k\u0259ndinin iki m\u0259kt\u0259blisini b\u00fct\u00fcn vacib m\u0259kt\u0259b l\u0259vazimatlar\u0131 il\u0259 t\u0259min etmi\u015fdir. K\u00f6m\u0259k etdiyimiz ail\u0259, azt\u0259minatl\u0131 olmaqla yana\u015f\u0131, u\u015faqlar\u0131n atas\u0131 ayaq tutulmas\u0131ndan \u0259ziyy\u0259t \u00e7\u0259kir. 2B-Kind ail\u0259nin \u00e7\u0259tin durumunu \u0259n az\u0131ndan m\u0259kt\u0259b qaba\u011f\u0131 bir az y\u00fcng\u00fcll\u0259\u015fdirm\u0259k m\u0259qs\u0259dil\u0259 u\u015faqlara m\u0259kt\u0259bli [&hellip;]<\/p>\n","protected":false},"author":2,"featured_media":333,"parent":149,"menu_order":11,"comment_status":"closed","ping_status":"closed","template":"page-project.php","meta":{"_acf_changed":false,"give_campaign_id":0,"inline_featured_image":false,"ngg_post_thumbnail":0,"footnotes":""},"class_list":["post-329","page","type-page","status-publish","has-post-thumbnail","hentry"],"acf":[],"yoast_head":"<!-- This site is optimized with the Yoast SEO plugin v27.5 - https:\/\/yoast.com\/product\/yoast-seo-wordpress\/ -->\n<title>Az t\u0259minatl\u0131 ail\u0259y\u0259 m\u0259kt\u0259b l\u0259vazimatlar\u0131 - \u015e\u0259ki rayonu, Qirxbulaq k\u0259ndi - 2B Kind<\/title>\n<meta name=\"robots\" content=\"index, follow, max-snippet:-1, max-image-preview:large, max-video-preview:-1\" \/>\n<link rel=\"canonical\" href=\"https:\/\/2b-kind.org\/az\/projects\/sheki-village-girkhbulag\/\" \/>\n<meta property=\"og:locale\" content=\"az_AZ\" \/>\n<meta property=\"og:type\" content=\"article\" \/>\n<meta property=\"og:title\" content=\"Az t\u0259minatl\u0131 ail\u0259y\u0259 m\u0259kt\u0259b l\u0259vazimatlar\u0131 - \u015e\u0259ki rayonu, Qirxbulaq k\u0259ndi - 2B Kind\" \/>\n<meta property=\"og:description\" content=\"2B-Kind xeyriyy\u0259 c\u0259miyy\u0259ti yeni d\u0259rs ilind\u0259 az t\u0259minatl\u0131 ail\u0259l\u0259rd\u0259n olan u\u015faqlara m\u0259kt\u0259b l\u0259vazimatlar\u0131 \u00e7atd\u0131rmaq kampaniyas\u0131 \u00e7\u0259r\u00e7iv\u0259sind\u0259 \u015e\u0259ki rayon Qirxbulaq k\u0259ndinin iki m\u0259kt\u0259blisini b\u00fct\u00fcn vacib m\u0259kt\u0259b l\u0259vazimatlar\u0131 il\u0259 t\u0259min etmi\u015fdir. K\u00f6m\u0259k etdiyimiz ail\u0259, azt\u0259minatl\u0131 olmaqla yana\u015f\u0131, u\u015faqlar\u0131n atas\u0131 ayaq tutulmas\u0131ndan \u0259ziyy\u0259t \u00e7\u0259kir. 2B-Kind ail\u0259nin \u00e7\u0259tin durumunu \u0259n az\u0131ndan m\u0259kt\u0259b qaba\u011f\u0131 bir az y\u00fcng\u00fcll\u0259\u015fdirm\u0259k m\u0259qs\u0259dil\u0259 u\u015faqlara m\u0259kt\u0259bli [&hellip;]\" \/>\n<meta property=\"og:url\" content=\"https:\/\/2b-kind.org\/az\/projects\/sheki-village-girkhbulag\/\" \/>\n<meta property=\"og:site_name\" content=\"2B Kind\" \/>\n<meta property=\"article:modified_time\" content=\"2025-12-31T00:09:28+00:00\" \/>\n<meta property=\"og:image\" content=\"https:\/\/2b-kind.org\/wp-content\/uploads\/2024\/03\/1.jpg\" \/>\n\t<meta property=\"og:image:width\" content=\"719\" \/>\n\t<meta property=\"og:image:height\" content=\"595\" \/>\n\t<meta property=\"og:image:type\" content=\"image\/jpeg\" \/>\n<meta name=\"twitter:card\" content=\"summary_large_image\" \/>\n<meta name=\"twitter:label1\" content=\"Est. reading time\" \/>\n\t<meta name=\"twitter:data1\" content=\"2 minutes\" \/>\n<script type=\"application\/ld+json\" class=\"yoast-schema-graph\">{\"@context\":\"https:\\\/\\\/schema.org\",\"@graph\":[{\"@type\":\"WebPage\",\"@id\":\"https:\\\/\\\/2b-kind.org\\\/az\\\/projects\\\/sheki-village-girkhbulag\\\/\",\"url\":\"https:\\\/\\\/2b-kind.org\\\/az\\\/projects\\\/sheki-village-girkhbulag\\\/\",\"name\":\"Az t\u0259minatl\u0131 ail\u0259y\u0259 m\u0259kt\u0259b l\u0259vazimatlar\u0131 - \u015e\u0259ki rayonu, Qirxbulaq k\u0259ndi - 2B Kind\",\"isPartOf\":{\"@id\":\"https:\\\/\\\/2b-kind.org\\\/az\\\/#website\"},\"primaryImageOfPage\":{\"@id\":\"https:\\\/\\\/2b-kind.org\\\/az\\\/projects\\\/sheki-village-girkhbulag\\\/#primaryimage\"},\"image\":{\"@id\":\"https:\\\/\\\/2b-kind.org\\\/projects\\\/sheki-village-girkhbulag\\\/#primaryimage\"},\"thumbnailUrl\":\"https:\\\/\\\/2b-kind.org\\\/wp-content\\\/uploads\\\/2024\\\/03\\\/1.jpg\",\"datePublished\":\"2023-09-05T06:12:19+00:00\",\"dateModified\":\"2025-12-31T00:09:28+00:00\",\"breadcrumb\":{\"@id\":\"https:\\\/\\\/2b-kind.org\\\/az\\\/projects\\\/sheki-village-girkhbulag\\\/#breadcrumb\"},\"inLanguage\":\"az-AZ\",\"potentialAction\":[{\"@type\":\"ReadAction\",\"target\":[[\"https:\\\/\\\/2b-kind.org\\\/az\\\/projects\\\/sheki-village-girkhbulag\\\/\"]]}]},{\"@type\":\"ImageObject\",\"inLanguage\":\"az-AZ\",\"@id\":\"https:\\\/\\\/2b-kind.org\\\/az\\\/projects\\\/sheki-village-girkhbulag\\\/#primaryimage\",\"url\":\"https:\\\/\\\/2b-kind.org\\\/wp-content\\\/uploads\\\/2024\\\/03\\\/1.jpg\",\"contentUrl\":\"https:\\\/\\\/2b-kind.org\\\/wp-content\\\/uploads\\\/2024\\\/03\\\/1.jpg\",\"width\":719,\"height\":595},{\"@type\":\"BreadcrumbList\",\"@id\":\"https:\\\/\\\/2b-kind.org\\\/az\\\/projects\\\/sheki-village-girkhbulag\\\/#breadcrumb\",\"itemListElement\":[{\"@type\":\"ListItem\",\"position\":1,\"name\":\"Projects\",\"item\":\"https:\\\/\\\/2b-kind.org\\\/az\\\/projects\\\/\"},{\"@type\":\"ListItem\",\"position\":2,\"name\":\"School supplies for Sheki, village Girkhbulag\"}]},{\"@type\":\"WebSite\",\"@id\":\"https:\\\/\\\/2b-kind.org\\\/az\\\/#website\",\"url\":\"https:\\\/\\\/2b-kind.org\\\/az\\\/\",\"name\":\"2B Kind\",\"description\":\"\",\"publisher\":{\"@id\":\"https:\\\/\\\/2b-kind.org\\\/az\\\/#organization\"},\"potentialAction\":[{\"@type\":\"SearchAction\",\"target\":{\"@type\":\"EntryPoint\",\"urlTemplate\":\"https:\\\/\\\/2b-kind.org\\\/az\\\/?s={search_term_string}\"},\"query-input\":{\"@type\":\"PropertyValueSpecification\",\"valueRequired\":true,\"valueName\":\"search_term_string\"}}],\"inLanguage\":\"az-AZ\"},{\"@type\":\"Organization\",\"@id\":\"https:\\\/\\\/2b-kind.org\\\/az\\\/#organization\",\"name\":\"2B Kind\",\"url\":\"https:\\\/\\\/2b-kind.org\\\/az\\\/\",\"logo\":{\"@type\":\"ImageObject\",\"inLanguage\":\"az-AZ\",\"@id\":\"https:\\\/\\\/2b-kind.org\\\/az\\\/#\\\/schema\\\/logo\\\/image\\\/\",\"url\":\"https:\\\/\\\/2b-kind.org\\\/wp-content\\\/uploads\\\/2022\\\/10\\\/logo-v2.svg\",\"contentUrl\":\"https:\\\/\\\/2b-kind.org\\\/wp-content\\\/uploads\\\/2022\\\/10\\\/logo-v2.svg\",\"width\":80,\"height\":75,\"caption\":\"2B Kind\"},\"image\":{\"@id\":\"https:\\\/\\\/2b-kind.org\\\/az\\\/#\\\/schema\\\/logo\\\/image\\\/\"}}]}<\/script>\n<!-- \/ Yoast SEO plugin. -->","yoast_head_json":{"title":"Az t\u0259minatl\u0131 ail\u0259y\u0259 m\u0259kt\u0259b l\u0259vazimatlar\u0131 - \u015e\u0259ki rayonu, Qirxbulaq k\u0259ndi - 2B Kind","robots":{"index":"index","follow":"follow","max-snippet":"max-snippet:-1","max-image-preview":"max-image-preview:large","max-video-preview":"max-video-preview:-1"},"canonical":"https:\/\/2b-kind.org\/az\/projects\/sheki-village-girkhbulag\/","og_locale":"az_AZ","og_type":"article","og_title":"Az t\u0259minatl\u0131 ail\u0259y\u0259 m\u0259kt\u0259b l\u0259vazimatlar\u0131 - \u015e\u0259ki rayonu, Qirxbulaq k\u0259ndi - 2B Kind","og_description":"2B-Kind xeyriyy\u0259 c\u0259miyy\u0259ti yeni d\u0259rs ilind\u0259 az t\u0259minatl\u0131 ail\u0259l\u0259rd\u0259n olan u\u015faqlara m\u0259kt\u0259b l\u0259vazimatlar\u0131 \u00e7atd\u0131rmaq kampaniyas\u0131 \u00e7\u0259r\u00e7iv\u0259sind\u0259 \u015e\u0259ki rayon Qirxbulaq k\u0259ndinin iki m\u0259kt\u0259blisini b\u00fct\u00fcn vacib m\u0259kt\u0259b l\u0259vazimatlar\u0131 il\u0259 t\u0259min etmi\u015fdir. K\u00f6m\u0259k etdiyimiz ail\u0259, azt\u0259minatl\u0131 olmaqla yana\u015f\u0131, u\u015faqlar\u0131n atas\u0131 ayaq tutulmas\u0131ndan \u0259ziyy\u0259t \u00e7\u0259kir. 2B-Kind ail\u0259nin \u00e7\u0259tin durumunu \u0259n az\u0131ndan m\u0259kt\u0259b qaba\u011f\u0131 bir az y\u00fcng\u00fcll\u0259\u015fdirm\u0259k m\u0259qs\u0259dil\u0259 u\u015faqlara m\u0259kt\u0259bli [&hellip;]","og_url":"https:\/\/2b-kind.org\/az\/projects\/sheki-village-girkhbulag\/","og_site_name":"2B Kind","article_modified_time":"2025-12-31T00:09:28+00:00","og_image":[{"width":719,"height":595,"url":"https:\/\/2b-kind.org\/wp-content\/uploads\/2024\/03\/1.jpg","type":"image\/jpeg"}],"twitter_card":"summary_large_image","twitter_misc":{"Est. reading time":"2 minutes"},"schema":{"@context":"https:\/\/schema.org","@graph":[{"@type":"WebPage","@id":"https:\/\/2b-kind.org\/az\/projects\/sheki-village-girkhbulag\/","url":"https:\/\/2b-kind.org\/az\/projects\/sheki-village-girkhbulag\/","name":"Az t\u0259minatl\u0131 ail\u0259y\u0259 m\u0259kt\u0259b l\u0259vazimatlar\u0131 - \u015e\u0259ki rayonu, Qirxbulaq k\u0259ndi - 2B Kind","isPartOf":{"@id":"https:\/\/2b-kind.org\/az\/#website"},"primaryImageOfPage":{"@id":"https:\/\/2b-kind.org\/az\/projects\/sheki-village-girkhbulag\/#primaryimage"},"image":{"@id":"https:\/\/2b-kind.org\/projects\/sheki-village-girkhbulag\/#primaryimage"},"thumbnailUrl":"https:\/\/2b-kind.org\/wp-content\/uploads\/2024\/03\/1.jpg","datePublished":"2023-09-05T06:12:19+00:00","dateModified":"2025-12-31T00:09:28+00:00","breadcrumb":{"@id":"https:\/\/2b-kind.org\/az\/projects\/sheki-village-girkhbulag\/#breadcrumb"},"inLanguage":"az-AZ","potentialAction":[{"@type":"ReadAction","target":[["https:\/\/2b-kind.org\/az\/projects\/sheki-village-girkhbulag\/"]]}]},{"@type":"ImageObject","inLanguage":"az-AZ","@id":"https:\/\/2b-kind.org\/az\/projects\/sheki-village-girkhbulag\/#primaryimage","url":"https:\/\/2b-kind.org\/wp-content\/uploads\/2024\/03\/1.jpg","contentUrl":"https:\/\/2b-kind.org\/wp-content\/uploads\/2024\/03\/1.jpg","width":719,"height":595},{"@type":"BreadcrumbList","@id":"https:\/\/2b-kind.org\/az\/projects\/sheki-village-girkhbulag\/#breadcrumb","itemListElement":[{"@type":"ListItem","position":1,"name":"Projects","item":"https:\/\/2b-kind.org\/az\/projects\/"},{"@type":"ListItem","position":2,"name":"School supplies for Sheki, village Girkhbulag"}]},{"@type":"WebSite","@id":"https:\/\/2b-kind.org\/az\/#website","url":"https:\/\/2b-kind.org\/az\/","name":"2B Kind","description":"","publisher":{"@id":"https:\/\/2b-kind.org\/az\/#organization"},"potentialAction":[{"@type":"SearchAction","target":{"@type":"EntryPoint","urlTemplate":"https:\/\/2b-kind.org\/az\/?s={search_term_string}"},"query-input":{"@type":"PropertyValueSpecification","valueRequired":true,"valueName":"search_term_string"}}],"inLanguage":"az-AZ"},{"@type":"Organization","@id":"https:\/\/2b-kind.org\/az\/#organization","name":"2B Kind","url":"https:\/\/2b-kind.org\/az\/","logo":{"@type":"ImageObject","inLanguage":"az-AZ","@id":"https:\/\/2b-kind.org\/az\/#\/schema\/logo\/image\/","url":"https:\/\/2b-kind.org\/wp-content\/uploads\/2022\/10\/logo-v2.svg","contentUrl":"https:\/\/2b-kind.org\/wp-content\/uploads\/2022\/10\/logo-v2.svg","width":80,"height":75,"caption":"2B Kind"},"image":{"@id":"https:\/\/2b-kind.org\/az\/#\/schema\/logo\/image\/"}}]}},"campaignId":"","_links":{"self":[{"href":"https:\/\/2b-kind.org\/az\/wp-json\/wp\/v2\/pages\/329","targetHints":{"allow":["GET"]}}],"collection":[{"href":"https:\/\/2b-kind.org\/az\/wp-json\/wp\/v2\/pages"}],"about":[{"href":"https:\/\/2b-kind.org\/az\/wp-json\/wp\/v2\/types\/page"}],"author":[{"embeddable":true,"href":"https:\/\/2b-kind.org\/az\/wp-json\/wp\/v2\/users\/2"}],"replies":[{"embeddable":true,"href":"https:\/\/2b-kind.org\/az\/wp-json\/wp\/v2\/comments?post=329"}],"version-history":[{"count":8,"href":"https:\/\/2b-kind.org\/az\/wp-json\/wp\/v2\/pages\/329\/revisions"}],"predecessor-version":[{"id":796,"href":"https:\/\/2b-kind.org\/az\/wp-json\/wp\/v2\/pages\/329\/revisions\/796"}],"up":[{"embeddable":true,"href":"https:\/\/2b-kind.org\/az\/wp-json\/wp\/v2\/pages\/149"}],"wp:featuredmedia":[{"embeddable":true,"href":"https:\/\/2b-kind.org\/az\/wp-json\/wp\/v2\/media\/333"}],"wp:attachment":[{"href":"https:\/\/2b-kind.org\/az\/wp-json\/wp\/v2\/media?parent=329"}],"curies":[{"name":"wp","href":"https:\/\/api.w.org\/{rel}","templated":true}]}}