{"id":323,"date":"2023-03-13T06:03:29","date_gmt":"2023-03-13T06:03:29","guid":{"rendered":"https:\/\/2b-kind.org\/?page_id=323"},"modified":"2024-08-31T15:45:37","modified_gmt":"2024-08-31T15:45:37","slug":"introducing-our-first-scholarship-recipient","status":"publish","type":"page","link":"https:\/\/2b-kind.org\/az\/projects\/introducing-our-first-scholarship-recipient\/","title":{"rendered":"\u0130lk t\u0259qa\u00fcd\u00e7\u00fcm\u00fcz\u00fc t\u0259qdim edirik"},"content":{"rendered":"<p><img loading=\"lazy\" decoding=\"async\" class=\"alignnone size-full wp-image-324\" src=\"https:\/\/2b-kind.org\/wp-content\/uploads\/2024\/03\/Safa_2b-Kind.jpg\" alt=\"\" width=\"1107\" height=\"718\" srcset=\"https:\/\/2b-kind.org\/wp-content\/uploads\/2024\/03\/Safa_2b-Kind.jpg 1107w, https:\/\/2b-kind.org\/wp-content\/uploads\/2024\/03\/Safa_2b-Kind-500x324.jpg 500w, https:\/\/2b-kind.org\/wp-content\/uploads\/2024\/03\/Safa_2b-Kind-1024x664.jpg 1024w, https:\/\/2b-kind.org\/wp-content\/uploads\/2024\/03\/Safa_2b-Kind-768x498.jpg 768w\" sizes=\"auto, (max-width: 1107px) 100vw, 1107px\" \/><\/p>\n<p>S\u0259fa Mustafayeva 2B-Kind c\u0259miyy\u0259tinin istisna olaraq ilk ali t\u0259hsil t\u0259qa\u00fcd\u00fcn\u00fc qazanan t\u0259l\u0259b\u0259dir. O, 2002 ci ild\u0259 \u015e\u0259ki rayonunun Turan q\u0259s\u0259b\u0259sind\u0259 do\u011fulub v\u0259 2008-2019-cu ill\u0259rd\u0259 h\u0259min q\u0259s\u0259b\u0259d\u0259 orta t\u0259hsil al\u0131b. 2019-cu ild\u0259 G\u0259nc\u0259 D\u00f6vl\u0259t Universitetinin Filologiya fak\u00fclt\u0259sinin Az\u0259rbaycan dili v\u0259 \u0259d\u0259biyyat\u0131 m\u00fc\u0259llimliyi \u015f\u00f6b\u0259sin\u0259 q\u0259bul olub. \u00d6d\u0259ni\u015fli \u0259saslarla oxudu\u011fundan v\u0259 ail\u0259 maddi probleml\u0259r ya\u015fad\u0131\u011f\u0131ndan ail\u0259si t\u0259hsil haqq\u0131n\u0131 \u00f6d\u0259m\u0259kd\u0259 probleml\u0259r ya\u015fay\u0131b. S\u0259fan\u0131n atas\u0131 \u0130kinci Qaraba\u011f m\u00fcharib\u0259sinin i\u015ftirak\u00e7\u0131s\u0131d\u0131r v\u0259 hal-haz\u0131rda \u00f6n c\u0259bh\u0259d\u0259 h\u0259rbi qullu\u011fa davam edir.<\/p>\n<p>Biz 2B-Kind c\u0259miyy\u0259ti olaraq, S\u0259fan\u0131n illik t\u0259hsil haqq\u0131n\u0131n (1800 AZN) 610 manat\u0131n\u0131 t\u0259qa\u00fcd \u015f\u0259klind\u0259 G\u0259nc\u0259 D\u00f6vl\u0259t Universitetinin Filologiya fak\u00fclt\u0259sin\u0259 k\u00f6\u00e7\u00fcrm\u00fc\u015f\u00fck. S\u0259fa bakalavr pill\u0259sini ba\u015fa vurduqdan sonra magistr t\u0259hsili almaq v\u0259 g\u0259l\u0259c\u0259kd\u0259 ali m\u0259kt\u0259bl\u0259rin birind\u0259 ixtisas\u0131 \u00fczr\u0259 d\u0259rs dem\u0259k ist\u0259yir.<\/p>\n<p>2B-Kind S\u0259faya t\u0259hsilinin son ilind\u0259 v\u0259 g\u0259l\u0259c\u0259k planlar\u0131nda u\u011furlar arzu edir!<\/p>\n<p>2B-Kind\u00a0ail\u0259si<\/p>","protected":false},"excerpt":{"rendered":"<p>S\u0259fa Mustafayeva 2B-Kind c\u0259miyy\u0259tinin istisna olaraq ilk ali t\u0259hsil t\u0259qa\u00fcd\u00fcn\u00fc qazanan t\u0259l\u0259b\u0259dir. O, 2002 ci ild\u0259 \u015e\u0259ki rayonunun Turan q\u0259s\u0259b\u0259sind\u0259 do\u011fulub v\u0259 2008-2019-cu ill\u0259rd\u0259 h\u0259min q\u0259s\u0259b\u0259d\u0259 orta t\u0259hsil al\u0131b. 2019-cu ild\u0259 G\u0259nc\u0259 D\u00f6vl\u0259t Universitetinin Filologiya fak\u00fclt\u0259sinin Az\u0259rbaycan dili v\u0259 \u0259d\u0259biyyat\u0131 m\u00fc\u0259llimliyi \u015f\u00f6b\u0259sin\u0259 q\u0259bul olub. \u00d6d\u0259ni\u015fli \u0259saslarla oxudu\u011fundan v\u0259 ail\u0259 maddi probleml\u0259r ya\u015fad\u0131\u011f\u0131ndan ail\u0259si t\u0259hsil haqq\u0131n\u0131 [&hellip;]<\/p>\n","protected":false},"author":2,"featured_media":324,"parent":149,"menu_order":13,"comment_status":"closed","ping_status":"closed","template":"page-project.php","meta":{"_acf_changed":false,"give_campaign_id":0,"inline_featured_image":false,"ngg_post_thumbnail":0,"footnotes":""},"class_list":["post-323","page","type-page","status-publish","has-post-thumbnail","hentry"],"acf":[],"yoast_head":"<!-- This site is optimized with the Yoast SEO plugin v27.5 - https:\/\/yoast.com\/product\/yoast-seo-wordpress\/ -->\n<title>\u0130lk t\u0259qa\u00fcd\u00e7\u00fcm\u00fcz\u00fc t\u0259qdim edirik - 2B Kind<\/title>\n<meta name=\"robots\" content=\"index, follow, max-snippet:-1, max-image-preview:large, max-video-preview:-1\" \/>\n<link rel=\"canonical\" href=\"https:\/\/2b-kind.org\/az\/projects\/introducing-our-first-scholarship-recipient\/\" \/>\n<meta property=\"og:locale\" content=\"az_AZ\" \/>\n<meta property=\"og:type\" content=\"article\" \/>\n<meta property=\"og:title\" content=\"\u0130lk t\u0259qa\u00fcd\u00e7\u00fcm\u00fcz\u00fc t\u0259qdim edirik - 2B Kind\" \/>\n<meta property=\"og:description\" content=\"S\u0259fa Mustafayeva 2B-Kind c\u0259miyy\u0259tinin istisna olaraq ilk ali t\u0259hsil t\u0259qa\u00fcd\u00fcn\u00fc qazanan t\u0259l\u0259b\u0259dir. O, 2002 ci ild\u0259 \u015e\u0259ki rayonunun Turan q\u0259s\u0259b\u0259sind\u0259 do\u011fulub v\u0259 2008-2019-cu ill\u0259rd\u0259 h\u0259min q\u0259s\u0259b\u0259d\u0259 orta t\u0259hsil al\u0131b. 2019-cu ild\u0259 G\u0259nc\u0259 D\u00f6vl\u0259t Universitetinin Filologiya fak\u00fclt\u0259sinin Az\u0259rbaycan dili v\u0259 \u0259d\u0259biyyat\u0131 m\u00fc\u0259llimliyi \u015f\u00f6b\u0259sin\u0259 q\u0259bul olub. \u00d6d\u0259ni\u015fli \u0259saslarla oxudu\u011fundan v\u0259 ail\u0259 maddi probleml\u0259r ya\u015fad\u0131\u011f\u0131ndan ail\u0259si t\u0259hsil haqq\u0131n\u0131 [&hellip;]\" \/>\n<meta property=\"og:url\" content=\"https:\/\/2b-kind.org\/az\/projects\/introducing-our-first-scholarship-recipient\/\" \/>\n<meta property=\"og:site_name\" content=\"2B Kind\" \/>\n<meta property=\"article:modified_time\" content=\"2024-08-31T15:45:37+00:00\" \/>\n<meta property=\"og:image\" content=\"https:\/\/2b-kind.org\/wp-content\/uploads\/2024\/03\/Safa_2b-Kind.jpg\" \/>\n\t<meta property=\"og:image:width\" content=\"1107\" \/>\n\t<meta property=\"og:image:height\" content=\"718\" \/>\n\t<meta property=\"og:image:type\" content=\"image\/jpeg\" \/>\n<meta name=\"twitter:card\" content=\"summary_large_image\" \/>\n<meta name=\"twitter:label1\" content=\"Est. reading time\" \/>\n\t<meta name=\"twitter:data1\" content=\"2 minutes\" \/>\n<script type=\"application\/ld+json\" class=\"yoast-schema-graph\">{\"@context\":\"https:\\\/\\\/schema.org\",\"@graph\":[{\"@type\":\"WebPage\",\"@id\":\"https:\\\/\\\/2b-kind.org\\\/az\\\/projects\\\/introducing-our-first-scholarship-recipient\\\/\",\"url\":\"https:\\\/\\\/2b-kind.org\\\/az\\\/projects\\\/introducing-our-first-scholarship-recipient\\\/\",\"name\":\"\u0130lk t\u0259qa\u00fcd\u00e7\u00fcm\u00fcz\u00fc t\u0259qdim edirik - 2B Kind\",\"isPartOf\":{\"@id\":\"https:\\\/\\\/2b-kind.org\\\/az\\\/#website\"},\"primaryImageOfPage\":{\"@id\":\"https:\\\/\\\/2b-kind.org\\\/az\\\/projects\\\/introducing-our-first-scholarship-recipient\\\/#primaryimage\"},\"image\":{\"@id\":\"https:\\\/\\\/2b-kind.org\\\/projects\\\/introducing-our-first-scholarship-recipient\\\/#primaryimage\"},\"thumbnailUrl\":\"https:\\\/\\\/2b-kind.org\\\/wp-content\\\/uploads\\\/2024\\\/03\\\/Safa_2b-Kind.jpg\",\"datePublished\":\"2023-03-13T06:03:29+00:00\",\"dateModified\":\"2024-08-31T15:45:37+00:00\",\"breadcrumb\":{\"@id\":\"https:\\\/\\\/2b-kind.org\\\/az\\\/projects\\\/introducing-our-first-scholarship-recipient\\\/#breadcrumb\"},\"inLanguage\":\"az-AZ\",\"potentialAction\":[{\"@type\":\"ReadAction\",\"target\":[[\"https:\\\/\\\/2b-kind.org\\\/az\\\/projects\\\/introducing-our-first-scholarship-recipient\\\/\"]]}]},{\"@type\":\"ImageObject\",\"inLanguage\":\"az-AZ\",\"@id\":\"https:\\\/\\\/2b-kind.org\\\/az\\\/projects\\\/introducing-our-first-scholarship-recipient\\\/#primaryimage\",\"url\":\"https:\\\/\\\/2b-kind.org\\\/wp-content\\\/uploads\\\/2024\\\/03\\\/Safa_2b-Kind.jpg\",\"contentUrl\":\"https:\\\/\\\/2b-kind.org\\\/wp-content\\\/uploads\\\/2024\\\/03\\\/Safa_2b-Kind.jpg\",\"width\":1107,\"height\":718},{\"@type\":\"BreadcrumbList\",\"@id\":\"https:\\\/\\\/2b-kind.org\\\/az\\\/projects\\\/introducing-our-first-scholarship-recipient\\\/#breadcrumb\",\"itemListElement\":[{\"@type\":\"ListItem\",\"position\":1,\"name\":\"Projects\",\"item\":\"https:\\\/\\\/2b-kind.org\\\/az\\\/projects\\\/\"},{\"@type\":\"ListItem\",\"position\":2,\"name\":\"Introducing our first scholarship recipient\"}]},{\"@type\":\"WebSite\",\"@id\":\"https:\\\/\\\/2b-kind.org\\\/az\\\/#website\",\"url\":\"https:\\\/\\\/2b-kind.org\\\/az\\\/\",\"name\":\"2B Kind\",\"description\":\"\",\"publisher\":{\"@id\":\"https:\\\/\\\/2b-kind.org\\\/az\\\/#organization\"},\"potentialAction\":[{\"@type\":\"SearchAction\",\"target\":{\"@type\":\"EntryPoint\",\"urlTemplate\":\"https:\\\/\\\/2b-kind.org\\\/az\\\/?s={search_term_string}\"},\"query-input\":{\"@type\":\"PropertyValueSpecification\",\"valueRequired\":true,\"valueName\":\"search_term_string\"}}],\"inLanguage\":\"az-AZ\"},{\"@type\":\"Organization\",\"@id\":\"https:\\\/\\\/2b-kind.org\\\/az\\\/#organization\",\"name\":\"2B Kind\",\"url\":\"https:\\\/\\\/2b-kind.org\\\/az\\\/\",\"logo\":{\"@type\":\"ImageObject\",\"inLanguage\":\"az-AZ\",\"@id\":\"https:\\\/\\\/2b-kind.org\\\/az\\\/#\\\/schema\\\/logo\\\/image\\\/\",\"url\":\"https:\\\/\\\/2b-kind.org\\\/wp-content\\\/uploads\\\/2022\\\/10\\\/logo-v2.svg\",\"contentUrl\":\"https:\\\/\\\/2b-kind.org\\\/wp-content\\\/uploads\\\/2022\\\/10\\\/logo-v2.svg\",\"width\":80,\"height\":75,\"caption\":\"2B Kind\"},\"image\":{\"@id\":\"https:\\\/\\\/2b-kind.org\\\/az\\\/#\\\/schema\\\/logo\\\/image\\\/\"}}]}<\/script>\n<!-- \/ Yoast SEO plugin. -->","yoast_head_json":{"title":"\u0130lk t\u0259qa\u00fcd\u00e7\u00fcm\u00fcz\u00fc t\u0259qdim edirik - 2B Kind","robots":{"index":"index","follow":"follow","max-snippet":"max-snippet:-1","max-image-preview":"max-image-preview:large","max-video-preview":"max-video-preview:-1"},"canonical":"https:\/\/2b-kind.org\/az\/projects\/introducing-our-first-scholarship-recipient\/","og_locale":"az_AZ","og_type":"article","og_title":"\u0130lk t\u0259qa\u00fcd\u00e7\u00fcm\u00fcz\u00fc t\u0259qdim edirik - 2B Kind","og_description":"S\u0259fa Mustafayeva 2B-Kind c\u0259miyy\u0259tinin istisna olaraq ilk ali t\u0259hsil t\u0259qa\u00fcd\u00fcn\u00fc qazanan t\u0259l\u0259b\u0259dir. O, 2002 ci ild\u0259 \u015e\u0259ki rayonunun Turan q\u0259s\u0259b\u0259sind\u0259 do\u011fulub v\u0259 2008-2019-cu ill\u0259rd\u0259 h\u0259min q\u0259s\u0259b\u0259d\u0259 orta t\u0259hsil al\u0131b. 2019-cu ild\u0259 G\u0259nc\u0259 D\u00f6vl\u0259t Universitetinin Filologiya fak\u00fclt\u0259sinin Az\u0259rbaycan dili v\u0259 \u0259d\u0259biyyat\u0131 m\u00fc\u0259llimliyi \u015f\u00f6b\u0259sin\u0259 q\u0259bul olub. \u00d6d\u0259ni\u015fli \u0259saslarla oxudu\u011fundan v\u0259 ail\u0259 maddi probleml\u0259r ya\u015fad\u0131\u011f\u0131ndan ail\u0259si t\u0259hsil haqq\u0131n\u0131 [&hellip;]","og_url":"https:\/\/2b-kind.org\/az\/projects\/introducing-our-first-scholarship-recipient\/","og_site_name":"2B Kind","article_modified_time":"2024-08-31T15:45:37+00:00","og_image":[{"width":1107,"height":718,"url":"https:\/\/2b-kind.org\/wp-content\/uploads\/2024\/03\/Safa_2b-Kind.jpg","type":"image\/jpeg"}],"twitter_card":"summary_large_image","twitter_misc":{"Est. reading time":"2 minutes"},"schema":{"@context":"https:\/\/schema.org","@graph":[{"@type":"WebPage","@id":"https:\/\/2b-kind.org\/az\/projects\/introducing-our-first-scholarship-recipient\/","url":"https:\/\/2b-kind.org\/az\/projects\/introducing-our-first-scholarship-recipient\/","name":"\u0130lk t\u0259qa\u00fcd\u00e7\u00fcm\u00fcz\u00fc t\u0259qdim edirik - 2B Kind","isPartOf":{"@id":"https:\/\/2b-kind.org\/az\/#website"},"primaryImageOfPage":{"@id":"https:\/\/2b-kind.org\/az\/projects\/introducing-our-first-scholarship-recipient\/#primaryimage"},"image":{"@id":"https:\/\/2b-kind.org\/projects\/introducing-our-first-scholarship-recipient\/#primaryimage"},"thumbnailUrl":"https:\/\/2b-kind.org\/wp-content\/uploads\/2024\/03\/Safa_2b-Kind.jpg","datePublished":"2023-03-13T06:03:29+00:00","dateModified":"2024-08-31T15:45:37+00:00","breadcrumb":{"@id":"https:\/\/2b-kind.org\/az\/projects\/introducing-our-first-scholarship-recipient\/#breadcrumb"},"inLanguage":"az-AZ","potentialAction":[{"@type":"ReadAction","target":[["https:\/\/2b-kind.org\/az\/projects\/introducing-our-first-scholarship-recipient\/"]]}]},{"@type":"ImageObject","inLanguage":"az-AZ","@id":"https:\/\/2b-kind.org\/az\/projects\/introducing-our-first-scholarship-recipient\/#primaryimage","url":"https:\/\/2b-kind.org\/wp-content\/uploads\/2024\/03\/Safa_2b-Kind.jpg","contentUrl":"https:\/\/2b-kind.org\/wp-content\/uploads\/2024\/03\/Safa_2b-Kind.jpg","width":1107,"height":718},{"@type":"BreadcrumbList","@id":"https:\/\/2b-kind.org\/az\/projects\/introducing-our-first-scholarship-recipient\/#breadcrumb","itemListElement":[{"@type":"ListItem","position":1,"name":"Projects","item":"https:\/\/2b-kind.org\/az\/projects\/"},{"@type":"ListItem","position":2,"name":"Introducing our first scholarship recipient"}]},{"@type":"WebSite","@id":"https:\/\/2b-kind.org\/az\/#website","url":"https:\/\/2b-kind.org\/az\/","name":"2B Kind","description":"","publisher":{"@id":"https:\/\/2b-kind.org\/az\/#organization"},"potentialAction":[{"@type":"SearchAction","target":{"@type":"EntryPoint","urlTemplate":"https:\/\/2b-kind.org\/az\/?s={search_term_string}"},"query-input":{"@type":"PropertyValueSpecification","valueRequired":true,"valueName":"search_term_string"}}],"inLanguage":"az-AZ"},{"@type":"Organization","@id":"https:\/\/2b-kind.org\/az\/#organization","name":"2B Kind","url":"https:\/\/2b-kind.org\/az\/","logo":{"@type":"ImageObject","inLanguage":"az-AZ","@id":"https:\/\/2b-kind.org\/az\/#\/schema\/logo\/image\/","url":"https:\/\/2b-kind.org\/wp-content\/uploads\/2022\/10\/logo-v2.svg","contentUrl":"https:\/\/2b-kind.org\/wp-content\/uploads\/2022\/10\/logo-v2.svg","width":80,"height":75,"caption":"2B Kind"},"image":{"@id":"https:\/\/2b-kind.org\/az\/#\/schema\/logo\/image\/"}}]}},"campaignId":"","_links":{"self":[{"href":"https:\/\/2b-kind.org\/az\/wp-json\/wp\/v2\/pages\/323","targetHints":{"allow":["GET"]}}],"collection":[{"href":"https:\/\/2b-kind.org\/az\/wp-json\/wp\/v2\/pages"}],"about":[{"href":"https:\/\/2b-kind.org\/az\/wp-json\/wp\/v2\/types\/page"}],"author":[{"embeddable":true,"href":"https:\/\/2b-kind.org\/az\/wp-json\/wp\/v2\/users\/2"}],"replies":[{"embeddable":true,"href":"https:\/\/2b-kind.org\/az\/wp-json\/wp\/v2\/comments?post=323"}],"version-history":[{"count":3,"href":"https:\/\/2b-kind.org\/az\/wp-json\/wp\/v2\/pages\/323\/revisions"}],"predecessor-version":[{"id":515,"href":"https:\/\/2b-kind.org\/az\/wp-json\/wp\/v2\/pages\/323\/revisions\/515"}],"up":[{"embeddable":true,"href":"https:\/\/2b-kind.org\/az\/wp-json\/wp\/v2\/pages\/149"}],"wp:featuredmedia":[{"embeddable":true,"href":"https:\/\/2b-kind.org\/az\/wp-json\/wp\/v2\/media\/324"}],"wp:attachment":[{"href":"https:\/\/2b-kind.org\/az\/wp-json\/wp\/v2\/media?parent=323"}],"curies":[{"name":"wp","href":"https:\/\/api.w.org\/{rel}","templated":true}]}}