{"id":305,"date":"2021-02-22T06:22:58","date_gmt":"2021-02-22T06:22:58","guid":{"rendered":"https:\/\/2b-kind.org\/?page_id=305"},"modified":"2025-12-31T00:18:54","modified_gmt":"2025-12-31T00:18:54","slug":"gular","status":"publish","type":"page","link":"https:\/\/2b-kind.org\/az\/projects\/gular\/","title":{"rendered":"\u015e\u0259mkir rayon K\u00fcr q\u0259s\u0259b\u0259sind\u0259n bir m\u0259kt\u0259bliy\u0259 d\u0259st\u0259k"},"content":{"rendered":"<p>Bu d\u0259f\u0259 biz\u0259 G\u00fcl\u0259r balam\u0131z\u0131n qap\u0131s\u0131n\u0131 d\u00f6ym\u0259k n\u0259sib oldu. G\u00fcl\u0259r \u015e\u0259mkir rayon K\u00fcr q\u0259s\u0259b\u0259sind\u0259 \u00e7ox a\u011f\u0131r \u015f\u0259rtl\u0259r alt\u0131nda ya\u015fay\u0131r. Onun atas\u0131 v\u0259fat edib, anas\u0131 is\u0259 2-ci d\u0259r\u0259c\u0259 \u0259lildir, bir g\u00f6z\u00fc yaln\u0131z 30% g\u00f6r\u00fcr. Haz\u0131rda bir yard\u0131msev\u0259r xan\u0131m\u0131n himay\u0259si alt\u0131nda yataqxanada ya\u015fay\u0131rlar. Ail\u0259nin g\u0259liri yaln\u0131z 190 manat olan t\u0259qa\u00fcdd\u0259n ibar\u0259tdir. \u0130mkans\u0131zl\u0131\u011f\u0131n g\u0259tirdiyi probleml\u0259r s\u0259b\u0259bind\u0259n G\u00fcl\u0259rin n\u0259inki d\u0259rsl\u0259rini haz\u0131rlama\u011fa masas\u0131 h\u0259tta \u0259n vacib d\u0259rs l\u0259vazimatlar\u0131 yoxdur.<\/p>\n<p>U\u015faqlar\u0131m\u0131z\u0131n h\u0259yat \u015f\u0259raitinin yax\u015f\u0131la\u015fd\u0131r\u0131lmas\u0131 v\u0259 z\u0259ruri ehtiyaclar\u0131n\u0131n \u00f6d\u0259nilm\u0259si t\u0259\u015fkilat\u0131m\u0131z\u0131n \u0259sas m\u0259qs\u0259dl\u0259rind\u0259n biri oldu\u011fu \u00fc\u00e7\u00fcn bu layih\u0259 \u00e7\u0259rciv\u0259sind\u0259 G\u00fcl\u0259ri ilk \u00f6nc\u0259 isti geyim v\u0259 laz\u0131mi d\u0259rs v\u0259saitl\u0259ri il\u0259 t\u0259min etdik. Geyim v\u0259 \u0259rzaqlar\u0131n al\u0131nmas\u0131 v\u0259 \u00e7atd\u0131rlmas\u0131nda g\u00f6st\u0259rdiyi k\u00f6n\u00fcll\u00fc d\u0259st\u0259y\u0259 g\u00f6r\u0259 \u015fagirdimizin t\u0259hsil ald\u0131\u011f\u0131 orta m\u0259kt\u0259bin direktoru v\u0259 G\u00fcl\u0259rin sinif m\u00fc\u0259llim\u0259sin\u0259 t\u0259\u015f\u0259kk\u00fcrl\u0259rimizi bildiririk.&nbsp;&nbsp;<\/p>\n<p>B\u00fct\u00fcn \u00e7\u0259tinlikl\u0259r\u0259 baxmayaraq G\u00fcl\u0259r d\u0259rsl\u0259rini yax\u015f\u0131 oxuyur v\u0259 g\u0259l\u0259c\u0259kd\u0259 h\u0259kim olmaq ist\u0259yir. G\u00fcl\u0259r\u0259 t\u0259hsil h\u0259yat\u0131nda u\u011furlar arzulay\u0131r v\u0259 bundan sonra onun t\u0259hsil v\u0259 inki\u015faf\u0131n\u0131 h\u0259r zaman diqq\u0259td\u0259 saxlayaca\u011f\u0131q.&nbsp;<\/p>\n<p>C\u0259miyy\u0259timiz\u0259 ian\u0259 ed\u0259n h\u0259r k\u0259s\u0259 d\u0259rin t\u0259\u015f\u0259kk\u00fcr\u00fcm\u00fcz\u00fci bildiririk. Sizin say\u0259nizd\u0259 daha bir u\u015fa\u011f\u0131n \u00fcz\u00fcnd\u0259 t\u0259b\u0259ss\u00fcm\u0259 s\u0259b\u0259b ola bildik! G\u0259lin \u0259l-\u0259l\u0259 ver\u0259r\u0259k u\u015faqlara t\u0259b\u0259ss\u00fcm b\u0259x\u015f ed\u0259k!<\/p>","protected":false},"excerpt":{"rendered":"<p>Bu d\u0259f\u0259 biz\u0259 G\u00fcl\u0259r balam\u0131z\u0131n qap\u0131s\u0131n\u0131 d\u00f6ym\u0259k n\u0259sib oldu. G\u00fcl\u0259r \u015e\u0259mkir rayon K\u00fcr q\u0259s\u0259b\u0259sind\u0259 \u00e7ox a\u011f\u0131r \u015f\u0259rtl\u0259r alt\u0131nda ya\u015fay\u0131r. Onun atas\u0131 v\u0259fat edib, anas\u0131 is\u0259 2-ci d\u0259r\u0259c\u0259 \u0259lildir, bir g\u00f6z\u00fc yaln\u0131z 30% g\u00f6r\u00fcr. Haz\u0131rda bir yard\u0131msev\u0259r xan\u0131m\u0131n himay\u0259si alt\u0131nda yataqxanada ya\u015fay\u0131rlar. Ail\u0259nin g\u0259liri yaln\u0131z 190 manat olan t\u0259qa\u00fcdd\u0259n ibar\u0259tdir. \u0130mkans\u0131zl\u0131\u011f\u0131n g\u0259tirdiyi probleml\u0259r s\u0259b\u0259bind\u0259n G\u00fcl\u0259rin n\u0259inki [&hellip;]<\/p>\n","protected":false},"author":2,"featured_media":0,"parent":149,"menu_order":15,"comment_status":"closed","ping_status":"closed","template":"page-project.php","meta":{"_acf_changed":false,"give_campaign_id":0,"inline_featured_image":false,"ngg_post_thumbnail":0,"footnotes":""},"class_list":["post-305","page","type-page","status-publish","hentry"],"acf":[],"yoast_head":"<!-- This site is optimized with the Yoast SEO plugin v27.5 - https:\/\/yoast.com\/product\/yoast-seo-wordpress\/ -->\n<title>\u015e\u0259mkir rayon K\u00fcr q\u0259s\u0259b\u0259sind\u0259n bir m\u0259kt\u0259bliy\u0259 d\u0259st\u0259k - 2B Kind<\/title>\n<meta name=\"robots\" content=\"index, follow, max-snippet:-1, max-image-preview:large, max-video-preview:-1\" \/>\n<link rel=\"canonical\" href=\"https:\/\/2b-kind.org\/az\/projects\/gular\/\" \/>\n<meta property=\"og:locale\" content=\"az_AZ\" \/>\n<meta property=\"og:type\" content=\"article\" \/>\n<meta property=\"og:title\" content=\"\u015e\u0259mkir rayon K\u00fcr q\u0259s\u0259b\u0259sind\u0259n bir m\u0259kt\u0259bliy\u0259 d\u0259st\u0259k - 2B Kind\" \/>\n<meta property=\"og:description\" content=\"Bu d\u0259f\u0259 biz\u0259 G\u00fcl\u0259r balam\u0131z\u0131n qap\u0131s\u0131n\u0131 d\u00f6ym\u0259k n\u0259sib oldu. G\u00fcl\u0259r \u015e\u0259mkir rayon K\u00fcr q\u0259s\u0259b\u0259sind\u0259 \u00e7ox a\u011f\u0131r \u015f\u0259rtl\u0259r alt\u0131nda ya\u015fay\u0131r. Onun atas\u0131 v\u0259fat edib, anas\u0131 is\u0259 2-ci d\u0259r\u0259c\u0259 \u0259lildir, bir g\u00f6z\u00fc yaln\u0131z 30% g\u00f6r\u00fcr. Haz\u0131rda bir yard\u0131msev\u0259r xan\u0131m\u0131n himay\u0259si alt\u0131nda yataqxanada ya\u015fay\u0131rlar. Ail\u0259nin g\u0259liri yaln\u0131z 190 manat olan t\u0259qa\u00fcdd\u0259n ibar\u0259tdir. \u0130mkans\u0131zl\u0131\u011f\u0131n g\u0259tirdiyi probleml\u0259r s\u0259b\u0259bind\u0259n G\u00fcl\u0259rin n\u0259inki [&hellip;]\" \/>\n<meta property=\"og:url\" content=\"https:\/\/2b-kind.org\/az\/projects\/gular\/\" \/>\n<meta property=\"og:site_name\" content=\"2B Kind\" \/>\n<meta property=\"article:modified_time\" content=\"2025-12-31T00:18:54+00:00\" \/>\n<meta name=\"twitter:card\" content=\"summary_large_image\" \/>\n<meta name=\"twitter:label1\" content=\"Est. reading time\" \/>\n\t<meta name=\"twitter:data1\" content=\"1 minute\" \/>\n<script type=\"application\/ld+json\" class=\"yoast-schema-graph\">{\"@context\":\"https:\\\/\\\/schema.org\",\"@graph\":[{\"@type\":\"WebPage\",\"@id\":\"https:\\\/\\\/2b-kind.org\\\/az\\\/projects\\\/gular\\\/\",\"url\":\"https:\\\/\\\/2b-kind.org\\\/az\\\/projects\\\/gular\\\/\",\"name\":\"\u015e\u0259mkir rayon K\u00fcr q\u0259s\u0259b\u0259sind\u0259n bir m\u0259kt\u0259bliy\u0259 d\u0259st\u0259k - 2B Kind\",\"isPartOf\":{\"@id\":\"https:\\\/\\\/2b-kind.org\\\/az\\\/#website\"},\"datePublished\":\"2021-02-22T06:22:58+00:00\",\"dateModified\":\"2025-12-31T00:18:54+00:00\",\"breadcrumb\":{\"@id\":\"https:\\\/\\\/2b-kind.org\\\/az\\\/projects\\\/gular\\\/#breadcrumb\"},\"inLanguage\":\"az-AZ\",\"potentialAction\":[{\"@type\":\"ReadAction\",\"target\":[[\"https:\\\/\\\/2b-kind.org\\\/az\\\/projects\\\/gular\\\/\"]]}]},{\"@type\":\"BreadcrumbList\",\"@id\":\"https:\\\/\\\/2b-kind.org\\\/az\\\/projects\\\/gular\\\/#breadcrumb\",\"itemListElement\":[{\"@type\":\"ListItem\",\"position\":1,\"name\":\"Projects\",\"item\":\"https:\\\/\\\/2b-kind.org\\\/az\\\/projects\\\/\"},{\"@type\":\"ListItem\",\"position\":2,\"name\":\"Support for a pupil &#8211; settlement Kur, district Shamkir\"}]},{\"@type\":\"WebSite\",\"@id\":\"https:\\\/\\\/2b-kind.org\\\/az\\\/#website\",\"url\":\"https:\\\/\\\/2b-kind.org\\\/az\\\/\",\"name\":\"2B Kind\",\"description\":\"\",\"publisher\":{\"@id\":\"https:\\\/\\\/2b-kind.org\\\/az\\\/#organization\"},\"potentialAction\":[{\"@type\":\"SearchAction\",\"target\":{\"@type\":\"EntryPoint\",\"urlTemplate\":\"https:\\\/\\\/2b-kind.org\\\/az\\\/?s={search_term_string}\"},\"query-input\":{\"@type\":\"PropertyValueSpecification\",\"valueRequired\":true,\"valueName\":\"search_term_string\"}}],\"inLanguage\":\"az-AZ\"},{\"@type\":\"Organization\",\"@id\":\"https:\\\/\\\/2b-kind.org\\\/az\\\/#organization\",\"name\":\"2B Kind\",\"url\":\"https:\\\/\\\/2b-kind.org\\\/az\\\/\",\"logo\":{\"@type\":\"ImageObject\",\"inLanguage\":\"az-AZ\",\"@id\":\"https:\\\/\\\/2b-kind.org\\\/az\\\/#\\\/schema\\\/logo\\\/image\\\/\",\"url\":\"https:\\\/\\\/2b-kind.org\\\/wp-content\\\/uploads\\\/2022\\\/10\\\/logo-v2.svg\",\"contentUrl\":\"https:\\\/\\\/2b-kind.org\\\/wp-content\\\/uploads\\\/2022\\\/10\\\/logo-v2.svg\",\"width\":80,\"height\":75,\"caption\":\"2B Kind\"},\"image\":{\"@id\":\"https:\\\/\\\/2b-kind.org\\\/az\\\/#\\\/schema\\\/logo\\\/image\\\/\"}}]}<\/script>\n<!-- \/ Yoast SEO plugin. -->","yoast_head_json":{"title":"\u015e\u0259mkir rayon K\u00fcr q\u0259s\u0259b\u0259sind\u0259n bir m\u0259kt\u0259bliy\u0259 d\u0259st\u0259k - 2B Kind","robots":{"index":"index","follow":"follow","max-snippet":"max-snippet:-1","max-image-preview":"max-image-preview:large","max-video-preview":"max-video-preview:-1"},"canonical":"https:\/\/2b-kind.org\/az\/projects\/gular\/","og_locale":"az_AZ","og_type":"article","og_title":"\u015e\u0259mkir rayon K\u00fcr q\u0259s\u0259b\u0259sind\u0259n bir m\u0259kt\u0259bliy\u0259 d\u0259st\u0259k - 2B Kind","og_description":"Bu d\u0259f\u0259 biz\u0259 G\u00fcl\u0259r balam\u0131z\u0131n qap\u0131s\u0131n\u0131 d\u00f6ym\u0259k n\u0259sib oldu. G\u00fcl\u0259r \u015e\u0259mkir rayon K\u00fcr q\u0259s\u0259b\u0259sind\u0259 \u00e7ox a\u011f\u0131r \u015f\u0259rtl\u0259r alt\u0131nda ya\u015fay\u0131r. Onun atas\u0131 v\u0259fat edib, anas\u0131 is\u0259 2-ci d\u0259r\u0259c\u0259 \u0259lildir, bir g\u00f6z\u00fc yaln\u0131z 30% g\u00f6r\u00fcr. Haz\u0131rda bir yard\u0131msev\u0259r xan\u0131m\u0131n himay\u0259si alt\u0131nda yataqxanada ya\u015fay\u0131rlar. Ail\u0259nin g\u0259liri yaln\u0131z 190 manat olan t\u0259qa\u00fcdd\u0259n ibar\u0259tdir. \u0130mkans\u0131zl\u0131\u011f\u0131n g\u0259tirdiyi probleml\u0259r s\u0259b\u0259bind\u0259n G\u00fcl\u0259rin n\u0259inki [&hellip;]","og_url":"https:\/\/2b-kind.org\/az\/projects\/gular\/","og_site_name":"2B Kind","article_modified_time":"2025-12-31T00:18:54+00:00","twitter_card":"summary_large_image","twitter_misc":{"Est. reading time":"1 minute"},"schema":{"@context":"https:\/\/schema.org","@graph":[{"@type":"WebPage","@id":"https:\/\/2b-kind.org\/az\/projects\/gular\/","url":"https:\/\/2b-kind.org\/az\/projects\/gular\/","name":"\u015e\u0259mkir rayon K\u00fcr q\u0259s\u0259b\u0259sind\u0259n bir m\u0259kt\u0259bliy\u0259 d\u0259st\u0259k - 2B Kind","isPartOf":{"@id":"https:\/\/2b-kind.org\/az\/#website"},"datePublished":"2021-02-22T06:22:58+00:00","dateModified":"2025-12-31T00:18:54+00:00","breadcrumb":{"@id":"https:\/\/2b-kind.org\/az\/projects\/gular\/#breadcrumb"},"inLanguage":"az-AZ","potentialAction":[{"@type":"ReadAction","target":[["https:\/\/2b-kind.org\/az\/projects\/gular\/"]]}]},{"@type":"BreadcrumbList","@id":"https:\/\/2b-kind.org\/az\/projects\/gular\/#breadcrumb","itemListElement":[{"@type":"ListItem","position":1,"name":"Projects","item":"https:\/\/2b-kind.org\/az\/projects\/"},{"@type":"ListItem","position":2,"name":"Support for a pupil &#8211; settlement Kur, district Shamkir"}]},{"@type":"WebSite","@id":"https:\/\/2b-kind.org\/az\/#website","url":"https:\/\/2b-kind.org\/az\/","name":"2B Kind","description":"","publisher":{"@id":"https:\/\/2b-kind.org\/az\/#organization"},"potentialAction":[{"@type":"SearchAction","target":{"@type":"EntryPoint","urlTemplate":"https:\/\/2b-kind.org\/az\/?s={search_term_string}"},"query-input":{"@type":"PropertyValueSpecification","valueRequired":true,"valueName":"search_term_string"}}],"inLanguage":"az-AZ"},{"@type":"Organization","@id":"https:\/\/2b-kind.org\/az\/#organization","name":"2B Kind","url":"https:\/\/2b-kind.org\/az\/","logo":{"@type":"ImageObject","inLanguage":"az-AZ","@id":"https:\/\/2b-kind.org\/az\/#\/schema\/logo\/image\/","url":"https:\/\/2b-kind.org\/wp-content\/uploads\/2022\/10\/logo-v2.svg","contentUrl":"https:\/\/2b-kind.org\/wp-content\/uploads\/2022\/10\/logo-v2.svg","width":80,"height":75,"caption":"2B Kind"},"image":{"@id":"https:\/\/2b-kind.org\/az\/#\/schema\/logo\/image\/"}}]}},"campaignId":"","_links":{"self":[{"href":"https:\/\/2b-kind.org\/az\/wp-json\/wp\/v2\/pages\/305","targetHints":{"allow":["GET"]}}],"collection":[{"href":"https:\/\/2b-kind.org\/az\/wp-json\/wp\/v2\/pages"}],"about":[{"href":"https:\/\/2b-kind.org\/az\/wp-json\/wp\/v2\/types\/page"}],"author":[{"embeddable":true,"href":"https:\/\/2b-kind.org\/az\/wp-json\/wp\/v2\/users\/2"}],"replies":[{"embeddable":true,"href":"https:\/\/2b-kind.org\/az\/wp-json\/wp\/v2\/comments?post=305"}],"version-history":[{"count":8,"href":"https:\/\/2b-kind.org\/az\/wp-json\/wp\/v2\/pages\/305\/revisions"}],"predecessor-version":[{"id":800,"href":"https:\/\/2b-kind.org\/az\/wp-json\/wp\/v2\/pages\/305\/revisions\/800"}],"up":[{"embeddable":true,"href":"https:\/\/2b-kind.org\/az\/wp-json\/wp\/v2\/pages\/149"}],"wp:attachment":[{"href":"https:\/\/2b-kind.org\/az\/wp-json\/wp\/v2\/media?parent=305"}],"curies":[{"name":"wp","href":"https:\/\/api.w.org\/{rel}","templated":true}]}}