{"id":301,"date":"2021-01-31T06:21:25","date_gmt":"2021-01-31T06:21:25","guid":{"rendered":"https:\/\/2b-kind.org\/?page_id=301"},"modified":"2025-12-31T00:21:42","modified_gmt":"2025-12-31T00:21:42","slug":"dashkesen","status":"publish","type":"page","link":"https:\/\/2b-kind.org\/az\/projects\/dashkesen\/","title":{"rendered":"\u015eagirdl\u0259ri d\u0259rs l\u0259vazimatlar\u0131 il\u0259 sevindirdik &#8211; Da\u015fk\u0259s\u0259n rayonu"},"content":{"rendered":"<p><\/p>\n<h3><img loading=\"lazy\" decoding=\"async\" class=\"alignnone size-full wp-image-261\" src=\"https:\/\/2b-kind.org\/wp-content\/uploads\/2022\/10\/image-2-1.jpg\" alt=\"\" width=\"1128\" height=\"495\"><\/h3>\n<h2>\u018fziz dostlar,<\/h2>\n<p>\u018fsas h\u0259d\u0259fi \u015fagirdl\u0259rin t\u0259hsil ala bilm\u0259 \u015f\u0259raitinin yax\u015f\u0131la\u015fd\u0131r\u0131lmas\u0131 olan t\u0259\u015fkilat\u0131m\u0131z\u0131n d\u0259st\u0259k layih\u0259l\u0259ri davam etdirilir. Bu d\u0259f\u0259ki layih\u0259d\u0259 biz h\u0259r ya\u015fdan olan \u015fagirdl\u0259rimizi m\u00fcxt\u0259lif d\u0259rs l\u0259vazimatlar\u0131 il\u0259 sevindirdik.<\/p>\n<p><img loading=\"lazy\" decoding=\"async\" class=\"alignnone size-full wp-image-262\" src=\"https:\/\/2b-kind.org\/wp-content\/uploads\/2022\/10\/image-3-1.jpg\" alt=\"\" width=\"1128\" height=\"495\"><\/p>\n<p>\u015eagirdl\u0259rimizin ehtiyaclar\u0131 \u00f6d\u0259n\u0259rk\u0259n nec\u0259 sevinc v\u0259 inamla t\u0259hsil h\u0259yatlar\u0131na davam etm\u0259l\u0259ri haqq\u0131nda m\u00fc\u0259llim hey\u0259ti v\u0259 ail\u0259l\u0259rd\u0259n ald\u0131\u011f\u0131m\u0131z m\u0259lumatlarla daha da ruhlanaraq bu kimi layih\u0259l\u0259r\u0259 davam edirik. \u018fg\u0259r siz d\u0259 ehtiyac\u0131 olan \u015fagird v\u0259 t\u0259hsil almaq ist\u0259y\u0259n \u00f6vladlar\u0131m\u0131za d\u0259st\u0259k olmaq ist\u0259yirsinizs\u0259, biz\u0259 qo\u015fulun.<\/p>","protected":false},"excerpt":{"rendered":"<p>\u018fziz dostlar, \u018fsas h\u0259d\u0259fi \u015fagirdl\u0259rin t\u0259hsil ala bilm\u0259 \u015f\u0259raitinin yax\u015f\u0131la\u015fd\u0131r\u0131lmas\u0131 olan t\u0259\u015fkilat\u0131m\u0131z\u0131n d\u0259st\u0259k layih\u0259l\u0259ri davam etdirilir. Bu d\u0259f\u0259ki layih\u0259d\u0259 biz h\u0259r ya\u015fdan olan \u015fagirdl\u0259rimizi m\u00fcxt\u0259lif d\u0259rs l\u0259vazimatlar\u0131 il\u0259 sevindirdik. \u015eagirdl\u0259rimizin ehtiyaclar\u0131 \u00f6d\u0259n\u0259rk\u0259n nec\u0259 sevinc v\u0259 inamla t\u0259hsil h\u0259yatlar\u0131na davam etm\u0259l\u0259ri haqq\u0131nda m\u00fc\u0259llim hey\u0259ti v\u0259 ail\u0259l\u0259rd\u0259n ald\u0131\u011f\u0131m\u0131z m\u0259lumatlarla daha da ruhlanaraq bu kimi layih\u0259l\u0259r\u0259 davam edirik. [&hellip;]<\/p>\n","protected":false},"author":2,"featured_media":302,"parent":149,"menu_order":16,"comment_status":"closed","ping_status":"closed","template":"page-project.php","meta":{"_acf_changed":false,"give_campaign_id":0,"inline_featured_image":false,"ngg_post_thumbnail":0,"footnotes":""},"class_list":["post-301","page","type-page","status-publish","has-post-thumbnail","hentry"],"acf":[],"yoast_head":"<!-- This site is optimized with the Yoast SEO plugin v27.5 - https:\/\/yoast.com\/product\/yoast-seo-wordpress\/ -->\n<title>\u015eagirdl\u0259ri d\u0259rs l\u0259vazimatlar\u0131 il\u0259 sevindirdik - Da\u015fk\u0259s\u0259n rayonu  - 2B Kind<\/title>\n<meta name=\"robots\" content=\"index, follow, max-snippet:-1, max-image-preview:large, max-video-preview:-1\" \/>\n<link rel=\"canonical\" href=\"https:\/\/2b-kind.org\/az\/projects\/dashkesen\/\" \/>\n<meta property=\"og:locale\" content=\"az_AZ\" \/>\n<meta property=\"og:type\" content=\"article\" \/>\n<meta property=\"og:title\" content=\"\u015eagirdl\u0259ri d\u0259rs l\u0259vazimatlar\u0131 il\u0259 sevindirdik - Da\u015fk\u0259s\u0259n rayonu  - 2B Kind\" \/>\n<meta property=\"og:description\" content=\"\u018fziz dostlar, \u018fsas h\u0259d\u0259fi \u015fagirdl\u0259rin t\u0259hsil ala bilm\u0259 \u015f\u0259raitinin yax\u015f\u0131la\u015fd\u0131r\u0131lmas\u0131 olan t\u0259\u015fkilat\u0131m\u0131z\u0131n d\u0259st\u0259k layih\u0259l\u0259ri davam etdirilir. Bu d\u0259f\u0259ki layih\u0259d\u0259 biz h\u0259r ya\u015fdan olan \u015fagirdl\u0259rimizi m\u00fcxt\u0259lif d\u0259rs l\u0259vazimatlar\u0131 il\u0259 sevindirdik. \u015eagirdl\u0259rimizin ehtiyaclar\u0131 \u00f6d\u0259n\u0259rk\u0259n nec\u0259 sevinc v\u0259 inamla t\u0259hsil h\u0259yatlar\u0131na davam etm\u0259l\u0259ri haqq\u0131nda m\u00fc\u0259llim hey\u0259ti v\u0259 ail\u0259l\u0259rd\u0259n ald\u0131\u011f\u0131m\u0131z m\u0259lumatlarla daha da ruhlanaraq bu kimi layih\u0259l\u0259r\u0259 davam edirik. [&hellip;]\" \/>\n<meta property=\"og:url\" content=\"https:\/\/2b-kind.org\/az\/projects\/dashkesen\/\" \/>\n<meta property=\"og:site_name\" content=\"2B Kind\" \/>\n<meta property=\"article:modified_time\" content=\"2025-12-31T00:21:42+00:00\" \/>\n<meta property=\"og:image\" content=\"https:\/\/2b-kind.org\/wp-content\/uploads\/2022\/10\/image-2-1.jpg\" \/>\n\t<meta property=\"og:image:width\" content=\"1128\" \/>\n\t<meta property=\"og:image:height\" content=\"495\" \/>\n\t<meta property=\"og:image:type\" content=\"image\/jpeg\" \/>\n<meta name=\"twitter:card\" content=\"summary_large_image\" \/>\n<meta name=\"twitter:label1\" content=\"Est. reading time\" \/>\n\t<meta name=\"twitter:data1\" content=\"1 minute\" \/>\n<script type=\"application\/ld+json\" class=\"yoast-schema-graph\">{\"@context\":\"https:\\\/\\\/schema.org\",\"@graph\":[{\"@type\":\"WebPage\",\"@id\":\"https:\\\/\\\/2b-kind.org\\\/az\\\/projects\\\/dashkesen\\\/\",\"url\":\"https:\\\/\\\/2b-kind.org\\\/az\\\/projects\\\/dashkesen\\\/\",\"name\":\"\u015eagirdl\u0259ri d\u0259rs l\u0259vazimatlar\u0131 il\u0259 sevindirdik - Da\u015fk\u0259s\u0259n rayonu  - 2B Kind\",\"isPartOf\":{\"@id\":\"https:\\\/\\\/2b-kind.org\\\/az\\\/#website\"},\"primaryImageOfPage\":{\"@id\":\"https:\\\/\\\/2b-kind.org\\\/az\\\/projects\\\/dashkesen\\\/#primaryimage\"},\"image\":{\"@id\":\"https:\\\/\\\/2b-kind.org\\\/projects\\\/dashkesen\\\/#primaryimage\"},\"thumbnailUrl\":\"https:\\\/\\\/2b-kind.org\\\/wp-content\\\/uploads\\\/2022\\\/10\\\/image-2-1.jpg\",\"datePublished\":\"2021-01-31T06:21:25+00:00\",\"dateModified\":\"2025-12-31T00:21:42+00:00\",\"breadcrumb\":{\"@id\":\"https:\\\/\\\/2b-kind.org\\\/az\\\/projects\\\/dashkesen\\\/#breadcrumb\"},\"inLanguage\":\"az-AZ\",\"potentialAction\":[{\"@type\":\"ReadAction\",\"target\":[[\"https:\\\/\\\/2b-kind.org\\\/az\\\/projects\\\/dashkesen\\\/\"]]}]},{\"@type\":\"ImageObject\",\"inLanguage\":\"az-AZ\",\"@id\":\"https:\\\/\\\/2b-kind.org\\\/az\\\/projects\\\/dashkesen\\\/#primaryimage\",\"url\":\"https:\\\/\\\/2b-kind.org\\\/wp-content\\\/uploads\\\/2022\\\/10\\\/image-2-1.jpg\",\"contentUrl\":\"https:\\\/\\\/2b-kind.org\\\/wp-content\\\/uploads\\\/2022\\\/10\\\/image-2-1.jpg\",\"width\":1128,\"height\":495},{\"@type\":\"BreadcrumbList\",\"@id\":\"https:\\\/\\\/2b-kind.org\\\/az\\\/projects\\\/dashkesen\\\/#breadcrumb\",\"itemListElement\":[{\"@type\":\"ListItem\",\"position\":1,\"name\":\"Projects\",\"item\":\"https:\\\/\\\/2b-kind.org\\\/az\\\/projects\\\/\"},{\"@type\":\"ListItem\",\"position\":2,\"name\":\"Brought happiness to pupils with school supplies &#8211; district Dashkesen\"}]},{\"@type\":\"WebSite\",\"@id\":\"https:\\\/\\\/2b-kind.org\\\/az\\\/#website\",\"url\":\"https:\\\/\\\/2b-kind.org\\\/az\\\/\",\"name\":\"2B Kind\",\"description\":\"\",\"publisher\":{\"@id\":\"https:\\\/\\\/2b-kind.org\\\/az\\\/#organization\"},\"potentialAction\":[{\"@type\":\"SearchAction\",\"target\":{\"@type\":\"EntryPoint\",\"urlTemplate\":\"https:\\\/\\\/2b-kind.org\\\/az\\\/?s={search_term_string}\"},\"query-input\":{\"@type\":\"PropertyValueSpecification\",\"valueRequired\":true,\"valueName\":\"search_term_string\"}}],\"inLanguage\":\"az-AZ\"},{\"@type\":\"Organization\",\"@id\":\"https:\\\/\\\/2b-kind.org\\\/az\\\/#organization\",\"name\":\"2B Kind\",\"url\":\"https:\\\/\\\/2b-kind.org\\\/az\\\/\",\"logo\":{\"@type\":\"ImageObject\",\"inLanguage\":\"az-AZ\",\"@id\":\"https:\\\/\\\/2b-kind.org\\\/az\\\/#\\\/schema\\\/logo\\\/image\\\/\",\"url\":\"https:\\\/\\\/2b-kind.org\\\/wp-content\\\/uploads\\\/2022\\\/10\\\/logo-v2.svg\",\"contentUrl\":\"https:\\\/\\\/2b-kind.org\\\/wp-content\\\/uploads\\\/2022\\\/10\\\/logo-v2.svg\",\"width\":80,\"height\":75,\"caption\":\"2B Kind\"},\"image\":{\"@id\":\"https:\\\/\\\/2b-kind.org\\\/az\\\/#\\\/schema\\\/logo\\\/image\\\/\"}}]}<\/script>\n<!-- \/ Yoast SEO plugin. -->","yoast_head_json":{"title":"\u015eagirdl\u0259ri d\u0259rs l\u0259vazimatlar\u0131 il\u0259 sevindirdik - Da\u015fk\u0259s\u0259n rayonu  - 2B Kind","robots":{"index":"index","follow":"follow","max-snippet":"max-snippet:-1","max-image-preview":"max-image-preview:large","max-video-preview":"max-video-preview:-1"},"canonical":"https:\/\/2b-kind.org\/az\/projects\/dashkesen\/","og_locale":"az_AZ","og_type":"article","og_title":"\u015eagirdl\u0259ri d\u0259rs l\u0259vazimatlar\u0131 il\u0259 sevindirdik - Da\u015fk\u0259s\u0259n rayonu  - 2B Kind","og_description":"\u018fziz dostlar, \u018fsas h\u0259d\u0259fi \u015fagirdl\u0259rin t\u0259hsil ala bilm\u0259 \u015f\u0259raitinin yax\u015f\u0131la\u015fd\u0131r\u0131lmas\u0131 olan t\u0259\u015fkilat\u0131m\u0131z\u0131n d\u0259st\u0259k layih\u0259l\u0259ri davam etdirilir. Bu d\u0259f\u0259ki layih\u0259d\u0259 biz h\u0259r ya\u015fdan olan \u015fagirdl\u0259rimizi m\u00fcxt\u0259lif d\u0259rs l\u0259vazimatlar\u0131 il\u0259 sevindirdik. \u015eagirdl\u0259rimizin ehtiyaclar\u0131 \u00f6d\u0259n\u0259rk\u0259n nec\u0259 sevinc v\u0259 inamla t\u0259hsil h\u0259yatlar\u0131na davam etm\u0259l\u0259ri haqq\u0131nda m\u00fc\u0259llim hey\u0259ti v\u0259 ail\u0259l\u0259rd\u0259n ald\u0131\u011f\u0131m\u0131z m\u0259lumatlarla daha da ruhlanaraq bu kimi layih\u0259l\u0259r\u0259 davam edirik. [&hellip;]","og_url":"https:\/\/2b-kind.org\/az\/projects\/dashkesen\/","og_site_name":"2B Kind","article_modified_time":"2025-12-31T00:21:42+00:00","og_image":[{"width":1128,"height":495,"url":"https:\/\/2b-kind.org\/wp-content\/uploads\/2022\/10\/image-2-1.jpg","type":"image\/jpeg"}],"twitter_card":"summary_large_image","twitter_misc":{"Est. reading time":"1 minute"},"schema":{"@context":"https:\/\/schema.org","@graph":[{"@type":"WebPage","@id":"https:\/\/2b-kind.org\/az\/projects\/dashkesen\/","url":"https:\/\/2b-kind.org\/az\/projects\/dashkesen\/","name":"\u015eagirdl\u0259ri d\u0259rs l\u0259vazimatlar\u0131 il\u0259 sevindirdik - Da\u015fk\u0259s\u0259n rayonu  - 2B Kind","isPartOf":{"@id":"https:\/\/2b-kind.org\/az\/#website"},"primaryImageOfPage":{"@id":"https:\/\/2b-kind.org\/az\/projects\/dashkesen\/#primaryimage"},"image":{"@id":"https:\/\/2b-kind.org\/projects\/dashkesen\/#primaryimage"},"thumbnailUrl":"https:\/\/2b-kind.org\/wp-content\/uploads\/2022\/10\/image-2-1.jpg","datePublished":"2021-01-31T06:21:25+00:00","dateModified":"2025-12-31T00:21:42+00:00","breadcrumb":{"@id":"https:\/\/2b-kind.org\/az\/projects\/dashkesen\/#breadcrumb"},"inLanguage":"az-AZ","potentialAction":[{"@type":"ReadAction","target":[["https:\/\/2b-kind.org\/az\/projects\/dashkesen\/"]]}]},{"@type":"ImageObject","inLanguage":"az-AZ","@id":"https:\/\/2b-kind.org\/az\/projects\/dashkesen\/#primaryimage","url":"https:\/\/2b-kind.org\/wp-content\/uploads\/2022\/10\/image-2-1.jpg","contentUrl":"https:\/\/2b-kind.org\/wp-content\/uploads\/2022\/10\/image-2-1.jpg","width":1128,"height":495},{"@type":"BreadcrumbList","@id":"https:\/\/2b-kind.org\/az\/projects\/dashkesen\/#breadcrumb","itemListElement":[{"@type":"ListItem","position":1,"name":"Projects","item":"https:\/\/2b-kind.org\/az\/projects\/"},{"@type":"ListItem","position":2,"name":"Brought happiness to pupils with school supplies &#8211; district Dashkesen"}]},{"@type":"WebSite","@id":"https:\/\/2b-kind.org\/az\/#website","url":"https:\/\/2b-kind.org\/az\/","name":"2B Kind","description":"","publisher":{"@id":"https:\/\/2b-kind.org\/az\/#organization"},"potentialAction":[{"@type":"SearchAction","target":{"@type":"EntryPoint","urlTemplate":"https:\/\/2b-kind.org\/az\/?s={search_term_string}"},"query-input":{"@type":"PropertyValueSpecification","valueRequired":true,"valueName":"search_term_string"}}],"inLanguage":"az-AZ"},{"@type":"Organization","@id":"https:\/\/2b-kind.org\/az\/#organization","name":"2B Kind","url":"https:\/\/2b-kind.org\/az\/","logo":{"@type":"ImageObject","inLanguage":"az-AZ","@id":"https:\/\/2b-kind.org\/az\/#\/schema\/logo\/image\/","url":"https:\/\/2b-kind.org\/wp-content\/uploads\/2022\/10\/logo-v2.svg","contentUrl":"https:\/\/2b-kind.org\/wp-content\/uploads\/2022\/10\/logo-v2.svg","width":80,"height":75,"caption":"2B Kind"},"image":{"@id":"https:\/\/2b-kind.org\/az\/#\/schema\/logo\/image\/"}}]}},"campaignId":"","_links":{"self":[{"href":"https:\/\/2b-kind.org\/az\/wp-json\/wp\/v2\/pages\/301","targetHints":{"allow":["GET"]}}],"collection":[{"href":"https:\/\/2b-kind.org\/az\/wp-json\/wp\/v2\/pages"}],"about":[{"href":"https:\/\/2b-kind.org\/az\/wp-json\/wp\/v2\/types\/page"}],"author":[{"embeddable":true,"href":"https:\/\/2b-kind.org\/az\/wp-json\/wp\/v2\/users\/2"}],"replies":[{"embeddable":true,"href":"https:\/\/2b-kind.org\/az\/wp-json\/wp\/v2\/comments?post=301"}],"version-history":[{"count":6,"href":"https:\/\/2b-kind.org\/az\/wp-json\/wp\/v2\/pages\/301\/revisions"}],"predecessor-version":[{"id":801,"href":"https:\/\/2b-kind.org\/az\/wp-json\/wp\/v2\/pages\/301\/revisions\/801"}],"up":[{"embeddable":true,"href":"https:\/\/2b-kind.org\/az\/wp-json\/wp\/v2\/pages\/149"}],"wp:featuredmedia":[{"embeddable":true,"href":"https:\/\/2b-kind.org\/az\/wp-json\/wp\/v2\/media\/302"}],"wp:attachment":[{"href":"https:\/\/2b-kind.org\/az\/wp-json\/wp\/v2\/media?parent=301"}],"curies":[{"name":"wp","href":"https:\/\/api.w.org\/{rel}","templated":true}]}}