{"id":296,"date":"2021-05-07T06:18:37","date_gmt":"2021-05-07T06:18:37","guid":{"rendered":"https:\/\/2b-kind.org\/?page_id=296"},"modified":"2025-12-31T00:16:16","modified_gmt":"2025-12-31T00:16:16","slug":"zaratcheybari-shamakhi","status":"publish","type":"page","link":"https:\/\/2b-kind.org\/az\/projects\/zaratcheybari-shamakhi\/","title":{"rendered":"\u015eamax\u0131 rayonu Zaratxeyb\u0259ri k\u0259ndin\u0259 m\u0259kt\u0259b l\u0259vazimatlar\u0131"},"content":{"rendered":"<p><img loading=\"lazy\" decoding=\"async\" class=\"alignnone size-full wp-image-297\" src=\"https:\/\/2b-kind.org\/wp-content\/uploads\/2022\/10\/image-2.jpg\" alt=\"\" width=\"1128\" height=\"495\" srcset=\"https:\/\/2b-kind.org\/wp-content\/uploads\/2022\/10\/image-2.jpg 1128w, https:\/\/2b-kind.org\/wp-content\/uploads\/2022\/10\/image-2-500x219.jpg 500w, https:\/\/2b-kind.org\/wp-content\/uploads\/2022\/10\/image-2-1024x449.jpg 1024w, https:\/\/2b-kind.org\/wp-content\/uploads\/2022\/10\/image-2-768x337.jpg 768w\" sizes=\"auto, (max-width: 1128px) 100vw, 1128px\" \/><\/p>\n<p>K\u00f6n\u00fcll\u00fcl\u0259rimiz 20 may 2021-ci ild\u0259 \u015eamax\u0131 rayonunun \u0259n ucqar k\u0259ndl\u0259rind\u0259n biri olan Zaratxeyb\u0259ri k\u0259ndinin \u00fcmumi orta m\u0259kt\u0259binin b\u0259zi imkans\u0131z \u015fagirdl\u0259ri \u00fc\u00e7\u00fcn t\u0259hsilin \u0259l\u00e7at\u0131ml\u0131l\u0131\u011f\u0131n\u0131 t\u0259min etm\u0259k m\u0259qs\u0259di il\u0259 onlara d\u0259rs v\u0259 geyim v\u0259saitl\u0259ri \u00e7atd\u0131r\u0131b. Bura m\u0259kt\u0259b \u00e7antalar\u0131, ayaqqab\u0131 v\u0259 dig\u0259r z\u0259ruri m\u0259kt\u0259b l\u0259vazimatlar\u0131 daxildir.&nbsp;<\/p>\n<p>Yard\u0131m olunan m\u0259kt\u0259blil\u0259r bundan sonra davaml\u0131 olaraq bizim himay\u0259miz alt\u0131nda olacaqlar. Bu o dem\u0259kdir ki, c\u0259miyy\u0259timiz onlar\u0131n b\u00f6y\u00fcy\u00fcb yax\u015f\u0131 t\u0259hsilli v\u0259 ya pe\u015f\u0259 sahibi olmalar\u0131 \u00fc\u00e7\u00fcn imkan daxilind\u0259 yax\u0131ndan i\u015ftirak ed\u0259c\u0259k.<\/p>\n<p>Biz, t\u0259hsil almaq ist\u0259y\u0259n, lakin buna uy\u011fun \u015f\u0259raiti olmayan u\u015faqlar\u0131n t\u0259hsil ala bilm\u0259k imkanlar\u0131n\u0131n az da bel\u0259 olsa yax\u015f\u0131la\u015fd\u0131r\u0131lmas\u0131ndan ilham alaraq bu kimi layih\u0259l\u0259r\u0259 davam ed\u0259c\u0259yik. \u018fg\u0259r siz d\u0259 bizim t\u0259hsilin inki\u015faf\u0131na v\u0259 d\u0259y\u0259rinin bilinm\u0259sin\u0259 hesablanm\u0131\u015f xeyriyy\u0259 i\u015fl\u0259rimizd\u0259 yax\u0131ndan i\u015ftirak etm\u0259k ist\u0259yirsinizs\u0259 ian\u0259 ed\u0259r\u0259k bu c\u00fcr proyektl\u0259rimiz\u0259 d\u0259st\u0259k ola bil\u0259rsiz.<\/p>\n<p>Yeni layih\u0259l\u0259rimizi h\u0259yata kechirdikc\u0259 Siz\u0259 \u0259trafl\u0131 m\u0259lumat t\u0259qdim ed\u0259c\u0259yik.<\/p>\n<p><img loading=\"lazy\" decoding=\"async\" class=\"alignnone size-full wp-image-298\" src=\"https:\/\/2b-kind.org\/wp-content\/uploads\/2022\/10\/image-3.jpg\" alt=\"\" width=\"1128\" height=\"495\" srcset=\"https:\/\/2b-kind.org\/wp-content\/uploads\/2022\/10\/image-3.jpg 1128w, https:\/\/2b-kind.org\/wp-content\/uploads\/2022\/10\/image-3-500x219.jpg 500w, https:\/\/2b-kind.org\/wp-content\/uploads\/2022\/10\/image-3-1024x449.jpg 1024w, https:\/\/2b-kind.org\/wp-content\/uploads\/2022\/10\/image-3-768x337.jpg 768w\" sizes=\"auto, (max-width: 1128px) 100vw, 1128px\" \/><\/p>","protected":false},"excerpt":{"rendered":"<p>K\u00f6n\u00fcll\u00fcl\u0259rimiz 20 may 2021-ci ild\u0259 \u015eamax\u0131 rayonunun \u0259n ucqar k\u0259ndl\u0259rind\u0259n biri olan Zaratxeyb\u0259ri k\u0259ndinin \u00fcmumi orta m\u0259kt\u0259binin b\u0259zi imkans\u0131z \u015fagirdl\u0259ri \u00fc\u00e7\u00fcn t\u0259hsilin \u0259l\u00e7at\u0131ml\u0131l\u0131\u011f\u0131n\u0131 t\u0259min etm\u0259k m\u0259qs\u0259di il\u0259 onlara d\u0259rs v\u0259 geyim v\u0259saitl\u0259ri \u00e7atd\u0131r\u0131b. Bura m\u0259kt\u0259b \u00e7antalar\u0131, ayaqqab\u0131 v\u0259 dig\u0259r z\u0259ruri m\u0259kt\u0259b l\u0259vazimatlar\u0131 daxildir.&nbsp; Yard\u0131m olunan m\u0259kt\u0259blil\u0259r bundan sonra davaml\u0131 olaraq bizim himay\u0259miz alt\u0131nda olacaqlar. Bu [&hellip;]<\/p>\n","protected":false},"author":2,"featured_media":297,"parent":149,"menu_order":14,"comment_status":"closed","ping_status":"closed","template":"page-project.php","meta":{"_acf_changed":false,"give_campaign_id":0,"inline_featured_image":false,"ngg_post_thumbnail":0,"footnotes":""},"class_list":["post-296","page","type-page","status-publish","has-post-thumbnail","hentry"],"acf":[],"yoast_head":"<!-- This site is optimized with the Yoast SEO plugin v27.5 - https:\/\/yoast.com\/product\/yoast-seo-wordpress\/ -->\n<title>\u015eamax\u0131 rayonu Zaratxeyb\u0259ri k\u0259ndin\u0259 m\u0259kt\u0259b l\u0259vazimatlar\u0131 - 2B Kind<\/title>\n<meta name=\"robots\" content=\"index, follow, max-snippet:-1, max-image-preview:large, max-video-preview:-1\" \/>\n<link rel=\"canonical\" href=\"https:\/\/2b-kind.org\/az\/projects\/zaratcheybari-shamakhi\/\" \/>\n<meta property=\"og:locale\" content=\"az_AZ\" \/>\n<meta property=\"og:type\" content=\"article\" \/>\n<meta property=\"og:title\" content=\"\u015eamax\u0131 rayonu Zaratxeyb\u0259ri k\u0259ndin\u0259 m\u0259kt\u0259b l\u0259vazimatlar\u0131 - 2B Kind\" \/>\n<meta property=\"og:description\" content=\"K\u00f6n\u00fcll\u00fcl\u0259rimiz 20 may 2021-ci ild\u0259 \u015eamax\u0131 rayonunun \u0259n ucqar k\u0259ndl\u0259rind\u0259n biri olan Zaratxeyb\u0259ri k\u0259ndinin \u00fcmumi orta m\u0259kt\u0259binin b\u0259zi imkans\u0131z \u015fagirdl\u0259ri \u00fc\u00e7\u00fcn t\u0259hsilin \u0259l\u00e7at\u0131ml\u0131l\u0131\u011f\u0131n\u0131 t\u0259min etm\u0259k m\u0259qs\u0259di il\u0259 onlara d\u0259rs v\u0259 geyim v\u0259saitl\u0259ri \u00e7atd\u0131r\u0131b. Bura m\u0259kt\u0259b \u00e7antalar\u0131, ayaqqab\u0131 v\u0259 dig\u0259r z\u0259ruri m\u0259kt\u0259b l\u0259vazimatlar\u0131 daxildir.&nbsp; Yard\u0131m olunan m\u0259kt\u0259blil\u0259r bundan sonra davaml\u0131 olaraq bizim himay\u0259miz alt\u0131nda olacaqlar. Bu [&hellip;]\" \/>\n<meta property=\"og:url\" content=\"https:\/\/2b-kind.org\/az\/projects\/zaratcheybari-shamakhi\/\" \/>\n<meta property=\"og:site_name\" content=\"2B Kind\" \/>\n<meta property=\"article:modified_time\" content=\"2025-12-31T00:16:16+00:00\" \/>\n<meta property=\"og:image\" content=\"https:\/\/2b-kind.org\/wp-content\/uploads\/2022\/10\/image-2.jpg\" \/>\n\t<meta property=\"og:image:width\" content=\"1128\" \/>\n\t<meta property=\"og:image:height\" content=\"495\" \/>\n\t<meta property=\"og:image:type\" content=\"image\/jpeg\" \/>\n<meta name=\"twitter:card\" content=\"summary_large_image\" \/>\n<meta name=\"twitter:label1\" content=\"Est. reading time\" \/>\n\t<meta name=\"twitter:data1\" content=\"2 minutes\" \/>\n<script type=\"application\/ld+json\" class=\"yoast-schema-graph\">{\"@context\":\"https:\\\/\\\/schema.org\",\"@graph\":[{\"@type\":\"WebPage\",\"@id\":\"https:\\\/\\\/2b-kind.org\\\/az\\\/projects\\\/zaratcheybari-shamakhi\\\/\",\"url\":\"https:\\\/\\\/2b-kind.org\\\/az\\\/projects\\\/zaratcheybari-shamakhi\\\/\",\"name\":\"\u015eamax\u0131 rayonu Zaratxeyb\u0259ri k\u0259ndin\u0259 m\u0259kt\u0259b l\u0259vazimatlar\u0131 - 2B Kind\",\"isPartOf\":{\"@id\":\"https:\\\/\\\/2b-kind.org\\\/az\\\/#website\"},\"primaryImageOfPage\":{\"@id\":\"https:\\\/\\\/2b-kind.org\\\/az\\\/projects\\\/zaratcheybari-shamakhi\\\/#primaryimage\"},\"image\":{\"@id\":\"https:\\\/\\\/2b-kind.org\\\/projects\\\/zaratcheybari-shamakhi\\\/#primaryimage\"},\"thumbnailUrl\":\"https:\\\/\\\/2b-kind.org\\\/wp-content\\\/uploads\\\/2022\\\/10\\\/image-2.jpg\",\"datePublished\":\"2021-05-07T06:18:37+00:00\",\"dateModified\":\"2025-12-31T00:16:16+00:00\",\"breadcrumb\":{\"@id\":\"https:\\\/\\\/2b-kind.org\\\/az\\\/projects\\\/zaratcheybari-shamakhi\\\/#breadcrumb\"},\"inLanguage\":\"az-AZ\",\"potentialAction\":[{\"@type\":\"ReadAction\",\"target\":[[\"https:\\\/\\\/2b-kind.org\\\/az\\\/projects\\\/zaratcheybari-shamakhi\\\/\"]]}]},{\"@type\":\"ImageObject\",\"inLanguage\":\"az-AZ\",\"@id\":\"https:\\\/\\\/2b-kind.org\\\/az\\\/projects\\\/zaratcheybari-shamakhi\\\/#primaryimage\",\"url\":\"https:\\\/\\\/2b-kind.org\\\/wp-content\\\/uploads\\\/2022\\\/10\\\/image-2.jpg\",\"contentUrl\":\"https:\\\/\\\/2b-kind.org\\\/wp-content\\\/uploads\\\/2022\\\/10\\\/image-2.jpg\",\"width\":1128,\"height\":495},{\"@type\":\"BreadcrumbList\",\"@id\":\"https:\\\/\\\/2b-kind.org\\\/az\\\/projects\\\/zaratcheybari-shamakhi\\\/#breadcrumb\",\"itemListElement\":[{\"@type\":\"ListItem\",\"position\":1,\"name\":\"Projects\",\"item\":\"https:\\\/\\\/2b-kind.org\\\/az\\\/projects\\\/\"},{\"@type\":\"ListItem\",\"position\":2,\"name\":\"School supplies for village Zaratcheybari in Shamakhi district\"}]},{\"@type\":\"WebSite\",\"@id\":\"https:\\\/\\\/2b-kind.org\\\/az\\\/#website\",\"url\":\"https:\\\/\\\/2b-kind.org\\\/az\\\/\",\"name\":\"2B Kind\",\"description\":\"\",\"publisher\":{\"@id\":\"https:\\\/\\\/2b-kind.org\\\/az\\\/#organization\"},\"potentialAction\":[{\"@type\":\"SearchAction\",\"target\":{\"@type\":\"EntryPoint\",\"urlTemplate\":\"https:\\\/\\\/2b-kind.org\\\/az\\\/?s={search_term_string}\"},\"query-input\":{\"@type\":\"PropertyValueSpecification\",\"valueRequired\":true,\"valueName\":\"search_term_string\"}}],\"inLanguage\":\"az-AZ\"},{\"@type\":\"Organization\",\"@id\":\"https:\\\/\\\/2b-kind.org\\\/az\\\/#organization\",\"name\":\"2B Kind\",\"url\":\"https:\\\/\\\/2b-kind.org\\\/az\\\/\",\"logo\":{\"@type\":\"ImageObject\",\"inLanguage\":\"az-AZ\",\"@id\":\"https:\\\/\\\/2b-kind.org\\\/az\\\/#\\\/schema\\\/logo\\\/image\\\/\",\"url\":\"https:\\\/\\\/2b-kind.org\\\/wp-content\\\/uploads\\\/2022\\\/10\\\/logo-v2.svg\",\"contentUrl\":\"https:\\\/\\\/2b-kind.org\\\/wp-content\\\/uploads\\\/2022\\\/10\\\/logo-v2.svg\",\"width\":80,\"height\":75,\"caption\":\"2B Kind\"},\"image\":{\"@id\":\"https:\\\/\\\/2b-kind.org\\\/az\\\/#\\\/schema\\\/logo\\\/image\\\/\"}}]}<\/script>\n<!-- \/ Yoast SEO plugin. -->","yoast_head_json":{"title":"\u015eamax\u0131 rayonu Zaratxeyb\u0259ri k\u0259ndin\u0259 m\u0259kt\u0259b l\u0259vazimatlar\u0131 - 2B Kind","robots":{"index":"index","follow":"follow","max-snippet":"max-snippet:-1","max-image-preview":"max-image-preview:large","max-video-preview":"max-video-preview:-1"},"canonical":"https:\/\/2b-kind.org\/az\/projects\/zaratcheybari-shamakhi\/","og_locale":"az_AZ","og_type":"article","og_title":"\u015eamax\u0131 rayonu Zaratxeyb\u0259ri k\u0259ndin\u0259 m\u0259kt\u0259b l\u0259vazimatlar\u0131 - 2B Kind","og_description":"K\u00f6n\u00fcll\u00fcl\u0259rimiz 20 may 2021-ci ild\u0259 \u015eamax\u0131 rayonunun \u0259n ucqar k\u0259ndl\u0259rind\u0259n biri olan Zaratxeyb\u0259ri k\u0259ndinin \u00fcmumi orta m\u0259kt\u0259binin b\u0259zi imkans\u0131z \u015fagirdl\u0259ri \u00fc\u00e7\u00fcn t\u0259hsilin \u0259l\u00e7at\u0131ml\u0131l\u0131\u011f\u0131n\u0131 t\u0259min etm\u0259k m\u0259qs\u0259di il\u0259 onlara d\u0259rs v\u0259 geyim v\u0259saitl\u0259ri \u00e7atd\u0131r\u0131b. Bura m\u0259kt\u0259b \u00e7antalar\u0131, ayaqqab\u0131 v\u0259 dig\u0259r z\u0259ruri m\u0259kt\u0259b l\u0259vazimatlar\u0131 daxildir.&nbsp; Yard\u0131m olunan m\u0259kt\u0259blil\u0259r bundan sonra davaml\u0131 olaraq bizim himay\u0259miz alt\u0131nda olacaqlar. Bu [&hellip;]","og_url":"https:\/\/2b-kind.org\/az\/projects\/zaratcheybari-shamakhi\/","og_site_name":"2B Kind","article_modified_time":"2025-12-31T00:16:16+00:00","og_image":[{"width":1128,"height":495,"url":"https:\/\/2b-kind.org\/wp-content\/uploads\/2022\/10\/image-2.jpg","type":"image\/jpeg"}],"twitter_card":"summary_large_image","twitter_misc":{"Est. reading time":"2 minutes"},"schema":{"@context":"https:\/\/schema.org","@graph":[{"@type":"WebPage","@id":"https:\/\/2b-kind.org\/az\/projects\/zaratcheybari-shamakhi\/","url":"https:\/\/2b-kind.org\/az\/projects\/zaratcheybari-shamakhi\/","name":"\u015eamax\u0131 rayonu Zaratxeyb\u0259ri k\u0259ndin\u0259 m\u0259kt\u0259b l\u0259vazimatlar\u0131 - 2B Kind","isPartOf":{"@id":"https:\/\/2b-kind.org\/az\/#website"},"primaryImageOfPage":{"@id":"https:\/\/2b-kind.org\/az\/projects\/zaratcheybari-shamakhi\/#primaryimage"},"image":{"@id":"https:\/\/2b-kind.org\/projects\/zaratcheybari-shamakhi\/#primaryimage"},"thumbnailUrl":"https:\/\/2b-kind.org\/wp-content\/uploads\/2022\/10\/image-2.jpg","datePublished":"2021-05-07T06:18:37+00:00","dateModified":"2025-12-31T00:16:16+00:00","breadcrumb":{"@id":"https:\/\/2b-kind.org\/az\/projects\/zaratcheybari-shamakhi\/#breadcrumb"},"inLanguage":"az-AZ","potentialAction":[{"@type":"ReadAction","target":[["https:\/\/2b-kind.org\/az\/projects\/zaratcheybari-shamakhi\/"]]}]},{"@type":"ImageObject","inLanguage":"az-AZ","@id":"https:\/\/2b-kind.org\/az\/projects\/zaratcheybari-shamakhi\/#primaryimage","url":"https:\/\/2b-kind.org\/wp-content\/uploads\/2022\/10\/image-2.jpg","contentUrl":"https:\/\/2b-kind.org\/wp-content\/uploads\/2022\/10\/image-2.jpg","width":1128,"height":495},{"@type":"BreadcrumbList","@id":"https:\/\/2b-kind.org\/az\/projects\/zaratcheybari-shamakhi\/#breadcrumb","itemListElement":[{"@type":"ListItem","position":1,"name":"Projects","item":"https:\/\/2b-kind.org\/az\/projects\/"},{"@type":"ListItem","position":2,"name":"School supplies for village Zaratcheybari in Shamakhi district"}]},{"@type":"WebSite","@id":"https:\/\/2b-kind.org\/az\/#website","url":"https:\/\/2b-kind.org\/az\/","name":"2B Kind","description":"","publisher":{"@id":"https:\/\/2b-kind.org\/az\/#organization"},"potentialAction":[{"@type":"SearchAction","target":{"@type":"EntryPoint","urlTemplate":"https:\/\/2b-kind.org\/az\/?s={search_term_string}"},"query-input":{"@type":"PropertyValueSpecification","valueRequired":true,"valueName":"search_term_string"}}],"inLanguage":"az-AZ"},{"@type":"Organization","@id":"https:\/\/2b-kind.org\/az\/#organization","name":"2B Kind","url":"https:\/\/2b-kind.org\/az\/","logo":{"@type":"ImageObject","inLanguage":"az-AZ","@id":"https:\/\/2b-kind.org\/az\/#\/schema\/logo\/image\/","url":"https:\/\/2b-kind.org\/wp-content\/uploads\/2022\/10\/logo-v2.svg","contentUrl":"https:\/\/2b-kind.org\/wp-content\/uploads\/2022\/10\/logo-v2.svg","width":80,"height":75,"caption":"2B Kind"},"image":{"@id":"https:\/\/2b-kind.org\/az\/#\/schema\/logo\/image\/"}}]}},"campaignId":"","_links":{"self":[{"href":"https:\/\/2b-kind.org\/az\/wp-json\/wp\/v2\/pages\/296","targetHints":{"allow":["GET"]}}],"collection":[{"href":"https:\/\/2b-kind.org\/az\/wp-json\/wp\/v2\/pages"}],"about":[{"href":"https:\/\/2b-kind.org\/az\/wp-json\/wp\/v2\/types\/page"}],"author":[{"embeddable":true,"href":"https:\/\/2b-kind.org\/az\/wp-json\/wp\/v2\/users\/2"}],"replies":[{"embeddable":true,"href":"https:\/\/2b-kind.org\/az\/wp-json\/wp\/v2\/comments?post=296"}],"version-history":[{"count":8,"href":"https:\/\/2b-kind.org\/az\/wp-json\/wp\/v2\/pages\/296\/revisions"}],"predecessor-version":[{"id":799,"href":"https:\/\/2b-kind.org\/az\/wp-json\/wp\/v2\/pages\/296\/revisions\/799"}],"up":[{"embeddable":true,"href":"https:\/\/2b-kind.org\/az\/wp-json\/wp\/v2\/pages\/149"}],"wp:featuredmedia":[{"embeddable":true,"href":"https:\/\/2b-kind.org\/az\/wp-json\/wp\/v2\/media\/297"}],"wp:attachment":[{"href":"https:\/\/2b-kind.org\/az\/wp-json\/wp\/v2\/media?parent=296"}],"curies":[{"name":"wp","href":"https:\/\/api.w.org\/{rel}","templated":true}]}}